{"id":5056,"date":"2025-02-11T17:13:56","date_gmt":"2025-02-11T16:13:56","guid":{"rendered":"https:\/\/www.gemeinde-untermarchtal.de\/?page_id=5056"},"modified":"2025-02-11T17:23:11","modified_gmt":"2025-02-11T16:23:11","slug":"narrenzunft-untermarchtal-feiert-33-jaehriges-jubilaeum","status":"publish","type":"page","link":"https:\/\/www.gemeinde-untermarchtal.de\/index.php\/narrenzunft-untermarchtal-feiert-33-jaehriges-jubilaeum\/","title":{"rendered":"Narrenzunft Untermarchtal feiert 33 -j\u00e4hriges Jubil\u00e4um"},"content":{"rendered":"\n<h2 class=\"wp-block-heading\">Mit Geburtstagsparty und Special-Event Versteigerung.<\/h2>\n\n\n\n<p>Untermarchtal. (hi) Heuer im Jahr 2025 ist es 33 Jahre her als das erste \u201eSchopfboale-Hoi\u201c durch das Dorf schallte. Die \u201eUntermarchtaler Schopboale-Zunft\u201c wurde 1992 offiziell gegr\u00fcndet und dies wird jetzt gefeiert. Hierzu ein \u201eHerzlicher Gl\u00fcckwunsch\u201c.&nbsp; Das eigentliche und urspr\u00fcngliche Gr\u00fcndungsdatum ist der 18. Januar 1983. Eine Gruppe junger M\u00e4nner mit Frieder Fischer, Joachim Heribert Fischer, Wolfgang Lindermeir, Charly Lock und Burkhard M\u00fcller sind als Gr\u00fcndungsmitglieder aufgezeichnet. Vermerkt ist hierbei auch die gleichzeitige Gr\u00fcndung 1983 der originellen \u201eVenezianer-Gruppe\u201c die seither allj\u00e4hrlich am Fasnet-Samstag-Umzug eine tragende, \u00f6rtliche Rolle beim Umzug spielt. Weitere \u00f6rtliche Gruppen wie die \u201eWassert\u00e4ler\u201c, die \u201eLiederkranz-Gruppe\u201c und einige Kleingruppen die ihr Programm speziell auf Tagesereignisse abzielten.<\/p>\n\n\n\n<p>Ab dem Jahre 1992 formierten sich die Narrenfreunde vor Ort um die Historie Altlacha-Hexa mit dem Hokam-Ma und den Narrenb\u00fcttel wurden die Schopfboale als Zunftanf\u00fchrer bestimmt. &nbsp;<\/p>\n\n\n\n<p>In all den 33 Jahren sind die Narren als Verein mit ihren Veranstaltungen im Ortsgeschehen eine feste und sehr belebende Gr\u00f6\u00dfe geworden. Durch ihr Wirken im \u201eFasnets-Brauchtum\u201c hat sich die Narrenzunft Untermarchtal e.V. 1992 in das kulturelle Ortsleben eingegliedert. Dies ist durch die Fasnetser\u00f6ffnung am 11.11. jeden Jahres und der Fasnetsausgrabung, mit der Zunftball-Veranstaltung am Glombigen Doschdig, den Sch\u00fclerbefreiungen im Kindergarten und Grundschule sowie besonders durch den traditionellen Fasnet-Samstag-Umzug durch den Ort manifestiert.<\/p>\n\n\n\n<p>Ausw\u00e4rts hat sich die Narrenzunft Untermarchtal bei vielen Beteiligungen an Fasnetsumz\u00fcgen einen Namen bewahrt. Die Narrenzunft organisiert j\u00e4hrlich den Sankt-Martinsumzug, veranstaltet ein Sommerfest, teils auch mit einem Stra\u00dfenflohmarkt. Selbstverst\u00e4ndlich ist die Teilnahme mit anderen Ortsvereinen am Christbaum-Aufstellen. Die Narrenzunft als eingetragener Verein pr\u00e4sentiert sich mit dem \u201eZunftmeister\u201c als Vorsitzender sowie den Untergruppen der Schopfboale, den Altlacha-Hexa mit ihrem Hoka-Ma - bemerkenswert; dieser f\u00fchrt sein \"Amt\" auch seit 33 Jahren aus! und nat\u00fcrlich die Narrenb\u00fcttel. Letztere sind so ziemlich einmalig in der Fasnet-Landschaft mit einer \u201eMotorkutsche\u201c unterwegs! &nbsp;<\/p>\n\n\n\n<p>Seit 1992 wird die Narrenzunft Untermarchtal von bis jetzt 4 Zunftmeistern gef\u00fchrt: Die Namen in der Reihenfolge ihrer Amtszeit: Charly Lock, Helmut Meyna, Thorsten Faad und aktuell Jens Rapp.<\/p>\n\n\n\n<p>Im jetzigen 33. Jubil\u00e4umsjahr mit den besonderen Events dabei und auch zuk\u00fcnftig, wird sich die Narrenzunft Untermarchtal diesem Fasnetsbrauchtum mit der besonderen \u201e\u00d6rtlichkeit\u201c mit dem schallenden Kennungsruf \u201eSchopfboale-Hoi\u201c wo immer sie auch auftritt, ihren \u201eFu\u00dfabdruck\u201c hinterlassen. <\/p>\n\n\n\n<p>Doch nicht vergessen ist die Untermarchtaler Fasnet, die sich in den 1950-iger bis 1970-iger Jahre mit der \u201eNarretei\u201c in verschiedenem Formen auf der Stra\u00dfe mit Musik und in den \u00f6rtlichen Gastst\u00e4tten abspielte. Zuerst waren die Kinder und Sch\u00fcler am Fasnetssamstag lustig und mit \u201eH\u00e4s\u201c unterwegs. Ihnen zuspielte das Fasnet-Ausschellen der jungen M\u00e4nner mit der Ortsb\u00fcttelschelle. Dieses \u201eAusschellen-Zeremoniell\u201c m\u00fcndete dann am Abend des Fasnetssamstag in den Sportlerball im Gasthaus \u201eLinde\u201c und sp\u00e4ter dann auch im Sportheim. Der Liederkranz veranstaltete in diesen Jahren ebenfalls den S\u00e4ngerball im Gasthaus \u201eHirsch\u201c und das mehrmals mit kurzen aber knackigen und unvergessenen Theater-Lustspielen. W\u00fcnschenswert f\u00fcr die Zukunft der Fasnet in Untermarchtal und allgemein w\u00e4re, dass die n\u00e4rrischen Aktivit\u00e4ten immer im n\u00e4rrischen Brauchtum-Rahmen einen unverf\u00e4lschten, kulturellen, lustigen und humorvollen Charakter bewahren.<\/p>\n\n\n\n<figure class=\"wp-block-image size-full\"><img loading=\"lazy\" decoding=\"async\" width=\"1380\" height=\"1040\" src=\"https:\/\/www.gemeinde-untermarchtal.de\/bilder\/narrenzunft-untermarchtal-01.jpg\" alt=\"\" class=\"wp-image-5061\" srcset=\"https:\/\/www.gemeinde-untermarchtal.de\/bilder\/narrenzunft-untermarchtal-01.jpg 1380w, https:\/\/www.gemeinde-untermarchtal.de\/bilder\/narrenzunft-untermarchtal-01-768x579.jpg 768w\" sizes=\"auto, (max-width: 1380px) 100vw, 1380px\" \/><figcaption class=\"wp-element-caption\">Narrenzunft Untermarchtal<\/figcaption><\/figure>\n\n\n\n<figure class=\"wp-block-image size-full\"><img loading=\"lazy\" decoding=\"async\" width=\"1380\" height=\"1040\" src=\"https:\/\/www.gemeinde-untermarchtal.de\/bilder\/narrenzunft-untermarchtal-02.jpg\" alt=\"\" class=\"wp-image-5062\" srcset=\"https:\/\/www.gemeinde-untermarchtal.de\/bilder\/narrenzunft-untermarchtal-02.jpg 1380w, https:\/\/www.gemeinde-untermarchtal.de\/bilder\/narrenzunft-untermarchtal-02-768x579.jpg 768w\" sizes=\"auto, (max-width: 1380px) 100vw, 1380px\" \/><figcaption class=\"wp-element-caption\">Narrenzunft Untermarchtal<\/figcaption><\/figure>\n\n\n\n<p><\/p>\n","protected":false},"excerpt":{"rendered":"<p>Mit Geburtstagsparty und Special-Event Versteigerung. Untermarchtal. (hi) Heuer im Jahr 2025 ist es 33 Jahre her als das erste \u201eSchopfboale-Hoi\u201c durch das Dorf schallte. Die \u201eUntermarchtaler Schopboale-Zunft\u201c wurde 1992 offiziell gegr\u00fcndet und dies wird jetzt gefeiert. Hierzu ein \u201eHerzlicher Gl\u00fcckwunsch\u201c.&nbsp; Das eigentliche und urspr\u00fcngliche Gr\u00fcndungsdatum ist der 18. Januar 1983. Eine Gruppe junger M\u00e4nner mit [&hellip;]<\/p>\n","protected":false},"author":1,"featured_media":0,"parent":0,"menu_order":0,"comment_status":"closed","ping_status":"closed","template":"page-templates\/_template_historische_beitraege.php","meta":{"_acf_changed":false,"footnotes":""},"class_list":["post-5056","page","type-page","status-publish","hentry"],"acf":[],"yoast_head":"<!-- This site is optimized with the Yoast SEO plugin v26.7 - https:\/\/yoast.com\/wordpress\/plugins\/seo\/ -->\n<title>Narrenzunft Untermarchtal feiert 33 -j\u00e4hriges Jubil\u00e4um - Gemeinde Untermarchtal<\/title>\n<meta name=\"robots\" content=\"index, follow, max-snippet:-1, max-image-preview:large, max-video-preview:-1\" \/>\n<link rel=\"canonical\" href=\"https:\/\/www.gemeinde-untermarchtal.de\/index.php\/narrenzunft-untermarchtal-feiert-33-jaehriges-jubilaeum\/\" \/>\n<meta property=\"og:locale\" content=\"de_DE\" \/>\n<meta property=\"og:type\" content=\"article\" \/>\n<meta property=\"og:title\" content=\"Narrenzunft Untermarchtal feiert 33 -j\u00e4hriges Jubil\u00e4um - Gemeinde Untermarchtal\" \/>\n<meta property=\"og:description\" content=\"Mit Geburtstagsparty und Special-Event Versteigerung. Untermarchtal. (hi) Heuer im Jahr 2025 ist es 33 Jahre her als das erste \u201eSchopfboale-Hoi\u201c durch das Dorf schallte. Die \u201eUntermarchtaler Schopboale-Zunft\u201c wurde 1992 offiziell gegr\u00fcndet und dies wird jetzt gefeiert. Hierzu ein \u201eHerzlicher Gl\u00fcckwunsch\u201c.&nbsp; Das eigentliche und urspr\u00fcngliche Gr\u00fcndungsdatum ist der 18. Januar 1983. Eine Gruppe junger M\u00e4nner mit [&hellip;]\" \/>\n<meta property=\"og:url\" content=\"https:\/\/www.gemeinde-untermarchtal.de\/index.php\/narrenzunft-untermarchtal-feiert-33-jaehriges-jubilaeum\/\" \/>\n<meta property=\"og:site_name\" content=\"Gemeinde Untermarchtal\" \/>\n<meta property=\"article:modified_time\" content=\"2025-02-11T16:23:11+00:00\" \/>\n<meta property=\"og:image\" content=\"https:\/\/www.gemeinde-untermarchtal.de\/bilder\/narrenzunft-untermarchtal-01.jpg\" \/>\n<meta name=\"twitter:card\" content=\"summary_large_image\" \/>\n<meta name=\"twitter:label1\" content=\"Gesch\u00e4tzte Lesezeit\" \/>\n\t<meta name=\"twitter:data1\" content=\"4\u00a0Minuten\" \/>\n<script type=\"application\/ld+json\" class=\"yoast-schema-graph\">{\"@context\":\"https:\/\/schema.org\",\"@graph\":[{\"@type\":\"WebPage\",\"@id\":\"https:\/\/www.gemeinde-untermarchtal.de\/index.php\/narrenzunft-untermarchtal-feiert-33-jaehriges-jubilaeum\/\",\"url\":\"https:\/\/www.gemeinde-untermarchtal.de\/index.php\/narrenzunft-untermarchtal-feiert-33-jaehriges-jubilaeum\/\",\"name\":\"Narrenzunft Untermarchtal feiert 33 -j\u00e4hriges Jubil\u00e4um - Gemeinde Untermarchtal\",\"isPartOf\":{\"@id\":\"https:\/\/www.gemeinde-untermarchtal.de\/#website\"},\"primaryImageOfPage\":{\"@id\":\"https:\/\/www.gemeinde-untermarchtal.de\/index.php\/narrenzunft-untermarchtal-feiert-33-jaehriges-jubilaeum\/#primaryimage\"},\"image\":{\"@id\":\"https:\/\/www.gemeinde-untermarchtal.de\/index.php\/narrenzunft-untermarchtal-feiert-33-jaehriges-jubilaeum\/#primaryimage\"},\"thumbnailUrl\":\"https:\/\/www.gemeinde-untermarchtal.de\/bilder\/narrenzunft-untermarchtal-01.jpg\",\"datePublished\":\"2025-02-11T16:13:56+00:00\",\"dateModified\":\"2025-02-11T16:23:11+00:00\",\"breadcrumb\":{\"@id\":\"https:\/\/www.gemeinde-untermarchtal.de\/index.php\/narrenzunft-untermarchtal-feiert-33-jaehriges-jubilaeum\/#breadcrumb\"},\"inLanguage\":\"de\",\"potentialAction\":[{\"@type\":\"ReadAction\",\"target\":[\"https:\/\/www.gemeinde-untermarchtal.de\/index.php\/narrenzunft-untermarchtal-feiert-33-jaehriges-jubilaeum\/\"]}]},{\"@type\":\"ImageObject\",\"inLanguage\":\"de\",\"@id\":\"https:\/\/www.gemeinde-untermarchtal.de\/index.php\/narrenzunft-untermarchtal-feiert-33-jaehriges-jubilaeum\/#primaryimage\",\"url\":\"https:\/\/www.gemeinde-untermarchtal.de\/bilder\/narrenzunft-untermarchtal-01.jpg\",\"contentUrl\":\"https:\/\/www.gemeinde-untermarchtal.de\/bilder\/narrenzunft-untermarchtal-01.jpg\",\"width\":1380,\"height\":1040},{\"@type\":\"BreadcrumbList\",\"@id\":\"https:\/\/www.gemeinde-untermarchtal.de\/index.php\/narrenzunft-untermarchtal-feiert-33-jaehriges-jubilaeum\/#breadcrumb\",\"itemListElement\":[{\"@type\":\"ListItem\",\"position\":1,\"name\":\"Startseite\",\"item\":\"https:\/\/www.gemeinde-untermarchtal.de\/\"},{\"@type\":\"ListItem\",\"position\":2,\"name\":\"Narrenzunft Untermarchtal feiert 33 -j\u00e4hriges Jubil\u00e4um\"}]},{\"@type\":\"WebSite\",\"@id\":\"https:\/\/www.gemeinde-untermarchtal.de\/#website\",\"url\":\"https:\/\/www.gemeinde-untermarchtal.de\/\",\"name\":\"Gemeinde Untermarchtal\",\"description\":\"Gemeinde Untermarchtal\",\"potentialAction\":[{\"@type\":\"SearchAction\",\"target\":{\"@type\":\"EntryPoint\",\"urlTemplate\":\"https:\/\/www.gemeinde-untermarchtal.de\/?s={search_term_string}\"},\"query-input\":{\"@type\":\"PropertyValueSpecification\",\"valueRequired\":true,\"valueName\":\"search_term_string\"}}],\"inLanguage\":\"de\"}]}<\/script>\n<!-- \/ Yoast SEO plugin. -->","yoast_head_json":{"title":"Narrenzunft Untermarchtal feiert 33 -j\u00e4hriges Jubil\u00e4um - Gemeinde Untermarchtal","robots":{"index":"index","follow":"follow","max-snippet":"max-snippet:-1","max-image-preview":"max-image-preview:large","max-video-preview":"max-video-preview:-1"},"canonical":"https:\/\/www.gemeinde-untermarchtal.de\/index.php\/narrenzunft-untermarchtal-feiert-33-jaehriges-jubilaeum\/","og_locale":"de_DE","og_type":"article","og_title":"Narrenzunft Untermarchtal feiert 33 -j\u00e4hriges Jubil\u00e4um - Gemeinde Untermarchtal","og_description":"Mit Geburtstagsparty und Special-Event Versteigerung. Untermarchtal. (hi) Heuer im Jahr 2025 ist es 33 Jahre her als das erste \u201eSchopfboale-Hoi\u201c durch das Dorf schallte. Die \u201eUntermarchtaler Schopboale-Zunft\u201c wurde 1992 offiziell gegr\u00fcndet und dies wird jetzt gefeiert. Hierzu ein \u201eHerzlicher Gl\u00fcckwunsch\u201c.&nbsp; Das eigentliche und urspr\u00fcngliche Gr\u00fcndungsdatum ist der 18. Januar 1983. Eine Gruppe junger M\u00e4nner mit [&hellip;]","og_url":"https:\/\/www.gemeinde-untermarchtal.de\/index.php\/narrenzunft-untermarchtal-feiert-33-jaehriges-jubilaeum\/","og_site_name":"Gemeinde Untermarchtal","article_modified_time":"2025-02-11T16:23:11+00:00","og_image":[{"url":"https:\/\/www.gemeinde-untermarchtal.de\/bilder\/narrenzunft-untermarchtal-01.jpg","type":"","width":"","height":""}],"twitter_card":"summary_large_image","twitter_misc":{"Gesch\u00e4tzte Lesezeit":"4\u00a0Minuten"},"schema":{"@context":"https:\/\/schema.org","@graph":[{"@type":"WebPage","@id":"https:\/\/www.gemeinde-untermarchtal.de\/index.php\/narrenzunft-untermarchtal-feiert-33-jaehriges-jubilaeum\/","url":"https:\/\/www.gemeinde-untermarchtal.de\/index.php\/narrenzunft-untermarchtal-feiert-33-jaehriges-jubilaeum\/","name":"Narrenzunft Untermarchtal feiert 33 -j\u00e4hriges Jubil\u00e4um - Gemeinde Untermarchtal","isPartOf":{"@id":"https:\/\/www.gemeinde-untermarchtal.de\/#website"},"primaryImageOfPage":{"@id":"https:\/\/www.gemeinde-untermarchtal.de\/index.php\/narrenzunft-untermarchtal-feiert-33-jaehriges-jubilaeum\/#primaryimage"},"image":{"@id":"https:\/\/www.gemeinde-untermarchtal.de\/index.php\/narrenzunft-untermarchtal-feiert-33-jaehriges-jubilaeum\/#primaryimage"},"thumbnailUrl":"https:\/\/www.gemeinde-untermarchtal.de\/bilder\/narrenzunft-untermarchtal-01.jpg","datePublished":"2025-02-11T16:13:56+00:00","dateModified":"2025-02-11T16:23:11+00:00","breadcrumb":{"@id":"https:\/\/www.gemeinde-untermarchtal.de\/index.php\/narrenzunft-untermarchtal-feiert-33-jaehriges-jubilaeum\/#breadcrumb"},"inLanguage":"de","potentialAction":[{"@type":"ReadAction","target":["https:\/\/www.gemeinde-untermarchtal.de\/index.php\/narrenzunft-untermarchtal-feiert-33-jaehriges-jubilaeum\/"]}]},{"@type":"ImageObject","inLanguage":"de","@id":"https:\/\/www.gemeinde-untermarchtal.de\/index.php\/narrenzunft-untermarchtal-feiert-33-jaehriges-jubilaeum\/#primaryimage","url":"https:\/\/www.gemeinde-untermarchtal.de\/bilder\/narrenzunft-untermarchtal-01.jpg","contentUrl":"https:\/\/www.gemeinde-untermarchtal.de\/bilder\/narrenzunft-untermarchtal-01.jpg","width":1380,"height":1040},{"@type":"BreadcrumbList","@id":"https:\/\/www.gemeinde-untermarchtal.de\/index.php\/narrenzunft-untermarchtal-feiert-33-jaehriges-jubilaeum\/#breadcrumb","itemListElement":[{"@type":"ListItem","position":1,"name":"Startseite","item":"https:\/\/www.gemeinde-untermarchtal.de\/"},{"@type":"ListItem","position":2,"name":"Narrenzunft Untermarchtal feiert 33 -j\u00e4hriges Jubil\u00e4um"}]},{"@type":"WebSite","@id":"https:\/\/www.gemeinde-untermarchtal.de\/#website","url":"https:\/\/www.gemeinde-untermarchtal.de\/","name":"Gemeinde Untermarchtal","description":"Gemeinde Untermarchtal","potentialAction":[{"@type":"SearchAction","target":{"@type":"EntryPoint","urlTemplate":"https:\/\/www.gemeinde-untermarchtal.de\/?s={search_term_string}"},"query-input":{"@type":"PropertyValueSpecification","valueRequired":true,"valueName":"search_term_string"}}],"inLanguage":"de"}]}},"_links":{"self":[{"href":"https:\/\/www.gemeinde-untermarchtal.de\/index.php\/wp-json\/wp\/v2\/pages\/5056","targetHints":{"allow":["GET"]}}],"collection":[{"href":"https:\/\/www.gemeinde-untermarchtal.de\/index.php\/wp-json\/wp\/v2\/pages"}],"about":[{"href":"https:\/\/www.gemeinde-untermarchtal.de\/index.php\/wp-json\/wp\/v2\/types\/page"}],"author":[{"embeddable":true,"href":"https:\/\/www.gemeinde-untermarchtal.de\/index.php\/wp-json\/wp\/v2\/users\/1"}],"replies":[{"embeddable":true,"href":"https:\/\/www.gemeinde-untermarchtal.de\/index.php\/wp-json\/wp\/v2\/comments?post=5056"}],"version-history":[{"count":8,"href":"https:\/\/www.gemeinde-untermarchtal.de\/index.php\/wp-json\/wp\/v2\/pages\/5056\/revisions"}],"predecessor-version":[{"id":5067,"href":"https:\/\/www.gemeinde-untermarchtal.de\/index.php\/wp-json\/wp\/v2\/pages\/5056\/revisions\/5067"}],"wp:attachment":[{"href":"https:\/\/www.gemeinde-untermarchtal.de\/index.php\/wp-json\/wp\/v2\/media?parent=5056"}],"curies":[{"name":"wp","href":"https:\/\/api.w.org\/{rel}","templated":true}]}}