{"id":5205,"date":"2025-06-02T10:16:11","date_gmt":"2025-06-02T08:16:11","guid":{"rendered":"https:\/\/www.gemeinde-untermarchtal.de\/?page_id=5205"},"modified":"2025-06-02T10:22:52","modified_gmt":"2025-06-02T08:22:52","slug":"kleinkunstwerke-lourdesgrotte-untermarchtal-und-gefangener-heiland","status":"publish","type":"page","link":"https:\/\/www.gemeinde-untermarchtal.de\/index.php\/kleinkunstwerke-lourdesgrotte-untermarchtal-und-gefangener-heiland\/","title":{"rendered":"Kleinkunstwerke \u201eLourdesgrotte Untermarchtal\u201c und \u201eGefangener Heiland\u201c"},"content":{"rendered":"\n<p>Untermarchtal. (hi) In letzter Zeit und besonders im Marienmonat Mai 2025 h\u00e4uften sich aus der Bev\u00f6lkerung die Anfragen \u00fcber den Bestand und besonders die historische Herkunft der beiden Untermarchtaler Kleinkunstwerke der \u201eLourdesgrotte Untermarchtal\u201c und in dessen unmittelbarer N\u00e4he bestehenden Kleinkunstwerk des \u201eGefangenen Heiland\u201c. Beide Kunstwerke sind im kl\u00f6sterlichen Waldbezirk \u201eWenge\u201c zu finden und sind beides lauschige, ruhige Oasen, wie geschaffen f\u00fcr Kunst- und Naturliebhaber an der Donau.<\/p>\n\n\n\n<p>Aus der Chronik des Klosters Untermarchtal als Besitzer dieser Kleinkunst haben wir von Schwester Maria Karin Weber, Generalvikarin und Provinzvikarin der Untermarchtaler Ordensschwestern vom Heiligen Vinzenz von Paul, nun nachstehende umfassende Auskunft erhalten und bedanken uns daf\u00fcr sehr. Die Lourdesgrotte Untermarchtal war um die Jahrhundertwende 1900 Abstellort unter einer \u00fcberdachten Jurafelsh\u00f6hle, f\u00fcr den Gemeinde-Schneebahnschlitten.<\/p>\n\n\n\n<p>Da dann das Kloster Untermarchtal Besitzer dieses dortigen, herrlichen, ehemals Waldbesitz der Freiherren von Speth und der Felsgrotte wurde, besannen sich K\u00fcnstler und Lehrer V\u00f6gele am 29. April 1908 bei einer Besprechung und Besichtigung dieser\u00a0wunderbaren Naturlandschaft mit der dortigen Felsgrotte vor Ort. Der Vorschlag von V\u00f6gele lautet so: Sein besonderes Geschick bestand darin, dort in der Felsh\u00f6hle entsprechende \u201ek\u00fcnstliche Tropfsteine\u201c zu formen und diese an der ziemlich flachen Felsdecke als Tropfsteingebilde zu installieren. Offenbar konnte er die Schwestern von seiner \u201eGrottenkunst\u201c \u00fcberzeugen und verwies auch auf seine bereits anderswo geschaffene Grottenkunst. Zum Schluss des Maimonat 1908 am 30. Mai fand abends schon eine Prozession mit Lampions zur Lourdesgrotte statt. Dann ist am 20. August 1908 folgendes zu lesen: Heute Morgen wird die Muttergottesstatue in die Lourdesgrotte gebracht und aufgestellt. Sie ist aus der Mayerschen Kunstanstalt in M\u00fcnchen und von unseren Schwestern gefasst worden. Die Augen der Statue wollen nicht ganz befriedigen, hei\u00dft es in der Chronik. Am Fest Maria Geburt, dem 8. September 1908, fand dann die feierliche Einweihung der Statue und der Grotte statt. Am Mittag dieses Tages bewegte sich eine Prozession von Schwestern, Z\u00f6glingen, Postulanten, Guthirtenm\u00e4dchen, die Exerzitantinnen und die Ortspfarrei zur Grotte.<\/p>\n\n\n\n<p>Die Weihe wurde von H.H. Pfarrer und Beichtvater Rehm vorgenommen. Pater Paul Sondergeld predigte \u00fcber das Save Regina, den Gru\u00df an die Gottesmutter Maria, nach Form und Inhalt die sch\u00f6nste Muttergottespredigt, die bis dahin hier geh\u00f6rt wurde. Zugegen an der Weihe waren Patres aus Gorheim und Pater Prior Reile von W\u00f6rishofen. Der Chor singt das bekannte Ave-Maria. Abends noch Lichterprozession bei elektrischer Beleuchtung der Grotte zum Kleinkunstwerk des \u201eGefangenen Heiland\u201c unweit der Lourdesgrotte\u00a0steht folgender Chronikvermerk: gefangener Heiland.<\/p>\n\n\n\n<p>Wieder am Feste Maria Geburt, ein Jahr vor der Lourdesgrottenweihe am 8. September 1907 bewegte sich eine Prozession nach Maria Hilf, dort ein Offizium, also ein Gebet. Dann zur\u00fcck \u00fcber den \u201eKerker\u201c, wie damals der Ort beim \u201eGefangenen Heiland\u201c hie\u00df. Im Laufe jenes Jahres wurde diese kleine Kapelle mit der lebensgro\u00dfen Figur Christi, der lieber Herr, gefesselt und blut\u00fcberstr\u00f6mt, errichtet und bei mehreren Prozessionen besucht. Der Weg dorthin ist ein herzerfrischender Gebetsgang durch Wald und Wiesen. Diese beiden Untermarchtaler Kleinkunstwerke f\u00fcgen sich harmonisch in die Reihe der oberschw\u00e4bischen Lourdesgrotten und Kleinkunstwerke ein.<\/p>\n\n\n\n<figure class=\"wp-block-image size-full\"><img loading=\"lazy\" decoding=\"async\" width=\"1300\" height=\"975\" src=\"https:\/\/www.gemeinde-untermarchtal.de\/bilder\/Gefangener-Heiland-Grotte-Untermarchtal.jpg\" alt=\"\" class=\"wp-image-5209\" srcset=\"https:\/\/www.gemeinde-untermarchtal.de\/bilder\/Gefangener-Heiland-Grotte-Untermarchtal.jpg 1300w, https:\/\/www.gemeinde-untermarchtal.de\/bilder\/Gefangener-Heiland-Grotte-Untermarchtal-768x576.jpg 768w\" sizes=\"auto, (max-width: 1300px) 100vw, 1300px\" \/><figcaption class=\"wp-element-caption\">Gefangener Heiland bei der Lourdesgrotte, Gemeinde Untermarchtal.<\/figcaption><\/figure>\n\n\n\n<figure class=\"wp-block-image size-full\"><img loading=\"lazy\" decoding=\"async\" width=\"1300\" height=\"975\" src=\"https:\/\/www.gemeinde-untermarchtal.de\/bilder\/Grotte-Gemeinde-Untermarchtal.jpg\" alt=\"\" class=\"wp-image-5211\" srcset=\"https:\/\/www.gemeinde-untermarchtal.de\/bilder\/Grotte-Gemeinde-Untermarchtal.jpg 1300w, https:\/\/www.gemeinde-untermarchtal.de\/bilder\/Grotte-Gemeinde-Untermarchtal-768x576.jpg 768w\" sizes=\"auto, (max-width: 1300px) 100vw, 1300px\" \/><figcaption class=\"wp-element-caption\">Lourdesgrotte, Gemeinde Untermarchtal.<\/figcaption><\/figure>\n","protected":false},"excerpt":{"rendered":"<p>Untermarchtal. (hi) In letzter Zeit und besonders im Marienmonat Mai 2025 h\u00e4uften sich aus der Bev\u00f6lkerung die Anfragen \u00fcber den Bestand und besonders die historische Herkunft der beiden Untermarchtaler Kleinkunstwerke der \u201eLourdesgrotte Untermarchtal\u201c und in dessen unmittelbarer N\u00e4he bestehenden Kleinkunstwerk des \u201eGefangenen Heiland\u201c. Beide Kunstwerke sind im kl\u00f6sterlichen Waldbezirk \u201eWenge\u201c zu finden und sind beides [&hellip;]<\/p>\n","protected":false},"author":1,"featured_media":0,"parent":0,"menu_order":0,"comment_status":"closed","ping_status":"closed","template":"page-templates\/_template_historische_beitraege.php","meta":{"_acf_changed":false,"footnotes":""},"class_list":["post-5205","page","type-page","status-publish","hentry"],"acf":[],"yoast_head":"<!-- This site is optimized with the Yoast SEO plugin v26.7 - https:\/\/yoast.com\/wordpress\/plugins\/seo\/ -->\n<title>Kleinkunstwerke \u201eLourdesgrotte Untermarchtal\u201c und \u201eGefangener Heiland\u201c - Gemeinde Untermarchtal<\/title>\n<meta name=\"robots\" content=\"index, follow, max-snippet:-1, max-image-preview:large, max-video-preview:-1\" \/>\n<link rel=\"canonical\" href=\"https:\/\/www.gemeinde-untermarchtal.de\/index.php\/kleinkunstwerke-lourdesgrotte-untermarchtal-und-gefangener-heiland\/\" \/>\n<meta property=\"og:locale\" content=\"de_DE\" \/>\n<meta property=\"og:type\" content=\"article\" \/>\n<meta property=\"og:title\" content=\"Kleinkunstwerke \u201eLourdesgrotte Untermarchtal\u201c und \u201eGefangener Heiland\u201c - Gemeinde Untermarchtal\" \/>\n<meta property=\"og:description\" content=\"Untermarchtal. (hi) In letzter Zeit und besonders im Marienmonat Mai 2025 h\u00e4uften sich aus der Bev\u00f6lkerung die Anfragen \u00fcber den Bestand und besonders die historische Herkunft der beiden Untermarchtaler Kleinkunstwerke der \u201eLourdesgrotte Untermarchtal\u201c und in dessen unmittelbarer N\u00e4he bestehenden Kleinkunstwerk des \u201eGefangenen Heiland\u201c. Beide Kunstwerke sind im kl\u00f6sterlichen Waldbezirk \u201eWenge\u201c zu finden und sind beides [&hellip;]\" \/>\n<meta property=\"og:url\" content=\"https:\/\/www.gemeinde-untermarchtal.de\/index.php\/kleinkunstwerke-lourdesgrotte-untermarchtal-und-gefangener-heiland\/\" \/>\n<meta property=\"og:site_name\" content=\"Gemeinde Untermarchtal\" \/>\n<meta property=\"article:modified_time\" content=\"2025-06-02T08:22:52+00:00\" \/>\n<meta property=\"og:image\" content=\"https:\/\/www.gemeinde-untermarchtal.de\/bilder\/Gefangener-Heiland-Grotte-Untermarchtal.jpg\" \/>\n<meta name=\"twitter:card\" content=\"summary_large_image\" \/>\n<meta name=\"twitter:label1\" content=\"Gesch\u00e4tzte Lesezeit\" \/>\n\t<meta name=\"twitter:data1\" content=\"4\u00a0Minuten\" \/>\n<script type=\"application\/ld+json\" class=\"yoast-schema-graph\">{\"@context\":\"https:\/\/schema.org\",\"@graph\":[{\"@type\":\"WebPage\",\"@id\":\"https:\/\/www.gemeinde-untermarchtal.de\/index.php\/kleinkunstwerke-lourdesgrotte-untermarchtal-und-gefangener-heiland\/\",\"url\":\"https:\/\/www.gemeinde-untermarchtal.de\/index.php\/kleinkunstwerke-lourdesgrotte-untermarchtal-und-gefangener-heiland\/\",\"name\":\"Kleinkunstwerke \u201eLourdesgrotte Untermarchtal\u201c und \u201eGefangener Heiland\u201c - Gemeinde Untermarchtal\",\"isPartOf\":{\"@id\":\"https:\/\/www.gemeinde-untermarchtal.de\/#website\"},\"primaryImageOfPage\":{\"@id\":\"https:\/\/www.gemeinde-untermarchtal.de\/index.php\/kleinkunstwerke-lourdesgrotte-untermarchtal-und-gefangener-heiland\/#primaryimage\"},\"image\":{\"@id\":\"https:\/\/www.gemeinde-untermarchtal.de\/index.php\/kleinkunstwerke-lourdesgrotte-untermarchtal-und-gefangener-heiland\/#primaryimage\"},\"thumbnailUrl\":\"https:\/\/www.gemeinde-untermarchtal.de\/bilder\/Gefangener-Heiland-Grotte-Untermarchtal.jpg\",\"datePublished\":\"2025-06-02T08:16:11+00:00\",\"dateModified\":\"2025-06-02T08:22:52+00:00\",\"breadcrumb\":{\"@id\":\"https:\/\/www.gemeinde-untermarchtal.de\/index.php\/kleinkunstwerke-lourdesgrotte-untermarchtal-und-gefangener-heiland\/#breadcrumb\"},\"inLanguage\":\"de\",\"potentialAction\":[{\"@type\":\"ReadAction\",\"target\":[\"https:\/\/www.gemeinde-untermarchtal.de\/index.php\/kleinkunstwerke-lourdesgrotte-untermarchtal-und-gefangener-heiland\/\"]}]},{\"@type\":\"ImageObject\",\"inLanguage\":\"de\",\"@id\":\"https:\/\/www.gemeinde-untermarchtal.de\/index.php\/kleinkunstwerke-lourdesgrotte-untermarchtal-und-gefangener-heiland\/#primaryimage\",\"url\":\"https:\/\/www.gemeinde-untermarchtal.de\/bilder\/Gefangener-Heiland-Grotte-Untermarchtal.jpg\",\"contentUrl\":\"https:\/\/www.gemeinde-untermarchtal.de\/bilder\/Gefangener-Heiland-Grotte-Untermarchtal.jpg\",\"width\":1300,\"height\":975},{\"@type\":\"BreadcrumbList\",\"@id\":\"https:\/\/www.gemeinde-untermarchtal.de\/index.php\/kleinkunstwerke-lourdesgrotte-untermarchtal-und-gefangener-heiland\/#breadcrumb\",\"itemListElement\":[{\"@type\":\"ListItem\",\"position\":1,\"name\":\"Startseite\",\"item\":\"https:\/\/www.gemeinde-untermarchtal.de\/\"},{\"@type\":\"ListItem\",\"position\":2,\"name\":\"Kleinkunstwerke \u201eLourdesgrotte Untermarchtal\u201c und \u201eGefangener Heiland\u201c\"}]},{\"@type\":\"WebSite\",\"@id\":\"https:\/\/www.gemeinde-untermarchtal.de\/#website\",\"url\":\"https:\/\/www.gemeinde-untermarchtal.de\/\",\"name\":\"Gemeinde Untermarchtal\",\"description\":\"Gemeinde Untermarchtal\",\"potentialAction\":[{\"@type\":\"SearchAction\",\"target\":{\"@type\":\"EntryPoint\",\"urlTemplate\":\"https:\/\/www.gemeinde-untermarchtal.de\/?s={search_term_string}\"},\"query-input\":{\"@type\":\"PropertyValueSpecification\",\"valueRequired\":true,\"valueName\":\"search_term_string\"}}],\"inLanguage\":\"de\"}]}<\/script>\n<!-- \/ Yoast SEO plugin. -->","yoast_head_json":{"title":"Kleinkunstwerke \u201eLourdesgrotte Untermarchtal\u201c und \u201eGefangener Heiland\u201c - Gemeinde Untermarchtal","robots":{"index":"index","follow":"follow","max-snippet":"max-snippet:-1","max-image-preview":"max-image-preview:large","max-video-preview":"max-video-preview:-1"},"canonical":"https:\/\/www.gemeinde-untermarchtal.de\/index.php\/kleinkunstwerke-lourdesgrotte-untermarchtal-und-gefangener-heiland\/","og_locale":"de_DE","og_type":"article","og_title":"Kleinkunstwerke \u201eLourdesgrotte Untermarchtal\u201c und \u201eGefangener Heiland\u201c - Gemeinde Untermarchtal","og_description":"Untermarchtal. (hi) In letzter Zeit und besonders im Marienmonat Mai 2025 h\u00e4uften sich aus der Bev\u00f6lkerung die Anfragen \u00fcber den Bestand und besonders die historische Herkunft der beiden Untermarchtaler Kleinkunstwerke der \u201eLourdesgrotte Untermarchtal\u201c und in dessen unmittelbarer N\u00e4he bestehenden Kleinkunstwerk des \u201eGefangenen Heiland\u201c. Beide Kunstwerke sind im kl\u00f6sterlichen Waldbezirk \u201eWenge\u201c zu finden und sind beides [&hellip;]","og_url":"https:\/\/www.gemeinde-untermarchtal.de\/index.php\/kleinkunstwerke-lourdesgrotte-untermarchtal-und-gefangener-heiland\/","og_site_name":"Gemeinde Untermarchtal","article_modified_time":"2025-06-02T08:22:52+00:00","og_image":[{"url":"https:\/\/www.gemeinde-untermarchtal.de\/bilder\/Gefangener-Heiland-Grotte-Untermarchtal.jpg","type":"","width":"","height":""}],"twitter_card":"summary_large_image","twitter_misc":{"Gesch\u00e4tzte Lesezeit":"4\u00a0Minuten"},"schema":{"@context":"https:\/\/schema.org","@graph":[{"@type":"WebPage","@id":"https:\/\/www.gemeinde-untermarchtal.de\/index.php\/kleinkunstwerke-lourdesgrotte-untermarchtal-und-gefangener-heiland\/","url":"https:\/\/www.gemeinde-untermarchtal.de\/index.php\/kleinkunstwerke-lourdesgrotte-untermarchtal-und-gefangener-heiland\/","name":"Kleinkunstwerke \u201eLourdesgrotte Untermarchtal\u201c und \u201eGefangener Heiland\u201c - Gemeinde Untermarchtal","isPartOf":{"@id":"https:\/\/www.gemeinde-untermarchtal.de\/#website"},"primaryImageOfPage":{"@id":"https:\/\/www.gemeinde-untermarchtal.de\/index.php\/kleinkunstwerke-lourdesgrotte-untermarchtal-und-gefangener-heiland\/#primaryimage"},"image":{"@id":"https:\/\/www.gemeinde-untermarchtal.de\/index.php\/kleinkunstwerke-lourdesgrotte-untermarchtal-und-gefangener-heiland\/#primaryimage"},"thumbnailUrl":"https:\/\/www.gemeinde-untermarchtal.de\/bilder\/Gefangener-Heiland-Grotte-Untermarchtal.jpg","datePublished":"2025-06-02T08:16:11+00:00","dateModified":"2025-06-02T08:22:52+00:00","breadcrumb":{"@id":"https:\/\/www.gemeinde-untermarchtal.de\/index.php\/kleinkunstwerke-lourdesgrotte-untermarchtal-und-gefangener-heiland\/#breadcrumb"},"inLanguage":"de","potentialAction":[{"@type":"ReadAction","target":["https:\/\/www.gemeinde-untermarchtal.de\/index.php\/kleinkunstwerke-lourdesgrotte-untermarchtal-und-gefangener-heiland\/"]}]},{"@type":"ImageObject","inLanguage":"de","@id":"https:\/\/www.gemeinde-untermarchtal.de\/index.php\/kleinkunstwerke-lourdesgrotte-untermarchtal-und-gefangener-heiland\/#primaryimage","url":"https:\/\/www.gemeinde-untermarchtal.de\/bilder\/Gefangener-Heiland-Grotte-Untermarchtal.jpg","contentUrl":"https:\/\/www.gemeinde-untermarchtal.de\/bilder\/Gefangener-Heiland-Grotte-Untermarchtal.jpg","width":1300,"height":975},{"@type":"BreadcrumbList","@id":"https:\/\/www.gemeinde-untermarchtal.de\/index.php\/kleinkunstwerke-lourdesgrotte-untermarchtal-und-gefangener-heiland\/#breadcrumb","itemListElement":[{"@type":"ListItem","position":1,"name":"Startseite","item":"https:\/\/www.gemeinde-untermarchtal.de\/"},{"@type":"ListItem","position":2,"name":"Kleinkunstwerke \u201eLourdesgrotte Untermarchtal\u201c und \u201eGefangener Heiland\u201c"}]},{"@type":"WebSite","@id":"https:\/\/www.gemeinde-untermarchtal.de\/#website","url":"https:\/\/www.gemeinde-untermarchtal.de\/","name":"Gemeinde Untermarchtal","description":"Gemeinde Untermarchtal","potentialAction":[{"@type":"SearchAction","target":{"@type":"EntryPoint","urlTemplate":"https:\/\/www.gemeinde-untermarchtal.de\/?s={search_term_string}"},"query-input":{"@type":"PropertyValueSpecification","valueRequired":true,"valueName":"search_term_string"}}],"inLanguage":"de"}]}},"_links":{"self":[{"href":"https:\/\/www.gemeinde-untermarchtal.de\/index.php\/wp-json\/wp\/v2\/pages\/5205","targetHints":{"allow":["GET"]}}],"collection":[{"href":"https:\/\/www.gemeinde-untermarchtal.de\/index.php\/wp-json\/wp\/v2\/pages"}],"about":[{"href":"https:\/\/www.gemeinde-untermarchtal.de\/index.php\/wp-json\/wp\/v2\/types\/page"}],"author":[{"embeddable":true,"href":"https:\/\/www.gemeinde-untermarchtal.de\/index.php\/wp-json\/wp\/v2\/users\/1"}],"replies":[{"embeddable":true,"href":"https:\/\/www.gemeinde-untermarchtal.de\/index.php\/wp-json\/wp\/v2\/comments?post=5205"}],"version-history":[{"count":4,"href":"https:\/\/www.gemeinde-untermarchtal.de\/index.php\/wp-json\/wp\/v2\/pages\/5205\/revisions"}],"predecessor-version":[{"id":5214,"href":"https:\/\/www.gemeinde-untermarchtal.de\/index.php\/wp-json\/wp\/v2\/pages\/5205\/revisions\/5214"}],"wp:attachment":[{"href":"https:\/\/www.gemeinde-untermarchtal.de\/index.php\/wp-json\/wp\/v2\/media?parent=5205"}],"curies":[{"name":"wp","href":"https:\/\/api.w.org\/{rel}","templated":true}]}}