{"id":5328,"date":"2025-12-29T11:31:05","date_gmt":"2025-12-29T10:31:05","guid":{"rendered":"https:\/\/www.gemeinde-untermarchtal.de\/?page_id=5328"},"modified":"2025-12-29T11:35:44","modified_gmt":"2025-12-29T10:35:44","slug":"termine-und-veranstaltungen","status":"publish","type":"page","link":"https:\/\/www.gemeinde-untermarchtal.de\/index.php\/termine-und-veranstaltungen\/","title":{"rendered":"Termine und Veranstaltungen"},"content":{"rendered":"Die \u00f6rtlichen Vereine in Zusammenarbeit mit der Gemeinde und des Klosters Untermarchtal beraten sich einmal j\u00e4hrlich in Bezug auf die verschiedensten Veranstaltungen des lokalen Geschehens hier im Dorf.\n\nDie Narrenzunft hat jeden Freitagabend in den \u201egeraden\u201c Wochen ihre Zunftstube (\u201eGelber Sack\u201c) ab 19.30 Uhr ge\u00f6ffnet.","protected":false},"excerpt":{"rendered":"<p>Die \u00f6rtlichen Vereine in Zusammenarbeit mit der Gemeinde und des Klosters Untermarchtal beraten sich einmal j\u00e4hrlich in Bezug auf die verschiedensten Veranstaltungen des lokalen Geschehens hier im Dorf. Die Narrenzunft hat jeden Freitagabend in den \u201egeraden\u201c Wochen ihre Zunftstube (\u201eGelber Sack\u201c) ab 19.30 Uhr ge\u00f6ffnet.<\/p>\n","protected":false},"author":1,"featured_media":0,"parent":0,"menu_order":0,"comment_status":"closed","ping_status":"closed","template":"page-templates\/veranstaltungskalender.php","meta":{"_acf_changed":false,"footnotes":""},"class_list":["post-5328","page","type-page","status-publish","hentry"],"acf":[],"yoast_head":"<!-- This site is optimized with the Yoast SEO plugin v26.7 - https:\/\/yoast.com\/wordpress\/plugins\/seo\/ -->\n<title>Termine und Veranstaltungen | Gemeinde Untermarchtal<\/title>\n<meta name=\"description\" content=\"Veranstaltungen und Termine der \u00f6rtlichen Vereine und des Klosters Untermarchtal in der Gemeinde Untermarchtal.\" \/>\n<meta name=\"robots\" content=\"index, follow, max-snippet:-1, max-image-preview:large, max-video-preview:-1\" \/>\n<link rel=\"canonical\" href=\"https:\/\/www.gemeinde-untermarchtal.de\/index.php\/termine-und-veranstaltungen\/\" \/>\n<meta property=\"og:locale\" content=\"de_DE\" \/>\n<meta property=\"og:type\" content=\"article\" \/>\n<meta property=\"og:title\" content=\"Termine und Veranstaltungen | Gemeinde Untermarchtal\" \/>\n<meta property=\"og:description\" content=\"Veranstaltungen und Termine der \u00f6rtlichen Vereine und des Klosters Untermarchtal in der Gemeinde Untermarchtal.\" \/>\n<meta property=\"og:url\" content=\"https:\/\/www.gemeinde-untermarchtal.de\/index.php\/termine-und-veranstaltungen\/\" \/>\n<meta property=\"og:site_name\" content=\"Gemeinde Untermarchtal\" \/>\n<meta property=\"article:modified_time\" content=\"2025-12-29T10:35:44+00:00\" \/>\n<meta name=\"twitter:card\" content=\"summary_large_image\" \/>\n<meta name=\"twitter:label1\" content=\"Gesch\u00e4tzte Lesezeit\" \/>\n\t<meta name=\"twitter:data1\" content=\"1\u00a0Minute\" \/>\n<script type=\"application\/ld+json\" class=\"yoast-schema-graph\">{\"@context\":\"https:\/\/schema.org\",\"@graph\":[{\"@type\":\"WebPage\",\"@id\":\"https:\/\/www.gemeinde-untermarchtal.de\/index.php\/termine-und-veranstaltungen\/\",\"url\":\"https:\/\/www.gemeinde-untermarchtal.de\/index.php\/termine-und-veranstaltungen\/\",\"name\":\"Termine und Veranstaltungen | Gemeinde Untermarchtal\",\"isPartOf\":{\"@id\":\"https:\/\/www.gemeinde-untermarchtal.de\/#website\"},\"datePublished\":\"2025-12-29T10:31:05+00:00\",\"dateModified\":\"2025-12-29T10:35:44+00:00\",\"description\":\"Veranstaltungen und Termine der \u00f6rtlichen Vereine und des Klosters Untermarchtal in der Gemeinde Untermarchtal.\",\"breadcrumb\":{\"@id\":\"https:\/\/www.gemeinde-untermarchtal.de\/index.php\/termine-und-veranstaltungen\/#breadcrumb\"},\"inLanguage\":\"de\",\"potentialAction\":[{\"@type\":\"ReadAction\",\"target\":[\"https:\/\/www.gemeinde-untermarchtal.de\/index.php\/termine-und-veranstaltungen\/\"]}]},{\"@type\":\"BreadcrumbList\",\"@id\":\"https:\/\/www.gemeinde-untermarchtal.de\/index.php\/termine-und-veranstaltungen\/#breadcrumb\",\"itemListElement\":[{\"@type\":\"ListItem\",\"position\":1,\"name\":\"Startseite\",\"item\":\"https:\/\/www.gemeinde-untermarchtal.de\/\"},{\"@type\":\"ListItem\",\"position\":2,\"name\":\"Termine und Veranstaltungen\"}]},{\"@type\":\"WebSite\",\"@id\":\"https:\/\/www.gemeinde-untermarchtal.de\/#website\",\"url\":\"https:\/\/www.gemeinde-untermarchtal.de\/\",\"name\":\"Gemeinde Untermarchtal\",\"description\":\"Gemeinde Untermarchtal\",\"potentialAction\":[{\"@type\":\"SearchAction\",\"target\":{\"@type\":\"EntryPoint\",\"urlTemplate\":\"https:\/\/www.gemeinde-untermarchtal.de\/?s={search_term_string}\"},\"query-input\":{\"@type\":\"PropertyValueSpecification\",\"valueRequired\":true,\"valueName\":\"search_term_string\"}}],\"inLanguage\":\"de\"}]}<\/script>\n<!-- \/ Yoast SEO plugin. -->","yoast_head_json":{"title":"Termine und Veranstaltungen | Gemeinde Untermarchtal","description":"Veranstaltungen und Termine der \u00f6rtlichen Vereine und des Klosters Untermarchtal in der Gemeinde Untermarchtal.","robots":{"index":"index","follow":"follow","max-snippet":"max-snippet:-1","max-image-preview":"max-image-preview:large","max-video-preview":"max-video-preview:-1"},"canonical":"https:\/\/www.gemeinde-untermarchtal.de\/index.php\/termine-und-veranstaltungen\/","og_locale":"de_DE","og_type":"article","og_title":"Termine und Veranstaltungen | Gemeinde Untermarchtal","og_description":"Veranstaltungen und Termine der \u00f6rtlichen Vereine und des Klosters Untermarchtal in der Gemeinde Untermarchtal.","og_url":"https:\/\/www.gemeinde-untermarchtal.de\/index.php\/termine-und-veranstaltungen\/","og_site_name":"Gemeinde Untermarchtal","article_modified_time":"2025-12-29T10:35:44+00:00","twitter_card":"summary_large_image","twitter_misc":{"Gesch\u00e4tzte Lesezeit":"1\u00a0Minute"},"schema":{"@context":"https:\/\/schema.org","@graph":[{"@type":"WebPage","@id":"https:\/\/www.gemeinde-untermarchtal.de\/index.php\/termine-und-veranstaltungen\/","url":"https:\/\/www.gemeinde-untermarchtal.de\/index.php\/termine-und-veranstaltungen\/","name":"Termine und Veranstaltungen | Gemeinde Untermarchtal","isPartOf":{"@id":"https:\/\/www.gemeinde-untermarchtal.de\/#website"},"datePublished":"2025-12-29T10:31:05+00:00","dateModified":"2025-12-29T10:35:44+00:00","description":"Veranstaltungen und Termine der \u00f6rtlichen Vereine und des Klosters Untermarchtal in der Gemeinde Untermarchtal.","breadcrumb":{"@id":"https:\/\/www.gemeinde-untermarchtal.de\/index.php\/termine-und-veranstaltungen\/#breadcrumb"},"inLanguage":"de","potentialAction":[{"@type":"ReadAction","target":["https:\/\/www.gemeinde-untermarchtal.de\/index.php\/termine-und-veranstaltungen\/"]}]},{"@type":"BreadcrumbList","@id":"https:\/\/www.gemeinde-untermarchtal.de\/index.php\/termine-und-veranstaltungen\/#breadcrumb","itemListElement":[{"@type":"ListItem","position":1,"name":"Startseite","item":"https:\/\/www.gemeinde-untermarchtal.de\/"},{"@type":"ListItem","position":2,"name":"Termine und Veranstaltungen"}]},{"@type":"WebSite","@id":"https:\/\/www.gemeinde-untermarchtal.de\/#website","url":"https:\/\/www.gemeinde-untermarchtal.de\/","name":"Gemeinde Untermarchtal","description":"Gemeinde Untermarchtal","potentialAction":[{"@type":"SearchAction","target":{"@type":"EntryPoint","urlTemplate":"https:\/\/www.gemeinde-untermarchtal.de\/?s={search_term_string}"},"query-input":{"@type":"PropertyValueSpecification","valueRequired":true,"valueName":"search_term_string"}}],"inLanguage":"de"}]}},"_links":{"self":[{"href":"https:\/\/www.gemeinde-untermarchtal.de\/index.php\/wp-json\/wp\/v2\/pages\/5328","targetHints":{"allow":["GET"]}}],"collection":[{"href":"https:\/\/www.gemeinde-untermarchtal.de\/index.php\/wp-json\/wp\/v2\/pages"}],"about":[{"href":"https:\/\/www.gemeinde-untermarchtal.de\/index.php\/wp-json\/wp\/v2\/types\/page"}],"author":[{"embeddable":true,"href":"https:\/\/www.gemeinde-untermarchtal.de\/index.php\/wp-json\/wp\/v2\/users\/1"}],"replies":[{"embeddable":true,"href":"https:\/\/www.gemeinde-untermarchtal.de\/index.php\/wp-json\/wp\/v2\/comments?post=5328"}],"version-history":[{"count":5,"href":"https:\/\/www.gemeinde-untermarchtal.de\/index.php\/wp-json\/wp\/v2\/pages\/5328\/revisions"}],"predecessor-version":[{"id":5367,"href":"https:\/\/www.gemeinde-untermarchtal.de\/index.php\/wp-json\/wp\/v2\/pages\/5328\/revisions\/5367"}],"wp:attachment":[{"href":"https:\/\/www.gemeinde-untermarchtal.de\/index.php\/wp-json\/wp\/v2\/media?parent=5328"}],"curies":[{"name":"wp","href":"https:\/\/api.w.org\/{rel}","templated":true}]}}