{"id":538,"date":"2016-09-15T09:15:45","date_gmt":"2016-09-15T07:15:45","guid":{"rendered":"http:\/\/dev.gemeinde-untermarchtal.de\/?page_id=538"},"modified":"2018-07-21T09:38:00","modified_gmt":"2018-07-21T07:38:00","slug":"vor-120-jahren-koenigin-charlotte-von-wuerttemberg-in-untermarchtal","status":"publish","type":"page","link":"https:\/\/www.gemeinde-untermarchtal.de\/index.php\/vor-120-jahren-koenigin-charlotte-von-wuerttemberg-in-untermarchtal\/","title":{"rendered":"Vor 120 Jahren: K\u00f6nigin Charlotte von W\u00fcrttemberg in Untermarchtal"},"content":{"rendered":"<h2>Geschichtlich-historisches Ortsereignis in Untermarchtal vor 120 Jahren am 4. November 1895<\/h2>\r\n<p>Die Handlung beinhaltet den damaligen Besuch der 5. W\u00fcrttembergischen K\u00f6nigin Charlotte mit ihrer Hofdame \u2013 der Besuch sollte - inkognito - also unter fremdem Namen stattfinden, war eigentlich so nicht haltbar, weil doch unerl\u00e4sslich genaue Vorbereitungen in der Gemeinde und des Klosters Untermarchtal, ja sogar die Bediensteten des Bahnhof Untermarchtal mit einbezogen waren. Also eine v\u00f6llige Geheimhaltung war nicht m\u00f6glich. Dies machte den Besuch von K\u00f6nigin Charlotte in Untermarchtal so spannend und die Bev\u00f6lkerung freute sich. Dies ist eindeutig aus der Klosterchronik als auch der Pfarrchronik Untermarchtal zu entnehmen. Auch f\u00fcr heutige Betrachter und interessiertem B\u00fcrger. Als \u00f6rtlicher Heimatkundler sollen solche Ortsgeschehnisse an die breite \u00d6ffentlichkeit kommen und hei\u00dft doch der Spruch von Literat Gustav Mahler: \u201eTradition und Historie ist die Bewahrung des Feuers und nicht die Anbetung der Asche\u201c. Man braucht auch dazu kein \u201eRoyalist oder Monarchist\u201c zu sein. Man sollte den damaligen Zeitgeist zu verstehen versuchen. Die gro\u00dfe Ehre f\u00fcr den Ort Untermarchtal damals 1895, in W\u00fcrde und Hochachtung die K\u00f6nigin zu empfangen und der Regentin 1 Tag zu schenken, d\u00fcrfte ein H\u00f6hepunkt der Untermarchtaler Ortsgeschichte dauerhaft bleiben.<\/p>\r\n\r\n<div id=\"attachment_974\" style=\"width: 549px\" class=\"wp-caption alignnone\"><img loading=\"lazy\" decoding=\"async\" aria-describedby=\"caption-attachment-974\" class=\"wp-image-974 size-full\" src=\"https:\/\/www.gemeinde-untermarchtal.de\/bilder\/Koenigin_Charlotte_Portrait.jpg\" alt=\"koenigin_charlotte_portrait\" width=\"539\" height=\"760\" \/><p id=\"caption-attachment-974\" class=\"wp-caption-text\">K\u00f6nigin Charlotte<\/p><\/div>\r\n\r\n<h3>Aus der Kloster und Pfarrchronik Untermarchtal:<\/h3>\r\n<strong>Hoher Besuch in Untermarchtal \u2013 K\u00f6nigin Charlotte von W\u00fcrttemberg kommt mit dem Zug hier an:<\/strong>\r\n\r\n<p>Der Tag war der 4. November 1895. Der Besuch sollte inkognito \u2013 also unter anderem Namen erfolgen. Freudige und feierliche Erregung herrschte im Ort. Am Bahnhof wurde die K\u00f6nigin Charlotte mit ihrer Hofdame Gr\u00e4fin Uerk\u00fcll empfangen. Generaloberin Margarita Linder hatte mit den Schwestern samt Kloster- und Dorfbewohner, der Kriegerkameradschaft von hier und Umgebung, welche mit Fahnen aufmarschiert waren, einen feierlichen Empfang vorbereitet. Alle geleiteten die hohe Dame nach St. Ignaz, dem Exerzitienhaus, darunter auch Schulthei\u00df Josef Vogelsang mit den \u00f6rtlichen Collegien. Dort fand die eigentliche Begr\u00fc\u00dfung durch Hochw\u00fcrden Herrn Superior Josef Eisenbarth statt. Die Huldigung der Kriegervereine vor der K\u00f6nigin ging dann weiter und im \u201eAdler\u201c (heute Haus St. Josef) und im \u201eHirsch\u201c wurde der K\u00f6ngin ein Imbiss und Erfrischungen kredenzt. Unter F\u00fchrung von Superior Josef Eisenbarth besichtigt die K\u00f6nigin und ihre Hofdame das ganze Kloster. \u201eAlles ist erfreut und befriedigt \u00fcber soviel k\u00f6nigliche Huld und Gnade\u201c, hei\u00dft es in der Klosterchronik \u00fcber den Besuch und Ehrehrbietung Ihrer Majest\u00e4t K\u00f6nigin Charlotte. Auch der damalige Ortspfarrer Leonhard Strahl wu\u00dfte dieses Ereignis in der Pfarrchronik zu w\u00fcrdigen. \u201eWelch ein Freudentag \u00fcber soviel k\u00f6nigliche Huld und Gnade f\u00fcr den Ort\u201c.<\/p>\r\n\r\n<div id=\"attachment_973\" style=\"width: 467px\" class=\"wp-caption alignnone\"><img loading=\"lazy\" decoding=\"async\" aria-describedby=\"caption-attachment-973\" class=\"wp-image-973 size-full\" src=\"https:\/\/www.gemeinde-untermarchtal.de\/bilder\/Koenigin_Charlotte_Koenig_Wilhell_II.jpg\" alt=\"koenigin_charlotte_koenig_wilhell_ii\" width=\"457\" height=\"760\" \/><p id=\"caption-attachment-973\" class=\"wp-caption-text\">K\u00f6nig Wilhelm II von W\u00fcrttemberg um 1895<\/p><\/div>\r\n\r\n<h3>Grund und Anlass des K\u00f6nigin-Besuch in Untermarchtal:<\/h3>\r\n<p>Dem k\u00f6niglichen Schutzrecht \u00fcber die Kl\u00f6ster folgend, verbunden mit ihrem sozialpolitischen Engagement f\u00fcr karitative \u00c9inrichtungen zu interessieren, war besonderer Grund des Besuches im Mutterhaus Untermarchtal und dessen Einrichtungen. Charlotte war aber nicht nur K\u00f6nigin, die einen eigenwilligen Umgang mit der Repr\u00e4sentation pflegte, sondern sie war auch die Monarchin, die sich den Entwicklungen der Moderne gegen\u00fcber aufgeschlossen zeigte. Deutlich wird dies an ihren sozialpolitischen Engagement. Den Konventionen folgend , \u00fcbernahm sie allein von ihren Vorg\u00e4ngerinnen 32 Protektorate \u00fcber soziale und karitative Einrichtungen wie zum Beispiel Diakonissenwesen, Schw\u00e4bischer Frauenverein, Zentralleitung f\u00fcr Wohlt\u00e4tigkeit, W\u00fcrttembergische Sparkasse und das Rote Kreuz. Mit ihrer Autorit\u00e4t als K\u00f6nigin unterst\u00fctzte Charlotte vor allem Bildungseinrichtungen, in denen M\u00e4dchen zu selbstst\u00e4ndiger Berufst\u00e4tigkeit ausgebildet wurden. Frauenpolitisches Engagememt zeigte sie in der Patenschaft f\u00fcr den W\u00fcrttembergischen Malerinnenverein \u2013Kunst und Kultur- sowie das erste w\u00fcrttembergische humanistische M\u00e4dchengymnasium, das Stuttgarter Charlottengymnasium, heute H\u00f6lderlingymnasium. Nach der Novmberrevolution 1918 und nach dem Tod ihres Mannes K\u00f6nig Wilhelm II (1921) f\u00fchrte sie den Titel Herzogin Charlotte und wohnte zur\u00fcckgezogen auf Schlo\u00df Bebenhausen und starb dort 1946. Ihre Grabst\u00e4tte ist in Ludwigsburg auf dem Alten Friedhof. Geboren wurde Charlotte in Ratiboritz\/B\u00f6hmen 1864 als Tochter von Prinz Wilhelm von Schaumburg-Lippe und Bathildis geb. F\u00fcrstin von Anhalt.<\/p>\r\n\r\n<div id=\"attachment_971\" style=\"width: 547px\" class=\"wp-caption alignnone\"><img loading=\"lazy\" decoding=\"async\" aria-describedby=\"caption-attachment-971\" class=\"wp-image-971 size-full\" src=\"https:\/\/www.gemeinde-untermarchtal.de\/bilder\/Koenigin_Charlotte_Familie_Herzog_Albrecht.jpg\" alt=\"koenigin_charlotte_familie_herzog_albrecht\" width=\"537\" height=\"760\" \/><p id=\"caption-attachment-971\" class=\"wp-caption-text\">Familie des Herzog Albrecht von W\u00fcrttemberg, er, Albrecht, w\u00e4re Nachfolger von K\u00f6nig Wilhelm II geworden<\/p><\/div>\r\n\r\n<p>Noch eine bedeutende Anmerkung aus dem K\u00f6nigshaus W\u00fcrttemberg bez\u00fcglich dem Ort und Pfarrei Untermarchtal: Da K\u00f6nig Wilhelm II von W\u00fcrttemberg keine S\u00f6hne hatte, fiel Herzog Albrecht von W\u00fcrttemberg schon fr\u00fch die Rolle des Thronfolgers zu. Der ihm freundschaftlich verbundenen Monarch \u00fcbertrug ihm wichtige repr\u00e4sentative Aufgaben in Staatsf\u00fchrung, Politik und Milit\u00e4r. Herzog Albrecht w\u00e4re in die K\u00f6nigs-Nachfolge Wilhelms II gekommen. Der Abdankung K\u00f6nig Wilhelmms II am 30. November 1918 schlo\u00df er sich f\u00fcr seine Person nicht an. In Deutschland wurde die Republik ausgerufen. In Altshausen, seinem Hauptwohnsitz nach 1918, wohnte er und seine gl\u00e4ubig katholische Familie nach der Vertreibung aus Stuttgart. Im Jahr 1919 wohnte die Familie des Herzogs Albrecht kurzzeitig im Kloster Untermarchtal im sogenannten \u201eHerrenbau\u201c von Maria Hilf. Einen eindeutigen Hinweis vom Aufenthalt in Untermarchtal schreibt auch der damalige Ortspfarrer und Dekan Felix Stiegele in der Pfarrchronik mit dem Vermerk: \u201eAuch die k\u00f6nigliche Familie\u201c nahm an der Fronleichnamsprozession hier teil!<\/p>\r\n\r\n<div id=\"attachment_972\" style=\"width: 501px\" class=\"wp-caption alignnone\"><img loading=\"lazy\" decoding=\"async\" aria-describedby=\"caption-attachment-972\" class=\"wp-image-972 size-full\" src=\"https:\/\/www.gemeinde-untermarchtal.de\/bilder\/Koenigin_Charlotte_Herzog_Karl.jpg\" alt=\"koenigin_charlotte_herzog_karl\" width=\"491\" height=\"760\" \/><p id=\"caption-attachment-972\" class=\"wp-caption-text\">Foto zeigt den heutigen Herzog Carl von W\u00fcrttemberg mit Herzogin Diane von W\u00fcrttemberg<\/p><\/div>","protected":false},"excerpt":{"rendered":"<p>Geschichtlich-historisches Ortsereignis in Untermarchtal vor 120 Jahren am 4. November 1895 Die Handlung beinhaltet den damaligen Besuch der 5. W\u00fcrttembergischen K\u00f6nigin Charlotte mit ihrer Hofdame \u2013 der Besuch sollte - inkognito - also unter fremdem Namen stattfinden, war eigentlich so nicht haltbar, weil doch unerl\u00e4sslich genaue Vorbereitungen in der Gemeinde und des Klosters Untermarchtal, ja [&hellip;]<\/p>\n","protected":false},"author":1,"featured_media":0,"parent":0,"menu_order":0,"comment_status":"closed","ping_status":"closed","template":"page-templates\/_template_historische_beitraege.php","meta":{"_acf_changed":false,"footnotes":""},"class_list":["post-538","page","type-page","status-publish","hentry"],"acf":[],"yoast_head":"<!-- This site is optimized with the Yoast SEO plugin v26.7 - https:\/\/yoast.com\/wordpress\/plugins\/seo\/ -->\n<title>Vor 120 Jahren: K\u00f6nigin Charlotte von W\u00fcrttemberg in Untermarchtal - Gemeinde Untermarchtal<\/title>\n<meta name=\"robots\" content=\"index, follow, max-snippet:-1, max-image-preview:large, max-video-preview:-1\" \/>\n<link rel=\"canonical\" href=\"https:\/\/www.gemeinde-untermarchtal.de\/index.php\/vor-120-jahren-koenigin-charlotte-von-wuerttemberg-in-untermarchtal\/\" \/>\n<meta property=\"og:locale\" content=\"de_DE\" \/>\n<meta property=\"og:type\" content=\"article\" \/>\n<meta property=\"og:title\" content=\"Vor 120 Jahren: K\u00f6nigin Charlotte von W\u00fcrttemberg in Untermarchtal - Gemeinde Untermarchtal\" \/>\n<meta property=\"og:description\" content=\"Geschichtlich-historisches Ortsereignis in Untermarchtal vor 120 Jahren am 4. November 1895 Die Handlung beinhaltet den damaligen Besuch der 5. W\u00fcrttembergischen K\u00f6nigin Charlotte mit ihrer Hofdame \u2013 der Besuch sollte - inkognito - also unter fremdem Namen stattfinden, war eigentlich so nicht haltbar, weil doch unerl\u00e4sslich genaue Vorbereitungen in der Gemeinde und des Klosters Untermarchtal, ja [&hellip;]\" \/>\n<meta property=\"og:url\" content=\"https:\/\/www.gemeinde-untermarchtal.de\/index.php\/vor-120-jahren-koenigin-charlotte-von-wuerttemberg-in-untermarchtal\/\" \/>\n<meta property=\"og:site_name\" content=\"Gemeinde Untermarchtal\" \/>\n<meta property=\"article:modified_time\" content=\"2018-07-21T07:38:00+00:00\" \/>\n<meta property=\"og:image\" content=\"https:\/\/www.gemeinde-untermarchtal.de\/bilder\/Koenigin_Charlotte_Portrait.jpg\" \/>\n<meta name=\"twitter:card\" content=\"summary_large_image\" \/>\n<meta name=\"twitter:label1\" content=\"Gesch\u00e4tzte Lesezeit\" \/>\n\t<meta name=\"twitter:data1\" content=\"4\u00a0Minuten\" \/>\n<script type=\"application\/ld+json\" class=\"yoast-schema-graph\">{\"@context\":\"https:\/\/schema.org\",\"@graph\":[{\"@type\":\"WebPage\",\"@id\":\"https:\/\/www.gemeinde-untermarchtal.de\/index.php\/vor-120-jahren-koenigin-charlotte-von-wuerttemberg-in-untermarchtal\/\",\"url\":\"https:\/\/www.gemeinde-untermarchtal.de\/index.php\/vor-120-jahren-koenigin-charlotte-von-wuerttemberg-in-untermarchtal\/\",\"name\":\"Vor 120 Jahren: K\u00f6nigin Charlotte von W\u00fcrttemberg in Untermarchtal - Gemeinde Untermarchtal\",\"isPartOf\":{\"@id\":\"https:\/\/www.gemeinde-untermarchtal.de\/#website\"},\"primaryImageOfPage\":{\"@id\":\"https:\/\/www.gemeinde-untermarchtal.de\/index.php\/vor-120-jahren-koenigin-charlotte-von-wuerttemberg-in-untermarchtal\/#primaryimage\"},\"image\":{\"@id\":\"https:\/\/www.gemeinde-untermarchtal.de\/index.php\/vor-120-jahren-koenigin-charlotte-von-wuerttemberg-in-untermarchtal\/#primaryimage\"},\"thumbnailUrl\":\"https:\/\/www.gemeinde-untermarchtal.de\/bilder\/Koenigin_Charlotte_Portrait.jpg\",\"datePublished\":\"2016-09-15T07:15:45+00:00\",\"dateModified\":\"2018-07-21T07:38:00+00:00\",\"breadcrumb\":{\"@id\":\"https:\/\/www.gemeinde-untermarchtal.de\/index.php\/vor-120-jahren-koenigin-charlotte-von-wuerttemberg-in-untermarchtal\/#breadcrumb\"},\"inLanguage\":\"de\",\"potentialAction\":[{\"@type\":\"ReadAction\",\"target\":[\"https:\/\/www.gemeinde-untermarchtal.de\/index.php\/vor-120-jahren-koenigin-charlotte-von-wuerttemberg-in-untermarchtal\/\"]}]},{\"@type\":\"ImageObject\",\"inLanguage\":\"de\",\"@id\":\"https:\/\/www.gemeinde-untermarchtal.de\/index.php\/vor-120-jahren-koenigin-charlotte-von-wuerttemberg-in-untermarchtal\/#primaryimage\",\"url\":\"https:\/\/www.gemeinde-untermarchtal.de\/bilder\/Koenigin_Charlotte_Portrait.jpg\",\"contentUrl\":\"https:\/\/www.gemeinde-untermarchtal.de\/bilder\/Koenigin_Charlotte_Portrait.jpg\",\"width\":539,\"height\":760},{\"@type\":\"BreadcrumbList\",\"@id\":\"https:\/\/www.gemeinde-untermarchtal.de\/index.php\/vor-120-jahren-koenigin-charlotte-von-wuerttemberg-in-untermarchtal\/#breadcrumb\",\"itemListElement\":[{\"@type\":\"ListItem\",\"position\":1,\"name\":\"Startseite\",\"item\":\"https:\/\/www.gemeinde-untermarchtal.de\/\"},{\"@type\":\"ListItem\",\"position\":2,\"name\":\"Vor 120 Jahren: K\u00f6nigin Charlotte von W\u00fcrttemberg in Untermarchtal\"}]},{\"@type\":\"WebSite\",\"@id\":\"https:\/\/www.gemeinde-untermarchtal.de\/#website\",\"url\":\"https:\/\/www.gemeinde-untermarchtal.de\/\",\"name\":\"Gemeinde Untermarchtal\",\"description\":\"Gemeinde Untermarchtal\",\"potentialAction\":[{\"@type\":\"SearchAction\",\"target\":{\"@type\":\"EntryPoint\",\"urlTemplate\":\"https:\/\/www.gemeinde-untermarchtal.de\/?s={search_term_string}\"},\"query-input\":{\"@type\":\"PropertyValueSpecification\",\"valueRequired\":true,\"valueName\":\"search_term_string\"}}],\"inLanguage\":\"de\"}]}<\/script>\n<!-- \/ Yoast SEO plugin. -->","yoast_head_json":{"title":"Vor 120 Jahren: K\u00f6nigin Charlotte von W\u00fcrttemberg in Untermarchtal - Gemeinde Untermarchtal","robots":{"index":"index","follow":"follow","max-snippet":"max-snippet:-1","max-image-preview":"max-image-preview:large","max-video-preview":"max-video-preview:-1"},"canonical":"https:\/\/www.gemeinde-untermarchtal.de\/index.php\/vor-120-jahren-koenigin-charlotte-von-wuerttemberg-in-untermarchtal\/","og_locale":"de_DE","og_type":"article","og_title":"Vor 120 Jahren: K\u00f6nigin Charlotte von W\u00fcrttemberg in Untermarchtal - Gemeinde Untermarchtal","og_description":"Geschichtlich-historisches Ortsereignis in Untermarchtal vor 120 Jahren am 4. November 1895 Die Handlung beinhaltet den damaligen Besuch der 5. W\u00fcrttembergischen K\u00f6nigin Charlotte mit ihrer Hofdame \u2013 der Besuch sollte - inkognito - also unter fremdem Namen stattfinden, war eigentlich so nicht haltbar, weil doch unerl\u00e4sslich genaue Vorbereitungen in der Gemeinde und des Klosters Untermarchtal, ja [&hellip;]","og_url":"https:\/\/www.gemeinde-untermarchtal.de\/index.php\/vor-120-jahren-koenigin-charlotte-von-wuerttemberg-in-untermarchtal\/","og_site_name":"Gemeinde Untermarchtal","article_modified_time":"2018-07-21T07:38:00+00:00","og_image":[{"url":"https:\/\/www.gemeinde-untermarchtal.de\/bilder\/Koenigin_Charlotte_Portrait.jpg","type":"","width":"","height":""}],"twitter_card":"summary_large_image","twitter_misc":{"Gesch\u00e4tzte Lesezeit":"4\u00a0Minuten"},"schema":{"@context":"https:\/\/schema.org","@graph":[{"@type":"WebPage","@id":"https:\/\/www.gemeinde-untermarchtal.de\/index.php\/vor-120-jahren-koenigin-charlotte-von-wuerttemberg-in-untermarchtal\/","url":"https:\/\/www.gemeinde-untermarchtal.de\/index.php\/vor-120-jahren-koenigin-charlotte-von-wuerttemberg-in-untermarchtal\/","name":"Vor 120 Jahren: K\u00f6nigin Charlotte von W\u00fcrttemberg in Untermarchtal - Gemeinde Untermarchtal","isPartOf":{"@id":"https:\/\/www.gemeinde-untermarchtal.de\/#website"},"primaryImageOfPage":{"@id":"https:\/\/www.gemeinde-untermarchtal.de\/index.php\/vor-120-jahren-koenigin-charlotte-von-wuerttemberg-in-untermarchtal\/#primaryimage"},"image":{"@id":"https:\/\/www.gemeinde-untermarchtal.de\/index.php\/vor-120-jahren-koenigin-charlotte-von-wuerttemberg-in-untermarchtal\/#primaryimage"},"thumbnailUrl":"https:\/\/www.gemeinde-untermarchtal.de\/bilder\/Koenigin_Charlotte_Portrait.jpg","datePublished":"2016-09-15T07:15:45+00:00","dateModified":"2018-07-21T07:38:00+00:00","breadcrumb":{"@id":"https:\/\/www.gemeinde-untermarchtal.de\/index.php\/vor-120-jahren-koenigin-charlotte-von-wuerttemberg-in-untermarchtal\/#breadcrumb"},"inLanguage":"de","potentialAction":[{"@type":"ReadAction","target":["https:\/\/www.gemeinde-untermarchtal.de\/index.php\/vor-120-jahren-koenigin-charlotte-von-wuerttemberg-in-untermarchtal\/"]}]},{"@type":"ImageObject","inLanguage":"de","@id":"https:\/\/www.gemeinde-untermarchtal.de\/index.php\/vor-120-jahren-koenigin-charlotte-von-wuerttemberg-in-untermarchtal\/#primaryimage","url":"https:\/\/www.gemeinde-untermarchtal.de\/bilder\/Koenigin_Charlotte_Portrait.jpg","contentUrl":"https:\/\/www.gemeinde-untermarchtal.de\/bilder\/Koenigin_Charlotte_Portrait.jpg","width":539,"height":760},{"@type":"BreadcrumbList","@id":"https:\/\/www.gemeinde-untermarchtal.de\/index.php\/vor-120-jahren-koenigin-charlotte-von-wuerttemberg-in-untermarchtal\/#breadcrumb","itemListElement":[{"@type":"ListItem","position":1,"name":"Startseite","item":"https:\/\/www.gemeinde-untermarchtal.de\/"},{"@type":"ListItem","position":2,"name":"Vor 120 Jahren: K\u00f6nigin Charlotte von W\u00fcrttemberg in Untermarchtal"}]},{"@type":"WebSite","@id":"https:\/\/www.gemeinde-untermarchtal.de\/#website","url":"https:\/\/www.gemeinde-untermarchtal.de\/","name":"Gemeinde Untermarchtal","description":"Gemeinde Untermarchtal","potentialAction":[{"@type":"SearchAction","target":{"@type":"EntryPoint","urlTemplate":"https:\/\/www.gemeinde-untermarchtal.de\/?s={search_term_string}"},"query-input":{"@type":"PropertyValueSpecification","valueRequired":true,"valueName":"search_term_string"}}],"inLanguage":"de"}]}},"_links":{"self":[{"href":"https:\/\/www.gemeinde-untermarchtal.de\/index.php\/wp-json\/wp\/v2\/pages\/538","targetHints":{"allow":["GET"]}}],"collection":[{"href":"https:\/\/www.gemeinde-untermarchtal.de\/index.php\/wp-json\/wp\/v2\/pages"}],"about":[{"href":"https:\/\/www.gemeinde-untermarchtal.de\/index.php\/wp-json\/wp\/v2\/types\/page"}],"author":[{"embeddable":true,"href":"https:\/\/www.gemeinde-untermarchtal.de\/index.php\/wp-json\/wp\/v2\/users\/1"}],"replies":[{"embeddable":true,"href":"https:\/\/www.gemeinde-untermarchtal.de\/index.php\/wp-json\/wp\/v2\/comments?post=538"}],"version-history":[{"count":17,"href":"https:\/\/www.gemeinde-untermarchtal.de\/index.php\/wp-json\/wp\/v2\/pages\/538\/revisions"}],"predecessor-version":[{"id":2750,"href":"https:\/\/www.gemeinde-untermarchtal.de\/index.php\/wp-json\/wp\/v2\/pages\/538\/revisions\/2750"}],"wp:attachment":[{"href":"https:\/\/www.gemeinde-untermarchtal.de\/index.php\/wp-json\/wp\/v2\/media?parent=538"}],"curies":[{"name":"wp","href":"https:\/\/api.w.org\/{rel}","templated":true}]}}