{"id":586,"date":"2016-09-15T08:59:39","date_gmt":"2016-09-15T06:59:39","guid":{"rendered":"http:\/\/dev.gemeinde-untermarchtal.de\/?page_id=586"},"modified":"2018-07-21T12:20:27","modified_gmt":"2018-07-21T10:20:27","slug":"schwaebischer-heimatbund-ortsgruppe-untermarchtal","status":"publish","type":"page","link":"https:\/\/www.gemeinde-untermarchtal.de\/index.php\/schwaebischer-heimatbund-ortsgruppe-untermarchtal\/","title":{"rendered":"Schw\u00e4bischer Heimatbund Ortsgruppe Untermarchtal"},"content":{"rendered":"<h2>Feier des 25-j\u00e4hrigen Bestehen mit \u201eTag der offenen T\u00fcr\u201c<\/h2>\r\n<h3>Viele interessierte Besucher:<\/h3>\r\n<p>So ein nettes Fest h\u00e4tten sich die 3 Begr\u00fcnder Albert Gro\u00dfmann, Leopold Ege und Josef Bailer des Untermarchtaler Kalkofen vor 93 Jahren kaum vorstellen k\u00f6nnen. Bei herrlichem Sommerwetter am Sonntag, 14. Juni 2015 konnte Ortsgruppenvorsitzender Wolfgang Kurz viele G\u00e4ste beim Kalkofen-Museum aus Nah und Fern begr\u00fc\u00dfen. Besonderer Gru\u00df galt dem Tags zuvor neu gew\u00e4hlten 1. Vorsitzenden des Schw\u00e4bischen Heimatbund und Hauptverein mit Sitz in Stuttgart, Josef Kreuzberger.\r\nWeitere prominente G\u00e4ste waren die Bundestagsabgeordneten Heinz Wiese aus Ehingen und Hilde Matheis aus Ulm. Karl Traub, Landtagsabgeordneter aus Hausen am Bussen und B\u00fcrgermeister Bernhard Ritzler. Ganz herzlicher Willkommensgru\u00df galt J\u00fcrgen Brucklacher, ehmals Vorstandsmitglied des SHB und \u201eeiner der V\u00e4ter und Mitbgeg\u00fcnder des Untermarchtaler Kalkofen-Museum\u201c vor 25 Jahren, wie OG-Vorsitzender Wolfgang Kurz betonte. Das Feste wurde umrahmt mit der Anschaffung und \u00dcbergabe einer neuen Fahne f\u00fcr das Kalkofen-Museum Untermarchtal. \u2028In einem Gru\u00dfwort begl\u00fcckw\u00fcnschte der 1. SHB-Vorsitzende Josef Kreuzberger die Ortsgruppe Untermarchtal zu ihrem 25.Jubil\u00e4umsfest und \u201eTag der offenen T\u00fcr\u201c der seit dem Bestehen der Ortsgruppe zum 10-mal durchgef\u00fchrt wird. Die Gruppe hier sei eine kleine aber sehr aktive und lebendige Gemeinschaft unter den 14 Ortsgruppen in W\u00fcrttemberg und sprach f\u00fcr deren Einsatz Dank aus. Die anschlie\u00dfenden F\u00fchrungen durch das Kalkofen-Museum mit den einzelnen Werksteilen Schachtofen, Gichtb\u00fchne, Wasserzisterne, F\u00f6rderschnecke, Becherwerk, Trommelsieb, Benzinantriebsmotor Marke Schl\u00fcter, Tranmissionswelle mit Abf\u00fcllstutzen f\u00fcr Papiers\u00e4cke und dem nahen Wei\u00dfkalk-Steinbruch, wurde von den Besucher interessiert angenommen. Den G\u00e4sten wurde ein Mittagessen angeboten. Kaffee und Kuchen ebenso. F\u00fcr musikalische, leichte und dezente Unterhaltung sorgte das Duo \u201eMoni und Hubbe\u201c. Mehrere, jetzt ausw\u00e4rts wohnende Untermarchtaler trafen sich beim Fest zu einem herzlichen Wiedersehen in der alten Heimat.<\/p>\r\n\r\n<div id=\"attachment_1012\" style=\"width: 770px\" class=\"wp-caption alignnone\"><img loading=\"lazy\" decoding=\"async\" aria-describedby=\"caption-attachment-1012\" class=\"wp-image-1012 size-full\" src=\"https:\/\/www.gemeinde-untermarchtal.de\/bilder\/25_Jahre_SHB_Eidechse.jpg\" alt=\"25_jahre_shb_eidechse\" width=\"760\" height=\"570\" \/><p id=\"caption-attachment-1012\" class=\"wp-caption-text\">Ortsgruppenvorsitzender Wolfgang Kurz (links) \u00fcberreicht dem 1. Vorsitzenden des SHB, Josef Kreuzberger (rechts) eine auf einem Kalkstein sitzende Eidechse aus Bronze, hergestellt in der Untermarchtaler Kunstschmiede Roth.<\/p><\/div>\r\n\r\n<h3>Infos zum Kalkbrennen:<\/h3>\r\n<p>Mitglied Hubert Schneider von der Ortsgruppe gab in Abst\u00e4nden praktische Vorf\u00fchrungen zum Kalkbrennen. Mit R\u00fccksicht auf den sanierten Schornstein verzichtete man auf das \u201eAnz\u00fcnden\u201c des Kalkofen mit Schachtofen. Im Schachtofen w\u00fcrden hier etwa 1000 Grad Hitze entstehen. Es wurden aber in einfacher Form Vorf\u00fchrungen \u00fcber das Trockenl\u00f6schen des gebrannten Kalkstein vorgezeigt. Aus einem Kalksteinwerk des Blautal bezog man eine kleine Menge des gebrannten Kalkstein zu Vorf\u00fchrzwecken. Bei diesem Vorgang des Trockenl\u00f6schen des gebrannten Kalkes entsteht unter starker W\u00e4rmeentwicklung .-etwa 100 Grad- trockenes Kalziumhydroxid, das hei\u00dft in chemischer Formel: Brandkalk (CaO) plus Wasser (H2O) ergibt dann das Produkt Kalziumhydroxid gel\u00f6schter Kalk (Ca-OH2). Die Kalksorten Wei\u00dfkalk, Schwarzkalk sowie \u00c4z-Kalk wurden f\u00fcr Maurer- und Verputzzwecke sowie als D\u00fcngemittel hergstellt und verkauft. Das Kalkwerk produzierte nur 17 Jahre lang von 1922 bis 1939. Dann Stilllegung der Anlage. Jahzehntelang diente es zur Fahrzeugunterstellung der Inhaber-Familie Matth\u00e4us Fischer. Dann Verkauf an das Land Baden-W\u00fcrttemberg im Jahre 1984. 1986 \u00dcbergabe an den Schw\u00e4bischen Heimatbund in Erbpacht, mit der denkmalpflegerischen Zweckbestimmung, den historischen, denkmalpflegerischen Kalkofen wieder herzustellen und danach einer interessierten \u00d6ffentlichkeit zug\u00e4nglich zu machen. Eine wissenschaftliche Projektgruppe der Uni Stuttgart setzte das vorgesehene Konzept um. Am 9. September 1990 wurde dann das \u201eTechnische Museum Kalkofen Untermarchtal\u201c er\u00f6ffnet und die neu gegr\u00fcndete Ortsgruppe vor Ort \u00fcbernahm die Betreuung seither.<\/p>\r\n\r\n<div id=\"attachment_1014\" style=\"width: 770px\" class=\"wp-caption alignnone\"><img loading=\"lazy\" decoding=\"async\" aria-describedby=\"caption-attachment-1014\" class=\"wp-image-1014 size-full\" src=\"https:\/\/www.gemeinde-untermarchtal.de\/bilder\/25_Jahre_SHB_Fest.jpg\" alt=\"25_jahre_shb_fest\" width=\"760\" height=\"570\" \/><p id=\"caption-attachment-1014\" class=\"wp-caption-text\">Der Festbetrieb beim 25-j\u00e4hrigen Ortsgruppen-Bestehen vor dem Kalkofen-Museum<\/p><\/div>\r\n\r\n\r\n<div id=\"attachment_1017\" style=\"width: 770px\" class=\"wp-caption alignnone\"><img loading=\"lazy\" decoding=\"async\" aria-describedby=\"caption-attachment-1017\" class=\"wp-image-1017 size-full\" src=\"https:\/\/www.gemeinde-untermarchtal.de\/bilder\/25_Jahre_SHB_Schneider.jpg\" alt=\"25_jahre_shb_schneider\" width=\"760\" height=\"570\" \/><p id=\"caption-attachment-1017\" class=\"wp-caption-text\">Die praktische Vorf\u00fchrung des Kalkl\u00f6schen durch OG-Mitglied Hubert Schneider<\/p><\/div>\r\n\r\n<div id=\"attachment_1013\" style=\"width: 770px\" class=\"wp-caption alignnone\"><img loading=\"lazy\" decoding=\"async\" aria-describedby=\"caption-attachment-1013\" class=\"wp-image-1013 size-full\" src=\"https:\/\/www.gemeinde-untermarchtal.de\/bilder\/25_Jahre_SHB_Fahne.jpg\" alt=\"25_jahre_shb_fahne\" width=\"760\" height=\"570\" \/><p id=\"caption-attachment-1013\" class=\"wp-caption-text\">Die neue gehisste Fahne der Ortsgruppe vor dem Kalkofen-Museum Untermarchtal<\/p><\/div>\r\n\r\n<div id=\"attachment_1015\" style=\"width: 770px\" class=\"wp-caption alignnone\"><img loading=\"lazy\" decoding=\"async\" aria-describedby=\"caption-attachment-1015\" class=\"wp-image-1015 size-full\" src=\"https:\/\/www.gemeinde-untermarchtal.de\/bilder\/25_Jahre_SHB_Gruppe.jpg\" alt=\"25_jahre_shb_gruppe\" width=\"760\" height=\"570\" \/><p id=\"caption-attachment-1015\" class=\"wp-caption-text\">Anl\u00e4\u00dflich des 25-j\u00e4hrigen Ortsgruppen-Jubil\u00e4um von links: B\u00fcrgermeister Bernhard Ritzler, Untermarchtal, Josef Kreuzberger, 1. Vorsitzender des Schw\u00e4bischen Heimatbund, Stuttgart und Ortsgruppen-Vorsitzender Wolfgang Kurz, Untermarchtal<\/p><\/div>\r\n\r\n<div id=\"attachment_1016\" style=\"width: 770px\" class=\"wp-caption alignnone\"><img loading=\"lazy\" decoding=\"async\" aria-describedby=\"caption-attachment-1016\" class=\"wp-image-1016 size-full\" src=\"https:\/\/www.gemeinde-untermarchtal.de\/bilder\/25_Jahre_SHB_Musik.jpg\" alt=\"25_jahre_shb_musik\" width=\"760\" height=\"570\" \/><p id=\"caption-attachment-1016\" class=\"wp-caption-text\">Das Musik-Duo \u201eMoni und Hubbe\u201c unterh\u00e4lt musikalisch die Festg\u00e4ste beim Jubil\u00e4umsfest<\/p><\/div>","protected":false},"excerpt":{"rendered":"<p>Feier des 25-j\u00e4hrigen Bestehen mit \u201eTag der offenen T\u00fcr\u201c Viele interessierte Besucher: So ein nettes Fest h\u00e4tten sich die 3 Begr\u00fcnder Albert Gro\u00dfmann, Leopold Ege und Josef Bailer des Untermarchtaler Kalkofen vor 93 Jahren kaum vorstellen k\u00f6nnen. Bei herrlichem Sommerwetter am Sonntag, 14. Juni 2015 konnte Ortsgruppenvorsitzender Wolfgang Kurz viele G\u00e4ste beim Kalkofen-Museum aus Nah [&hellip;]<\/p>\n","protected":false},"author":1,"featured_media":0,"parent":0,"menu_order":0,"comment_status":"closed","ping_status":"closed","template":"page-templates\/_template_aktuelle_beitraege.php","meta":{"_acf_changed":false,"footnotes":""},"class_list":["post-586","page","type-page","status-publish","hentry"],"acf":[],"yoast_head":"<!-- This site is optimized with the Yoast SEO plugin v26.7 - https:\/\/yoast.com\/wordpress\/plugins\/seo\/ -->\n<title>Schw\u00e4bischer Heimatbund Ortsgruppe Untermarchtal - Gemeinde Untermarchtal<\/title>\n<meta name=\"robots\" content=\"index, follow, max-snippet:-1, max-image-preview:large, max-video-preview:-1\" \/>\n<link rel=\"canonical\" href=\"https:\/\/www.gemeinde-untermarchtal.de\/index.php\/schwaebischer-heimatbund-ortsgruppe-untermarchtal\/\" \/>\n<meta property=\"og:locale\" content=\"de_DE\" \/>\n<meta property=\"og:type\" content=\"article\" \/>\n<meta property=\"og:title\" content=\"Schw\u00e4bischer Heimatbund Ortsgruppe Untermarchtal - Gemeinde Untermarchtal\" \/>\n<meta property=\"og:description\" content=\"Feier des 25-j\u00e4hrigen Bestehen mit \u201eTag der offenen T\u00fcr\u201c Viele interessierte Besucher: So ein nettes Fest h\u00e4tten sich die 3 Begr\u00fcnder Albert Gro\u00dfmann, Leopold Ege und Josef Bailer des Untermarchtaler Kalkofen vor 93 Jahren kaum vorstellen k\u00f6nnen. Bei herrlichem Sommerwetter am Sonntag, 14. Juni 2015 konnte Ortsgruppenvorsitzender Wolfgang Kurz viele G\u00e4ste beim Kalkofen-Museum aus Nah [&hellip;]\" \/>\n<meta property=\"og:url\" content=\"https:\/\/www.gemeinde-untermarchtal.de\/index.php\/schwaebischer-heimatbund-ortsgruppe-untermarchtal\/\" \/>\n<meta property=\"og:site_name\" content=\"Gemeinde Untermarchtal\" \/>\n<meta property=\"article:modified_time\" content=\"2018-07-21T10:20:27+00:00\" \/>\n<meta property=\"og:image\" content=\"https:\/\/www.gemeinde-untermarchtal.de\/bilder\/25_Jahre_SHB_Eidechse.jpg\" \/>\n<meta name=\"twitter:card\" content=\"summary_large_image\" \/>\n<meta name=\"twitter:label1\" content=\"Gesch\u00e4tzte Lesezeit\" \/>\n\t<meta name=\"twitter:data1\" content=\"3\u00a0Minuten\" \/>\n<script type=\"application\/ld+json\" class=\"yoast-schema-graph\">{\"@context\":\"https:\/\/schema.org\",\"@graph\":[{\"@type\":\"WebPage\",\"@id\":\"https:\/\/www.gemeinde-untermarchtal.de\/index.php\/schwaebischer-heimatbund-ortsgruppe-untermarchtal\/\",\"url\":\"https:\/\/www.gemeinde-untermarchtal.de\/index.php\/schwaebischer-heimatbund-ortsgruppe-untermarchtal\/\",\"name\":\"Schw\u00e4bischer Heimatbund Ortsgruppe Untermarchtal - Gemeinde Untermarchtal\",\"isPartOf\":{\"@id\":\"https:\/\/www.gemeinde-untermarchtal.de\/#website\"},\"primaryImageOfPage\":{\"@id\":\"https:\/\/www.gemeinde-untermarchtal.de\/index.php\/schwaebischer-heimatbund-ortsgruppe-untermarchtal\/#primaryimage\"},\"image\":{\"@id\":\"https:\/\/www.gemeinde-untermarchtal.de\/index.php\/schwaebischer-heimatbund-ortsgruppe-untermarchtal\/#primaryimage\"},\"thumbnailUrl\":\"https:\/\/www.gemeinde-untermarchtal.de\/bilder\/25_Jahre_SHB_Eidechse.jpg\",\"datePublished\":\"2016-09-15T06:59:39+00:00\",\"dateModified\":\"2018-07-21T10:20:27+00:00\",\"breadcrumb\":{\"@id\":\"https:\/\/www.gemeinde-untermarchtal.de\/index.php\/schwaebischer-heimatbund-ortsgruppe-untermarchtal\/#breadcrumb\"},\"inLanguage\":\"de\",\"potentialAction\":[{\"@type\":\"ReadAction\",\"target\":[\"https:\/\/www.gemeinde-untermarchtal.de\/index.php\/schwaebischer-heimatbund-ortsgruppe-untermarchtal\/\"]}]},{\"@type\":\"ImageObject\",\"inLanguage\":\"de\",\"@id\":\"https:\/\/www.gemeinde-untermarchtal.de\/index.php\/schwaebischer-heimatbund-ortsgruppe-untermarchtal\/#primaryimage\",\"url\":\"https:\/\/www.gemeinde-untermarchtal.de\/bilder\/25_Jahre_SHB_Eidechse.jpg\",\"contentUrl\":\"https:\/\/www.gemeinde-untermarchtal.de\/bilder\/25_Jahre_SHB_Eidechse.jpg\",\"width\":760,\"height\":570},{\"@type\":\"BreadcrumbList\",\"@id\":\"https:\/\/www.gemeinde-untermarchtal.de\/index.php\/schwaebischer-heimatbund-ortsgruppe-untermarchtal\/#breadcrumb\",\"itemListElement\":[{\"@type\":\"ListItem\",\"position\":1,\"name\":\"Startseite\",\"item\":\"https:\/\/www.gemeinde-untermarchtal.de\/\"},{\"@type\":\"ListItem\",\"position\":2,\"name\":\"Schw\u00e4bischer Heimatbund Ortsgruppe Untermarchtal\"}]},{\"@type\":\"WebSite\",\"@id\":\"https:\/\/www.gemeinde-untermarchtal.de\/#website\",\"url\":\"https:\/\/www.gemeinde-untermarchtal.de\/\",\"name\":\"Gemeinde Untermarchtal\",\"description\":\"Gemeinde Untermarchtal\",\"potentialAction\":[{\"@type\":\"SearchAction\",\"target\":{\"@type\":\"EntryPoint\",\"urlTemplate\":\"https:\/\/www.gemeinde-untermarchtal.de\/?s={search_term_string}\"},\"query-input\":{\"@type\":\"PropertyValueSpecification\",\"valueRequired\":true,\"valueName\":\"search_term_string\"}}],\"inLanguage\":\"de\"}]}<\/script>\n<!-- \/ Yoast SEO plugin. -->","yoast_head_json":{"title":"Schw\u00e4bischer Heimatbund Ortsgruppe Untermarchtal - Gemeinde Untermarchtal","robots":{"index":"index","follow":"follow","max-snippet":"max-snippet:-1","max-image-preview":"max-image-preview:large","max-video-preview":"max-video-preview:-1"},"canonical":"https:\/\/www.gemeinde-untermarchtal.de\/index.php\/schwaebischer-heimatbund-ortsgruppe-untermarchtal\/","og_locale":"de_DE","og_type":"article","og_title":"Schw\u00e4bischer Heimatbund Ortsgruppe Untermarchtal - Gemeinde Untermarchtal","og_description":"Feier des 25-j\u00e4hrigen Bestehen mit \u201eTag der offenen T\u00fcr\u201c Viele interessierte Besucher: So ein nettes Fest h\u00e4tten sich die 3 Begr\u00fcnder Albert Gro\u00dfmann, Leopold Ege und Josef Bailer des Untermarchtaler Kalkofen vor 93 Jahren kaum vorstellen k\u00f6nnen. Bei herrlichem Sommerwetter am Sonntag, 14. Juni 2015 konnte Ortsgruppenvorsitzender Wolfgang Kurz viele G\u00e4ste beim Kalkofen-Museum aus Nah [&hellip;]","og_url":"https:\/\/www.gemeinde-untermarchtal.de\/index.php\/schwaebischer-heimatbund-ortsgruppe-untermarchtal\/","og_site_name":"Gemeinde Untermarchtal","article_modified_time":"2018-07-21T10:20:27+00:00","og_image":[{"url":"https:\/\/www.gemeinde-untermarchtal.de\/bilder\/25_Jahre_SHB_Eidechse.jpg","type":"","width":"","height":""}],"twitter_card":"summary_large_image","twitter_misc":{"Gesch\u00e4tzte Lesezeit":"3\u00a0Minuten"},"schema":{"@context":"https:\/\/schema.org","@graph":[{"@type":"WebPage","@id":"https:\/\/www.gemeinde-untermarchtal.de\/index.php\/schwaebischer-heimatbund-ortsgruppe-untermarchtal\/","url":"https:\/\/www.gemeinde-untermarchtal.de\/index.php\/schwaebischer-heimatbund-ortsgruppe-untermarchtal\/","name":"Schw\u00e4bischer Heimatbund Ortsgruppe Untermarchtal - Gemeinde Untermarchtal","isPartOf":{"@id":"https:\/\/www.gemeinde-untermarchtal.de\/#website"},"primaryImageOfPage":{"@id":"https:\/\/www.gemeinde-untermarchtal.de\/index.php\/schwaebischer-heimatbund-ortsgruppe-untermarchtal\/#primaryimage"},"image":{"@id":"https:\/\/www.gemeinde-untermarchtal.de\/index.php\/schwaebischer-heimatbund-ortsgruppe-untermarchtal\/#primaryimage"},"thumbnailUrl":"https:\/\/www.gemeinde-untermarchtal.de\/bilder\/25_Jahre_SHB_Eidechse.jpg","datePublished":"2016-09-15T06:59:39+00:00","dateModified":"2018-07-21T10:20:27+00:00","breadcrumb":{"@id":"https:\/\/www.gemeinde-untermarchtal.de\/index.php\/schwaebischer-heimatbund-ortsgruppe-untermarchtal\/#breadcrumb"},"inLanguage":"de","potentialAction":[{"@type":"ReadAction","target":["https:\/\/www.gemeinde-untermarchtal.de\/index.php\/schwaebischer-heimatbund-ortsgruppe-untermarchtal\/"]}]},{"@type":"ImageObject","inLanguage":"de","@id":"https:\/\/www.gemeinde-untermarchtal.de\/index.php\/schwaebischer-heimatbund-ortsgruppe-untermarchtal\/#primaryimage","url":"https:\/\/www.gemeinde-untermarchtal.de\/bilder\/25_Jahre_SHB_Eidechse.jpg","contentUrl":"https:\/\/www.gemeinde-untermarchtal.de\/bilder\/25_Jahre_SHB_Eidechse.jpg","width":760,"height":570},{"@type":"BreadcrumbList","@id":"https:\/\/www.gemeinde-untermarchtal.de\/index.php\/schwaebischer-heimatbund-ortsgruppe-untermarchtal\/#breadcrumb","itemListElement":[{"@type":"ListItem","position":1,"name":"Startseite","item":"https:\/\/www.gemeinde-untermarchtal.de\/"},{"@type":"ListItem","position":2,"name":"Schw\u00e4bischer Heimatbund Ortsgruppe Untermarchtal"}]},{"@type":"WebSite","@id":"https:\/\/www.gemeinde-untermarchtal.de\/#website","url":"https:\/\/www.gemeinde-untermarchtal.de\/","name":"Gemeinde Untermarchtal","description":"Gemeinde Untermarchtal","potentialAction":[{"@type":"SearchAction","target":{"@type":"EntryPoint","urlTemplate":"https:\/\/www.gemeinde-untermarchtal.de\/?s={search_term_string}"},"query-input":{"@type":"PropertyValueSpecification","valueRequired":true,"valueName":"search_term_string"}}],"inLanguage":"de"}]}},"_links":{"self":[{"href":"https:\/\/www.gemeinde-untermarchtal.de\/index.php\/wp-json\/wp\/v2\/pages\/586","targetHints":{"allow":["GET"]}}],"collection":[{"href":"https:\/\/www.gemeinde-untermarchtal.de\/index.php\/wp-json\/wp\/v2\/pages"}],"about":[{"href":"https:\/\/www.gemeinde-untermarchtal.de\/index.php\/wp-json\/wp\/v2\/types\/page"}],"author":[{"embeddable":true,"href":"https:\/\/www.gemeinde-untermarchtal.de\/index.php\/wp-json\/wp\/v2\/users\/1"}],"replies":[{"embeddable":true,"href":"https:\/\/www.gemeinde-untermarchtal.de\/index.php\/wp-json\/wp\/v2\/comments?post=586"}],"version-history":[{"count":9,"href":"https:\/\/www.gemeinde-untermarchtal.de\/index.php\/wp-json\/wp\/v2\/pages\/586\/revisions"}],"predecessor-version":[{"id":2759,"href":"https:\/\/www.gemeinde-untermarchtal.de\/index.php\/wp-json\/wp\/v2\/pages\/586\/revisions\/2759"}],"wp:attachment":[{"href":"https:\/\/www.gemeinde-untermarchtal.de\/index.php\/wp-json\/wp\/v2\/media?parent=586"}],"curies":[{"name":"wp","href":"https:\/\/api.w.org\/{rel}","templated":true}]}}