{"id":610,"date":"2016-09-15T10:53:36","date_gmt":"2016-09-15T08:53:36","guid":{"rendered":"http:\/\/dev.gemeinde-untermarchtal.de\/?page_id=610"},"modified":"2018-07-21T09:33:08","modified_gmt":"2018-07-21T07:33:08","slug":"sv-untermarchtal-ehrung-und-auszeichnung","status":"publish","type":"page","link":"https:\/\/www.gemeinde-untermarchtal.de\/index.php\/sv-untermarchtal-ehrung-und-auszeichnung\/","title":{"rendered":"SV Untermarchtal - Ehrung und Auszeichnung"},"content":{"rendered":"<h2>Ehrung und Auszeichnung verdienter Sportler aus Untermarchtal durch den Sportkreis Alb-Donau\/Ulm<\/h2>\r\n<strong>Ehrungsort: Haus des Landkreis Alb-Donau durch Sportkreispr\u00e4sident Georg Steinle, Landrat Heinz Seiffert und Sportf\u00f6rderer EnBW.<\/strong>\r\n\r\n<p>Anl\u00e4sslich dieser festlich angelegten Preisverleihung mit Ehrungen, besonders f\u00fcr junge Sportler, durften auch Sportler der Gemeinde Untermarchtal die f\u00fcr den Sportverein Untermarchtal, der Sch\u00fctzengilde Blaubeuren und dem Sportclub Kirchen an den Start gehen, verdiente\u00a0Ehrungen\u00a0und\u00a0Auszeichnungen\u00a0in Empfang nehmen. Folgende Sportler\/Vereine aus unserer Gemeinde Untermarchtal wurden f\u00fcr ihre herausragenden Leistungen im Jahr 2014 mit Urkunden und Preisen ausgezeichnet:<\/p>\r\n\r\n<h4>Sportverein Untermarchtal e.V. 1946:<\/h4>\r\n\r\n<p>\u201eF\u00fcr herausragende Leistungen um das Deutsche Jugendsportabzeichenim Jahre 2014\u201c. Wir begl\u00fcckw\u00fcnschen alle erfolgreichen Sportlerinnen und Sportler aus unserer Gemeinde f\u00fcr diese hervorragenden, sportlichen Leistungen. Bei der Verleihung der insgesamt 143 nationalen und internationalen Sportehrenpreisen, ging Landrat Heinz Seiffert und Sportkreispr\u00e4sident Georg Steinle auf die Bedeutung der in den Vereinen geleisteten, ehrenamtlichen Arbeit besonders ein. Lob ging an die Sportlerinnen und Sportler, den Ehrenamtlichen in allen Vereins\u00e4mtern, den Vereinsvorsitzenden, Abteilungsleiter, Trainer und \u00dcbungsleiter\/innen sowie Eltern. Dank galt auch den Gemeinden und St\u00e4dten f\u00fcr Sportst\u00e4tten. Fairness, Toleranz und ein Umfeld mit Sozialarbeit f\u00f6rdere das Gemeinwohl und bringe auch f\u00fcr die Sportler Erfolge und diene der Gesundheit bei oft nicht unerheblichem Freizeitaufwand. Stellvertretend f\u00fcr die jungen Sportlerinnen und Sportler des SV Untermarchtal, nahm die Ehrung \u201eDeutsche Jugendsportabzeichen im Jahr 2014\u201c,\u00a0 Leichtathletik-Abteilungsleiter Harald Fischer und \u00dcbungsleiterin Stefanie Illenberger, entgegen.<\/p>\r\n\r\n<div id=\"attachment_830\" style=\"width: 770px\" class=\"wp-caption alignnone\"><img loading=\"lazy\" decoding=\"async\" aria-describedby=\"caption-attachment-830\" class=\"wp-image-830 size-full\" src=\"https:\/\/www.gemeinde-untermarchtal.de\/bilder\/sportverein_ehrungen.jpg\" alt=\"Ehrung und Auszeichnung verdienter Sportler aus Untermarchtal \" width=\"760\" height=\"470\" \/><p id=\"caption-attachment-830\" class=\"wp-caption-text\">Erfolgreiche Sportlerinnen und Sportler aus unserer Gemeinde.<\/p><\/div>\r\n\r\n<h2>Weitere Ergebinsse:<\/h2>\r\n\r\n<h4>Sch\u00fctzengilde Blaubeuren:<\/h4>\r\n<ul>\r\n \t<li>Sportler Peter\u00a0Bra\u00df<\/li>\r\n \t<li>Disziplin Wurftscheibe Doppeltrap Alterklasse - W\u00fcrttembergischer Meister<\/li>\r\n \t<li>Sportlerin Juliane\u00a0Bra\u00df<\/li>\r\n \t<li>Disziplin Wurfscheibe Klasse B Junioren weiblich - W\u00fcrttembergischer Meisterin<\/li>\r\n \t<li>Sportlerin Juliane\u00a0Bra\u00df<\/li>\r\n \t<li>Disziplin Wurfscheibe Doppeltrap Damenklasse - W\u00fcrttembergische Vize-Meisterin<\/li>\r\n<\/ul>\r\n<h4>Sportclub Kirchen:<\/h4>\r\n<ul>\r\n \t<li>Sportlerinnen Katrin\u00a0Maurer\u00a0 und\u00a0 Leonie\u00a0Ziegler<\/li>\r\n \t<li>Disziplin Teakwondo, Team Jugend weiblich bis 17 Jahre, 1. Platz,\u00a0 Deutsche Meister<\/li>\r\n \t<li>Sportlerinnen Katrin\u00a0Maurer\u00a0und Leonie\u00a0Ziegler<\/li>\r\n \t<li>Disziplin Teakwondo, Team Jugend weiblich bis 17 Jahre, 2. Platz, Bayerische Meisterschaft<\/li>\r\n \t<li>Sportlerinnen Katrin\u00a0Maurer\u00a0und Melanie\u00a0Walter<\/li>\r\n \t<li>Disziplin Teakwondo, Team freestyle\u00a0 1. Platz\u00a0 Bayerische Meisterschaft<\/li>\r\n \t<li>Sportlerinnen Katrin Maurer und Melanie Walter<\/li>\r\n \t<li>Disziplin Teakwondo, Team freestyle, 1. Platz, Deutsche Meister<\/li>\r\n<\/ul>","protected":false},"excerpt":{"rendered":"<p>Ehrung und Auszeichnung verdienter Sportler aus Untermarchtal durch den Sportkreis Alb-Donau\/Ulm Ehrungsort: Haus des Landkreis Alb-Donau durch Sportkreispr\u00e4sident Georg Steinle, Landrat Heinz Seiffert und Sportf\u00f6rderer EnBW. Anl\u00e4sslich dieser festlich angelegten Preisverleihung mit Ehrungen, besonders f\u00fcr junge Sportler, durften auch Sportler der Gemeinde Untermarchtal die f\u00fcr den Sportverein Untermarchtal, der Sch\u00fctzengilde Blaubeuren und dem Sportclub Kirchen [&hellip;]<\/p>\n","protected":false},"author":1,"featured_media":0,"parent":0,"menu_order":0,"comment_status":"closed","ping_status":"closed","template":"page-templates\/_template_aktuelle_beitraege.php","meta":{"_acf_changed":false,"footnotes":""},"class_list":["post-610","page","type-page","status-publish","hentry"],"acf":[],"yoast_head":"<!-- This site is optimized with the Yoast SEO plugin v26.7 - https:\/\/yoast.com\/wordpress\/plugins\/seo\/ -->\n<title>SV Untermarchtal - Ehrung und Auszeichnung - Gemeinde Untermarchtal<\/title>\n<meta name=\"robots\" content=\"index, follow, max-snippet:-1, max-image-preview:large, max-video-preview:-1\" \/>\n<link rel=\"canonical\" href=\"https:\/\/www.gemeinde-untermarchtal.de\/index.php\/sv-untermarchtal-ehrung-und-auszeichnung\/\" \/>\n<meta property=\"og:locale\" content=\"de_DE\" \/>\n<meta property=\"og:type\" content=\"article\" \/>\n<meta property=\"og:title\" content=\"SV Untermarchtal - Ehrung und Auszeichnung - Gemeinde Untermarchtal\" \/>\n<meta property=\"og:description\" content=\"Ehrung und Auszeichnung verdienter Sportler aus Untermarchtal durch den Sportkreis Alb-Donau\/Ulm Ehrungsort: Haus des Landkreis Alb-Donau durch Sportkreispr\u00e4sident Georg Steinle, Landrat Heinz Seiffert und Sportf\u00f6rderer EnBW. Anl\u00e4sslich dieser festlich angelegten Preisverleihung mit Ehrungen, besonders f\u00fcr junge Sportler, durften auch Sportler der Gemeinde Untermarchtal die f\u00fcr den Sportverein Untermarchtal, der Sch\u00fctzengilde Blaubeuren und dem Sportclub Kirchen [&hellip;]\" \/>\n<meta property=\"og:url\" content=\"https:\/\/www.gemeinde-untermarchtal.de\/index.php\/sv-untermarchtal-ehrung-und-auszeichnung\/\" \/>\n<meta property=\"og:site_name\" content=\"Gemeinde Untermarchtal\" \/>\n<meta property=\"article:modified_time\" content=\"2018-07-21T07:33:08+00:00\" \/>\n<meta property=\"og:image\" content=\"https:\/\/www.gemeinde-untermarchtal.de\/bilder\/sportverein_ehrungen.jpg\" \/>\n<meta name=\"twitter:card\" content=\"summary_large_image\" \/>\n<meta name=\"twitter:label1\" content=\"Gesch\u00e4tzte Lesezeit\" \/>\n\t<meta name=\"twitter:data1\" content=\"2\u00a0Minuten\" \/>\n<script type=\"application\/ld+json\" class=\"yoast-schema-graph\">{\"@context\":\"https:\/\/schema.org\",\"@graph\":[{\"@type\":\"WebPage\",\"@id\":\"https:\/\/www.gemeinde-untermarchtal.de\/index.php\/sv-untermarchtal-ehrung-und-auszeichnung\/\",\"url\":\"https:\/\/www.gemeinde-untermarchtal.de\/index.php\/sv-untermarchtal-ehrung-und-auszeichnung\/\",\"name\":\"SV Untermarchtal - Ehrung und Auszeichnung - Gemeinde Untermarchtal\",\"isPartOf\":{\"@id\":\"https:\/\/www.gemeinde-untermarchtal.de\/#website\"},\"primaryImageOfPage\":{\"@id\":\"https:\/\/www.gemeinde-untermarchtal.de\/index.php\/sv-untermarchtal-ehrung-und-auszeichnung\/#primaryimage\"},\"image\":{\"@id\":\"https:\/\/www.gemeinde-untermarchtal.de\/index.php\/sv-untermarchtal-ehrung-und-auszeichnung\/#primaryimage\"},\"thumbnailUrl\":\"https:\/\/www.gemeinde-untermarchtal.de\/bilder\/sportverein_ehrungen.jpg\",\"datePublished\":\"2016-09-15T08:53:36+00:00\",\"dateModified\":\"2018-07-21T07:33:08+00:00\",\"breadcrumb\":{\"@id\":\"https:\/\/www.gemeinde-untermarchtal.de\/index.php\/sv-untermarchtal-ehrung-und-auszeichnung\/#breadcrumb\"},\"inLanguage\":\"de\",\"potentialAction\":[{\"@type\":\"ReadAction\",\"target\":[\"https:\/\/www.gemeinde-untermarchtal.de\/index.php\/sv-untermarchtal-ehrung-und-auszeichnung\/\"]}]},{\"@type\":\"ImageObject\",\"inLanguage\":\"de\",\"@id\":\"https:\/\/www.gemeinde-untermarchtal.de\/index.php\/sv-untermarchtal-ehrung-und-auszeichnung\/#primaryimage\",\"url\":\"https:\/\/www.gemeinde-untermarchtal.de\/bilder\/sportverein_ehrungen.jpg\",\"contentUrl\":\"https:\/\/www.gemeinde-untermarchtal.de\/bilder\/sportverein_ehrungen.jpg\",\"width\":760,\"height\":470,\"caption\":\"Ehrung und Auszeichnung verdienter Sportler aus Untermarchtal\"},{\"@type\":\"BreadcrumbList\",\"@id\":\"https:\/\/www.gemeinde-untermarchtal.de\/index.php\/sv-untermarchtal-ehrung-und-auszeichnung\/#breadcrumb\",\"itemListElement\":[{\"@type\":\"ListItem\",\"position\":1,\"name\":\"Startseite\",\"item\":\"https:\/\/www.gemeinde-untermarchtal.de\/\"},{\"@type\":\"ListItem\",\"position\":2,\"name\":\"SV Untermarchtal - Ehrung und Auszeichnung\"}]},{\"@type\":\"WebSite\",\"@id\":\"https:\/\/www.gemeinde-untermarchtal.de\/#website\",\"url\":\"https:\/\/www.gemeinde-untermarchtal.de\/\",\"name\":\"Gemeinde Untermarchtal\",\"description\":\"Gemeinde Untermarchtal\",\"potentialAction\":[{\"@type\":\"SearchAction\",\"target\":{\"@type\":\"EntryPoint\",\"urlTemplate\":\"https:\/\/www.gemeinde-untermarchtal.de\/?s={search_term_string}\"},\"query-input\":{\"@type\":\"PropertyValueSpecification\",\"valueRequired\":true,\"valueName\":\"search_term_string\"}}],\"inLanguage\":\"de\"}]}<\/script>\n<!-- \/ Yoast SEO plugin. -->","yoast_head_json":{"title":"SV Untermarchtal - Ehrung und Auszeichnung - Gemeinde Untermarchtal","robots":{"index":"index","follow":"follow","max-snippet":"max-snippet:-1","max-image-preview":"max-image-preview:large","max-video-preview":"max-video-preview:-1"},"canonical":"https:\/\/www.gemeinde-untermarchtal.de\/index.php\/sv-untermarchtal-ehrung-und-auszeichnung\/","og_locale":"de_DE","og_type":"article","og_title":"SV Untermarchtal - Ehrung und Auszeichnung - Gemeinde Untermarchtal","og_description":"Ehrung und Auszeichnung verdienter Sportler aus Untermarchtal durch den Sportkreis Alb-Donau\/Ulm Ehrungsort: Haus des Landkreis Alb-Donau durch Sportkreispr\u00e4sident Georg Steinle, Landrat Heinz Seiffert und Sportf\u00f6rderer EnBW. Anl\u00e4sslich dieser festlich angelegten Preisverleihung mit Ehrungen, besonders f\u00fcr junge Sportler, durften auch Sportler der Gemeinde Untermarchtal die f\u00fcr den Sportverein Untermarchtal, der Sch\u00fctzengilde Blaubeuren und dem Sportclub Kirchen [&hellip;]","og_url":"https:\/\/www.gemeinde-untermarchtal.de\/index.php\/sv-untermarchtal-ehrung-und-auszeichnung\/","og_site_name":"Gemeinde Untermarchtal","article_modified_time":"2018-07-21T07:33:08+00:00","og_image":[{"url":"https:\/\/www.gemeinde-untermarchtal.de\/bilder\/sportverein_ehrungen.jpg","type":"","width":"","height":""}],"twitter_card":"summary_large_image","twitter_misc":{"Gesch\u00e4tzte Lesezeit":"2\u00a0Minuten"},"schema":{"@context":"https:\/\/schema.org","@graph":[{"@type":"WebPage","@id":"https:\/\/www.gemeinde-untermarchtal.de\/index.php\/sv-untermarchtal-ehrung-und-auszeichnung\/","url":"https:\/\/www.gemeinde-untermarchtal.de\/index.php\/sv-untermarchtal-ehrung-und-auszeichnung\/","name":"SV Untermarchtal - Ehrung und Auszeichnung - Gemeinde Untermarchtal","isPartOf":{"@id":"https:\/\/www.gemeinde-untermarchtal.de\/#website"},"primaryImageOfPage":{"@id":"https:\/\/www.gemeinde-untermarchtal.de\/index.php\/sv-untermarchtal-ehrung-und-auszeichnung\/#primaryimage"},"image":{"@id":"https:\/\/www.gemeinde-untermarchtal.de\/index.php\/sv-untermarchtal-ehrung-und-auszeichnung\/#primaryimage"},"thumbnailUrl":"https:\/\/www.gemeinde-untermarchtal.de\/bilder\/sportverein_ehrungen.jpg","datePublished":"2016-09-15T08:53:36+00:00","dateModified":"2018-07-21T07:33:08+00:00","breadcrumb":{"@id":"https:\/\/www.gemeinde-untermarchtal.de\/index.php\/sv-untermarchtal-ehrung-und-auszeichnung\/#breadcrumb"},"inLanguage":"de","potentialAction":[{"@type":"ReadAction","target":["https:\/\/www.gemeinde-untermarchtal.de\/index.php\/sv-untermarchtal-ehrung-und-auszeichnung\/"]}]},{"@type":"ImageObject","inLanguage":"de","@id":"https:\/\/www.gemeinde-untermarchtal.de\/index.php\/sv-untermarchtal-ehrung-und-auszeichnung\/#primaryimage","url":"https:\/\/www.gemeinde-untermarchtal.de\/bilder\/sportverein_ehrungen.jpg","contentUrl":"https:\/\/www.gemeinde-untermarchtal.de\/bilder\/sportverein_ehrungen.jpg","width":760,"height":470,"caption":"Ehrung und Auszeichnung verdienter Sportler aus Untermarchtal"},{"@type":"BreadcrumbList","@id":"https:\/\/www.gemeinde-untermarchtal.de\/index.php\/sv-untermarchtal-ehrung-und-auszeichnung\/#breadcrumb","itemListElement":[{"@type":"ListItem","position":1,"name":"Startseite","item":"https:\/\/www.gemeinde-untermarchtal.de\/"},{"@type":"ListItem","position":2,"name":"SV Untermarchtal - Ehrung und Auszeichnung"}]},{"@type":"WebSite","@id":"https:\/\/www.gemeinde-untermarchtal.de\/#website","url":"https:\/\/www.gemeinde-untermarchtal.de\/","name":"Gemeinde Untermarchtal","description":"Gemeinde Untermarchtal","potentialAction":[{"@type":"SearchAction","target":{"@type":"EntryPoint","urlTemplate":"https:\/\/www.gemeinde-untermarchtal.de\/?s={search_term_string}"},"query-input":{"@type":"PropertyValueSpecification","valueRequired":true,"valueName":"search_term_string"}}],"inLanguage":"de"}]}},"_links":{"self":[{"href":"https:\/\/www.gemeinde-untermarchtal.de\/index.php\/wp-json\/wp\/v2\/pages\/610","targetHints":{"allow":["GET"]}}],"collection":[{"href":"https:\/\/www.gemeinde-untermarchtal.de\/index.php\/wp-json\/wp\/v2\/pages"}],"about":[{"href":"https:\/\/www.gemeinde-untermarchtal.de\/index.php\/wp-json\/wp\/v2\/types\/page"}],"author":[{"embeddable":true,"href":"https:\/\/www.gemeinde-untermarchtal.de\/index.php\/wp-json\/wp\/v2\/users\/1"}],"replies":[{"embeddable":true,"href":"https:\/\/www.gemeinde-untermarchtal.de\/index.php\/wp-json\/wp\/v2\/comments?post=610"}],"version-history":[{"count":24,"href":"https:\/\/www.gemeinde-untermarchtal.de\/index.php\/wp-json\/wp\/v2\/pages\/610\/revisions"}],"predecessor-version":[{"id":2746,"href":"https:\/\/www.gemeinde-untermarchtal.de\/index.php\/wp-json\/wp\/v2\/pages\/610\/revisions\/2746"}],"wp:attachment":[{"href":"https:\/\/www.gemeinde-untermarchtal.de\/index.php\/wp-json\/wp\/v2\/media?parent=610"}],"curies":[{"name":"wp","href":"https:\/\/api.w.org\/{rel}","templated":true}]}}