{"id":623,"date":"2016-09-15T11:11:29","date_gmt":"2016-09-15T09:11:29","guid":{"rendered":"http:\/\/dev.gemeinde-untermarchtal.de\/?page_id=623"},"modified":"2018-07-21T09:33:51","modified_gmt":"2018-07-21T07:33:51","slug":"trauer-um-franziskanerpater-klaus-wolter","status":"publish","type":"page","link":"https:\/\/www.gemeinde-untermarchtal.de\/index.php\/trauer-um-franziskanerpater-klaus-wolter\/","title":{"rendered":"Trauer um Franziskanerpater Klaus Wolter"},"content":{"rendered":"<h2>Trauer um Franziskanerpater Klaus Wolter aus Untermarchtal<\/h2>\r\n<p>Die Gemeinde Untermarchtal zusammen mit der Klostergemeinschaft trauert um den verstorbenen Franziskanerpater Bruder Klaus (J\u00fcrgen) Wolter. Der am 12. Januar 2015 in Gengenbach verstorbene Ordensmann war seit 2010 bei den Gengenbacher Franziskanerinnen Spiritual. Sein pl\u00f6tzlicher Tod im Alter von 69 Jahren \u00fcberraschte seine kl\u00f6sterliche Gemeinschaft wie auch die Menschen in Untermarchtal die ihn kannten. Offensichtlich war seine schwere Krankheit schnell fortgeschritten und schw\u00e4chte in sehr.<\/p>\r\n\r\n<img loading=\"lazy\" decoding=\"async\" class=\"wp-image-1555 size-full\" src=\"https:\/\/www.gemeinde-untermarchtal.de\/bilder\/Pater_Klaus.jpg\" alt=\"pater_klaus\" width=\"470\" height=\"651\" \/>\r\n\r\n<p>Seine Gengenbacher kl\u00f6sterliche Gemeinschaft schilderte Bruder Klaus, der im 34. Jahr seines Priesterleben stand, als Seelsorger im besten Sinne. Von Beginn seiner Priestert\u00e4tigkeit im Franziskanerorden an war im wichtig, Bruder Klaus genannt zu werden. Als Bruder verstand er sich und begegnet allen Menschen in dieser Haltung. Er lebte aus einer tiefen kontemplativen Grundhaltung und gab seinen Erfahrungsschatz in Gottesdiensten, Exerzitien und pers\u00f6nlichen Gespr\u00e4chen weiter. Gleichzeitig erlebten seine Mitmenschen ihn als sehr zugewandten Priester, der als sehr humorvoll die Art der Gemeinschaft bereicherte. \u201eMit Bruder Klaus verlieren wir einen wirklichen Seelsorger und Menschenfreund \u2013 doch wir sind dankbar, dass wir ihn kennen lernen und \u00fcber vier Jahre als unseren Spiritual in unsere Mitte haben durften. Wir wissen ihn nun gut aufgehoben, an dem Ort, den Jesus Christus uns verhei\u00dfen hat\u201c, schreiben die Gengenbacher Franziskanerinnen.<\/p>\r\n\r\n<p>Zum Lebensweg des Verstorbenen d\u00fcrfen wir folgendes anmerken. Bruder Klaus wurde 1945 in Stuttgart geboren und kam 1949 nach Untermarchtal in das damalige Kinderheim \u201eGuter Hirte\u201c des Klosters. 1952 nahmen ihn dann seine Pflegeeltern, das Untermarchtaler Ehepaar Leo und Theresia Essigbeck in die Familie auf. Besuch der Volksschule von 1952 bis 1960. Dann dreieinhalb Jahre Lehre als Elektriker im Kloster Untermarchtal bei seinem Pflegevater, Elektromeister Leo Essigbeck und Elektriker-Geselle bis 1967. Zwischenzeitlicher Kontakt zu Ordenleuten des Franziskanerorden \u00fcber Patres im Kloster Untermarchtal. Anmeldung im Sp\u00e4tberufenen-Seminar Hadamar und Gro\u00dfkotzenburg. Ab 1972 Studium im Cannstatter-Ambrosium mit Abiturabschluss und anschlie\u00dfend Theologiestudium in T\u00fcbingen. Ab 1974 Novize Klaus bei den Franziskaner in Fulda. Ablegung der Ordensprofe\u00df 1979. Sakrament der Priesterweihe 1981 im Freiburger M\u00fcnster durch Erzbischof Dr. Oskar Saier mit nachfolgender Primizfeier in Untermarchtal. Novizenmeister in Fulda von 182 bis 1991. Dann geistlicher Begleiter, zeitweise Guardian (Vorsteher) und Exerzitiemeister in verschiedenen Kl\u00f6stern oder franziskanischen Niederlassungen in Frankfurt\/Main, Freiburg, Wangen\/Allg\u00e4u und Hofheim\/Taunus. Hierbei besonders in Frankfurt 3 Jahre lang in schwierigem Umfeld im Projekt als Sozialhelfer f\u00fcr Suchtgef\u00e4hrdete. Nebenbei arbeitete Bruder Klaus in Frankfurt mit 2 Mitbr\u00fcder als Postbote bei der Deutschen Post um die Mietkosten ect. aufzubringen! Schlie\u00dflich 2010 Berufung von seinem Ordensoberen als Spiritual in das Kloster der \u201eFranziskanerinnen vom G\u00f6ttlichen Herzern Jesu, Gengenbach\u201c.<\/p>\r\n\r\n<p>In der Untermarchtaler Pfarrkirche St. Andreas findet f\u00fcr Bruder Klaus am Sonntag, 18. Januar um 18:00 Uhr ein Requiem statt. Die Beerdigung ist am Montag, 19. Januar 2015, 14:00 Uhr auf dem St\u00e4dtischen Friedhof Gengenbach bei der Abteilung des Klosters der Franziskanerinnen.<\/p>","protected":false},"excerpt":{"rendered":"<p>Trauer um Franziskanerpater Klaus Wolter aus Untermarchtal Die Gemeinde Untermarchtal zusammen mit der Klostergemeinschaft trauert um den verstorbenen Franziskanerpater Bruder Klaus (J\u00fcrgen) Wolter. Der am 12. Januar 2015 in Gengenbach verstorbene Ordensmann war seit 2010 bei den Gengenbacher Franziskanerinnen Spiritual. Sein pl\u00f6tzlicher Tod im Alter von 69 Jahren \u00fcberraschte seine kl\u00f6sterliche Gemeinschaft wie auch die [&hellip;]<\/p>\n","protected":false},"author":1,"featured_media":0,"parent":0,"menu_order":0,"comment_status":"closed","ping_status":"closed","template":"page-templates\/_template_aktuelle_beitraege.php","meta":{"_acf_changed":false,"footnotes":""},"class_list":["post-623","page","type-page","status-publish","hentry"],"acf":[],"yoast_head":"<!-- This site is optimized with the Yoast SEO plugin v26.7 - https:\/\/yoast.com\/wordpress\/plugins\/seo\/ -->\n<title>Trauer um Franziskanerpater Klaus Wolter - Gemeinde Untermarchtal<\/title>\n<meta name=\"robots\" content=\"index, follow, max-snippet:-1, max-image-preview:large, max-video-preview:-1\" \/>\n<link rel=\"canonical\" href=\"https:\/\/www.gemeinde-untermarchtal.de\/index.php\/trauer-um-franziskanerpater-klaus-wolter\/\" \/>\n<meta property=\"og:locale\" content=\"de_DE\" \/>\n<meta property=\"og:type\" content=\"article\" \/>\n<meta property=\"og:title\" content=\"Trauer um Franziskanerpater Klaus Wolter - Gemeinde Untermarchtal\" \/>\n<meta property=\"og:description\" content=\"Trauer um Franziskanerpater Klaus Wolter aus Untermarchtal Die Gemeinde Untermarchtal zusammen mit der Klostergemeinschaft trauert um den verstorbenen Franziskanerpater Bruder Klaus (J\u00fcrgen) Wolter. Der am 12. Januar 2015 in Gengenbach verstorbene Ordensmann war seit 2010 bei den Gengenbacher Franziskanerinnen Spiritual. Sein pl\u00f6tzlicher Tod im Alter von 69 Jahren \u00fcberraschte seine kl\u00f6sterliche Gemeinschaft wie auch die [&hellip;]\" \/>\n<meta property=\"og:url\" content=\"https:\/\/www.gemeinde-untermarchtal.de\/index.php\/trauer-um-franziskanerpater-klaus-wolter\/\" \/>\n<meta property=\"og:site_name\" content=\"Gemeinde Untermarchtal\" \/>\n<meta property=\"article:modified_time\" content=\"2018-07-21T07:33:51+00:00\" \/>\n<meta property=\"og:image\" content=\"https:\/\/www.gemeinde-untermarchtal.de\/bilder\/Pater_Klaus.jpg\" \/>\n<meta name=\"twitter:card\" content=\"summary_large_image\" \/>\n<meta name=\"twitter:label1\" content=\"Gesch\u00e4tzte Lesezeit\" \/>\n\t<meta name=\"twitter:data1\" content=\"2\u00a0Minuten\" \/>\n<script type=\"application\/ld+json\" class=\"yoast-schema-graph\">{\"@context\":\"https:\/\/schema.org\",\"@graph\":[{\"@type\":\"WebPage\",\"@id\":\"https:\/\/www.gemeinde-untermarchtal.de\/index.php\/trauer-um-franziskanerpater-klaus-wolter\/\",\"url\":\"https:\/\/www.gemeinde-untermarchtal.de\/index.php\/trauer-um-franziskanerpater-klaus-wolter\/\",\"name\":\"Trauer um Franziskanerpater Klaus Wolter - Gemeinde Untermarchtal\",\"isPartOf\":{\"@id\":\"https:\/\/www.gemeinde-untermarchtal.de\/#website\"},\"primaryImageOfPage\":{\"@id\":\"https:\/\/www.gemeinde-untermarchtal.de\/index.php\/trauer-um-franziskanerpater-klaus-wolter\/#primaryimage\"},\"image\":{\"@id\":\"https:\/\/www.gemeinde-untermarchtal.de\/index.php\/trauer-um-franziskanerpater-klaus-wolter\/#primaryimage\"},\"thumbnailUrl\":\"https:\/\/www.gemeinde-untermarchtal.de\/bilder\/Pater_Klaus.jpg\",\"datePublished\":\"2016-09-15T09:11:29+00:00\",\"dateModified\":\"2018-07-21T07:33:51+00:00\",\"breadcrumb\":{\"@id\":\"https:\/\/www.gemeinde-untermarchtal.de\/index.php\/trauer-um-franziskanerpater-klaus-wolter\/#breadcrumb\"},\"inLanguage\":\"de\",\"potentialAction\":[{\"@type\":\"ReadAction\",\"target\":[\"https:\/\/www.gemeinde-untermarchtal.de\/index.php\/trauer-um-franziskanerpater-klaus-wolter\/\"]}]},{\"@type\":\"ImageObject\",\"inLanguage\":\"de\",\"@id\":\"https:\/\/www.gemeinde-untermarchtal.de\/index.php\/trauer-um-franziskanerpater-klaus-wolter\/#primaryimage\",\"url\":\"https:\/\/www.gemeinde-untermarchtal.de\/bilder\/Pater_Klaus.jpg\",\"contentUrl\":\"https:\/\/www.gemeinde-untermarchtal.de\/bilder\/Pater_Klaus.jpg\",\"width\":470,\"height\":651},{\"@type\":\"BreadcrumbList\",\"@id\":\"https:\/\/www.gemeinde-untermarchtal.de\/index.php\/trauer-um-franziskanerpater-klaus-wolter\/#breadcrumb\",\"itemListElement\":[{\"@type\":\"ListItem\",\"position\":1,\"name\":\"Startseite\",\"item\":\"https:\/\/www.gemeinde-untermarchtal.de\/\"},{\"@type\":\"ListItem\",\"position\":2,\"name\":\"Trauer um Franziskanerpater Klaus Wolter\"}]},{\"@type\":\"WebSite\",\"@id\":\"https:\/\/www.gemeinde-untermarchtal.de\/#website\",\"url\":\"https:\/\/www.gemeinde-untermarchtal.de\/\",\"name\":\"Gemeinde Untermarchtal\",\"description\":\"Gemeinde Untermarchtal\",\"potentialAction\":[{\"@type\":\"SearchAction\",\"target\":{\"@type\":\"EntryPoint\",\"urlTemplate\":\"https:\/\/www.gemeinde-untermarchtal.de\/?s={search_term_string}\"},\"query-input\":{\"@type\":\"PropertyValueSpecification\",\"valueRequired\":true,\"valueName\":\"search_term_string\"}}],\"inLanguage\":\"de\"}]}<\/script>\n<!-- \/ Yoast SEO plugin. -->","yoast_head_json":{"title":"Trauer um Franziskanerpater Klaus Wolter - Gemeinde Untermarchtal","robots":{"index":"index","follow":"follow","max-snippet":"max-snippet:-1","max-image-preview":"max-image-preview:large","max-video-preview":"max-video-preview:-1"},"canonical":"https:\/\/www.gemeinde-untermarchtal.de\/index.php\/trauer-um-franziskanerpater-klaus-wolter\/","og_locale":"de_DE","og_type":"article","og_title":"Trauer um Franziskanerpater Klaus Wolter - Gemeinde Untermarchtal","og_description":"Trauer um Franziskanerpater Klaus Wolter aus Untermarchtal Die Gemeinde Untermarchtal zusammen mit der Klostergemeinschaft trauert um den verstorbenen Franziskanerpater Bruder Klaus (J\u00fcrgen) Wolter. Der am 12. Januar 2015 in Gengenbach verstorbene Ordensmann war seit 2010 bei den Gengenbacher Franziskanerinnen Spiritual. Sein pl\u00f6tzlicher Tod im Alter von 69 Jahren \u00fcberraschte seine kl\u00f6sterliche Gemeinschaft wie auch die [&hellip;]","og_url":"https:\/\/www.gemeinde-untermarchtal.de\/index.php\/trauer-um-franziskanerpater-klaus-wolter\/","og_site_name":"Gemeinde Untermarchtal","article_modified_time":"2018-07-21T07:33:51+00:00","og_image":[{"url":"https:\/\/www.gemeinde-untermarchtal.de\/bilder\/Pater_Klaus.jpg","type":"","width":"","height":""}],"twitter_card":"summary_large_image","twitter_misc":{"Gesch\u00e4tzte Lesezeit":"2\u00a0Minuten"},"schema":{"@context":"https:\/\/schema.org","@graph":[{"@type":"WebPage","@id":"https:\/\/www.gemeinde-untermarchtal.de\/index.php\/trauer-um-franziskanerpater-klaus-wolter\/","url":"https:\/\/www.gemeinde-untermarchtal.de\/index.php\/trauer-um-franziskanerpater-klaus-wolter\/","name":"Trauer um Franziskanerpater Klaus Wolter - Gemeinde Untermarchtal","isPartOf":{"@id":"https:\/\/www.gemeinde-untermarchtal.de\/#website"},"primaryImageOfPage":{"@id":"https:\/\/www.gemeinde-untermarchtal.de\/index.php\/trauer-um-franziskanerpater-klaus-wolter\/#primaryimage"},"image":{"@id":"https:\/\/www.gemeinde-untermarchtal.de\/index.php\/trauer-um-franziskanerpater-klaus-wolter\/#primaryimage"},"thumbnailUrl":"https:\/\/www.gemeinde-untermarchtal.de\/bilder\/Pater_Klaus.jpg","datePublished":"2016-09-15T09:11:29+00:00","dateModified":"2018-07-21T07:33:51+00:00","breadcrumb":{"@id":"https:\/\/www.gemeinde-untermarchtal.de\/index.php\/trauer-um-franziskanerpater-klaus-wolter\/#breadcrumb"},"inLanguage":"de","potentialAction":[{"@type":"ReadAction","target":["https:\/\/www.gemeinde-untermarchtal.de\/index.php\/trauer-um-franziskanerpater-klaus-wolter\/"]}]},{"@type":"ImageObject","inLanguage":"de","@id":"https:\/\/www.gemeinde-untermarchtal.de\/index.php\/trauer-um-franziskanerpater-klaus-wolter\/#primaryimage","url":"https:\/\/www.gemeinde-untermarchtal.de\/bilder\/Pater_Klaus.jpg","contentUrl":"https:\/\/www.gemeinde-untermarchtal.de\/bilder\/Pater_Klaus.jpg","width":470,"height":651},{"@type":"BreadcrumbList","@id":"https:\/\/www.gemeinde-untermarchtal.de\/index.php\/trauer-um-franziskanerpater-klaus-wolter\/#breadcrumb","itemListElement":[{"@type":"ListItem","position":1,"name":"Startseite","item":"https:\/\/www.gemeinde-untermarchtal.de\/"},{"@type":"ListItem","position":2,"name":"Trauer um Franziskanerpater Klaus Wolter"}]},{"@type":"WebSite","@id":"https:\/\/www.gemeinde-untermarchtal.de\/#website","url":"https:\/\/www.gemeinde-untermarchtal.de\/","name":"Gemeinde Untermarchtal","description":"Gemeinde Untermarchtal","potentialAction":[{"@type":"SearchAction","target":{"@type":"EntryPoint","urlTemplate":"https:\/\/www.gemeinde-untermarchtal.de\/?s={search_term_string}"},"query-input":{"@type":"PropertyValueSpecification","valueRequired":true,"valueName":"search_term_string"}}],"inLanguage":"de"}]}},"_links":{"self":[{"href":"https:\/\/www.gemeinde-untermarchtal.de\/index.php\/wp-json\/wp\/v2\/pages\/623","targetHints":{"allow":["GET"]}}],"collection":[{"href":"https:\/\/www.gemeinde-untermarchtal.de\/index.php\/wp-json\/wp\/v2\/pages"}],"about":[{"href":"https:\/\/www.gemeinde-untermarchtal.de\/index.php\/wp-json\/wp\/v2\/types\/page"}],"author":[{"embeddable":true,"href":"https:\/\/www.gemeinde-untermarchtal.de\/index.php\/wp-json\/wp\/v2\/users\/1"}],"replies":[{"embeddable":true,"href":"https:\/\/www.gemeinde-untermarchtal.de\/index.php\/wp-json\/wp\/v2\/comments?post=623"}],"version-history":[{"count":11,"href":"https:\/\/www.gemeinde-untermarchtal.de\/index.php\/wp-json\/wp\/v2\/pages\/623\/revisions"}],"predecessor-version":[{"id":2747,"href":"https:\/\/www.gemeinde-untermarchtal.de\/index.php\/wp-json\/wp\/v2\/pages\/623\/revisions\/2747"}],"wp:attachment":[{"href":"https:\/\/www.gemeinde-untermarchtal.de\/index.php\/wp-json\/wp\/v2\/media?parent=623"}],"curies":[{"name":"wp","href":"https:\/\/api.w.org\/{rel}","templated":true}]}}