{"id":632,"date":"2016-09-15T11:25:18","date_gmt":"2016-09-15T09:25:18","guid":{"rendered":"http:\/\/dev.gemeinde-untermarchtal.de\/?page_id=632"},"modified":"2018-07-21T20:39:15","modified_gmt":"2018-07-21T18:39:15","slug":"pfarrhaus-der-pfarrei-st-andreas-untermarchtal","status":"publish","type":"page","link":"https:\/\/www.gemeinde-untermarchtal.de\/index.php\/pfarrhaus-der-pfarrei-st-andreas-untermarchtal\/","title":{"rendered":"Pfarrhaus der Pfarrei St. Andreas Untermarchtal"},"content":{"rendered":"<h2>90 Jahre Pfarrhaus der Pfarrei St. Andreas Untermarchtal<\/h2>\r\n<p>Der damalige Pfarrhaus-Neubau in Untermarchtal im Jahre 1923 j\u00e4hrt sich heuer zum 90. mal. Pfarrer und Dekan Felix Stiegele verwirklichte den Plan f\u00fcr ein neues Pfarrhaus mit der Kirchengemeinde St. Andreas in einer schwierigen Zeit der Geldinflation gegen alle Widrigkeiten und konnte die Bauausf\u00fchrung auch mit der Genehmigung des w\u00fcrttembergischen Finanzministerium im Jahre 1922 beginnen. Zuvor war aber ein umfangreiches Grundst\u00fccks-und Geb\u00e4udetauschverfahren mit der bisherigen Besitzerfamilie Beck und Ege zu bew\u00e4ltigen. Wie sich herausstellte ein nicht zu untersch\u00e4tzendes Unternehmen. Finanziell lag die Genehmigung des Finanzministerium und des Katholischen Kirchenrat \u2013 der Interkalarfondsverwaltung- sowie des Bezirksnotariat Munderkingen vor. Der vorinflation\u00e4re Kostenvoranschlag f\u00fcr das Grundst\u00fcck-und Geb\u00e4udetauschverfahren \u201ealtes Geb\u00e4ude der Familie Beck-Ege bei der Kirche\u201c gegen das bisherige \u201ealte Pfarrhaus in der Herrengasse\u201c, erbaut etwa um 1740, lag im Jahre 1922 bei 30 000 Goldmark. Der Tauschwert ging dann w\u00e4hrend der Inflation Ende 1923 auf astronomische 60 Billionen Mark hoch. Pfarrer Stiegele vermerkte dann in launischer Art in der Pfarrschonik, \u201edas sei das teuerste und doch zugleich billigste Pfarrhaus\u00b4, das der Staat je gebaut hat\u201c. Zum alten Pfarrhaus und ehemaligen Kaplaneihaus der Freiherren von Speth in der ehemaligen Herrengasse und heutigen Freiherr-von-Spethstra\u00dfe gibt es noch ein paar historisch-interessante Vermerke. Ab dem Jahre 1481 genehmigte der Bischof von Konstanz der Filialgemeinde Untermarchtal von der Stammpfarrei Neuburg eine eigene Kaplanei als \u201eSchlo\u00dfkaplanei\u201c in den R\u00e4umen des Schlo\u00dfes. Im Jahre 1613 kam eine zweite Kaplanei, gestiftet von Baron und Ritter Ulrich von Speth zu Untermarchtal und seiner Gattin Ursula von Schad zu Mittelbiberach auf dem \u201eBerg zu Untermarchtal\u201c, der heutigen Pfarrkirche, hinzu. Als 1830 Untermarchtal eine eigene Pfarrei unter dem Patronat von Freiher Friedrich von Spet, wurde, sind diese beiden Kaplaneien vereinigt worden. Zuvor aber schon im Jahre 1749 kam der Weltpriester und Kaplan-Kurat Anton (Franz Xaver) Sailer als \u201eHofkaplan\u201c in die Kaplanei des Baron von Speth nach Untermarchtal. Er war der leibliche Bruder von Pater Sebastian Sailer, dem Prediger, Seelsorger und Pr\u00e4monstratenserpater vom Kloster Marchtal und beide hatten einen guten, herzlichen Kontakt zueinander. Wie es dem Buch von Verfasser Hermann Blankenhorn aus Allmendingen und \u00fcber den \u201eHeiligen Tiberius von Obermarchtal\u201c hei\u00dft, sind die Festpredigtfassungen von Anton Franz Xaver Sailer von der Zeit bei \u201eseiner hochfreiherrlichen Gnaden beim Herrn Baron von Speth in Untermarchtal als Hofkaplan\u201c zusammengefa\u00dft. Ursprungsverlag Matth\u00e4us Rieger und S\u00f6hne Augsburg im Jahre 1770. Die beiden Br\u00fcder Sailer unterst\u00fctzten sich im Seelsorgedienst im Bereich von Marchtal und dar\u00fcber hinaus. Franz Xaver Sailer war bis 1812 Kaplan in Untermarchtal und wohnte im Kaplaneihaus seines Dienstherrn Baron von Speth in der damaligen Herrengasse das ab 1830 bis 1923 Pfarrhaus war. Die Besitzer haben seit dem mehrmals bis zum heutigen Tag gewechselt und setzen so die Geschichte eines alten Hauses im Dorf fort.<\/p>\r\n\r\n<div id=\"attachment_1002\" style=\"width: 637px\" class=\"wp-caption alignnone\"><img loading=\"lazy\" decoding=\"async\" aria-describedby=\"caption-attachment-1002\" class=\"wp-image-1002 size-full\" src=\"https:\/\/www.gemeinde-untermarchtal.de\/bilder\/90_Jahre_Pfarrhaus_alte_Kplanei.jpg\" alt=\"90_jahre_pfarrhaus_alte_kplanei\" width=\"627\" height=\"470\" \/><p id=\"caption-attachment-1002\" class=\"wp-caption-text\">Foto des \u201ealten, ehemaligen Kaplaneihaus und Pfarrhaus von 1740 in der Untermarchtaler Freiherr-von-Speth-Stra\u00dfe\u201c<\/p><\/div>\r\n\r\n<p>Pfarrer Felix Stiegele \u2013 auch in der Politik t\u00e4tig Seine politischen Wurzeln lagen bei ihm in der seinerzeitigen Zentrumspartei und dem Volksverein f\u00fcr das katholische Deutschland \u2013VkD-, dessen Landessekret\u00e4r er war, eine Organisation, die bis zu ihrer Aufl\u00f6sung im Jahre 1934 in der Volksbildung und Sozialpolitik auch in Konkurrenz mit der Sozialdemokratie und den Gewerkschaften und sogar mit Teilen des Episkopat und konservativen Kr\u00e4ften im Zentrum, stand. Eine spannende Zeit. Als Kandidat der Zentrumspartei wurde Stiegele von 1914 \u2013 1918 in den Reichstag in Berlin und von 1916 \u2013 1921 in den Stuttgarter Landtag gew\u00e4hlt. Durch den politischen Wechsel schied er aber 1918 aber aus dem parlamentarischen Leben aus. Ein Verh\u00f6r durch SA-Leute in einer Sonderkommissiion im Jahre 1933 brachte ihm eine kurzzeitige Verhaftung ein. Er widersetzte sich \u00f6ffentlich gegen die NS-Anordnung, den \u201eVolksverein f\u00fcr das katholische Deutschland\u201c aufzul\u00f6sen. Der Vermerk in der Chronik \u201eO Gott, gib mir die Kraft, still zu Leiden\u201c st\u00f6rte die seinerzeiigen Machthaber. 1932 inzwischen zum Dekan des Land-Kapitels Ehingen (Donau) bis 1949 gew\u00e4hlt, war die Untermarchtaler Pfarrei wie andere Pfarreien auch, verpflichtet worden, eine \u201eMetallspende dem deutschen Volk zum Geburtstag des F\u00fchrers im Jahre 1940\u201c zu geben. \u201eSo m\u00fcssen wir wieder unsere sch\u00f6nen Bronceglocken dem Vaterland opfern wie im letzten Krieg\u201c. Nach dem ersten Weltkrieg sammelte Stiegele in seiner Gemeinde f\u00fcr 2 neue Glocken.<\/p>\r\n\r\n<p>Sein Onkel, Geheimrat Dr. Stiegele \u00fcbernahm einen Teil der Kosten von damals 80.000 Mark. Als 8. Pfarrer der Untermarchtaler Pfarrei St. Andreas war er von 1917 bis zu seinem Tod im Jahre 1951 t\u00e4tig.<\/p>\r\n\r\n<div id=\"attachment_1003\" style=\"width: 637px\" class=\"wp-caption alignnone\"><img loading=\"lazy\" decoding=\"async\" aria-describedby=\"caption-attachment-1003\" class=\"wp-image-1003 size-full\" src=\"https:\/\/www.gemeinde-untermarchtal.de\/bilder\/90_Jahre_Pfarrhaus_heute.jpg\" alt=\"90_jahre_pfarrhaus_heute\" width=\"627\" height=\"470\" \/><p id=\"caption-attachment-1003\" class=\"wp-caption-text\">Das jetzige Pfarrhaus erbaut 1923 im Kirchweg<\/p><\/div>","protected":false},"excerpt":{"rendered":"<p>90 Jahre Pfarrhaus der Pfarrei St. Andreas Untermarchtal Der damalige Pfarrhaus-Neubau in Untermarchtal im Jahre 1923 j\u00e4hrt sich heuer zum 90. mal. Pfarrer und Dekan Felix Stiegele verwirklichte den Plan f\u00fcr ein neues Pfarrhaus mit der Kirchengemeinde St. Andreas in einer schwierigen Zeit der Geldinflation gegen alle Widrigkeiten und konnte die Bauausf\u00fchrung auch mit der [&hellip;]<\/p>\n","protected":false},"author":1,"featured_media":0,"parent":0,"menu_order":0,"comment_status":"closed","ping_status":"closed","template":"page-templates\/_template_historische_beitraege.php","meta":{"_acf_changed":false,"footnotes":""},"class_list":["post-632","page","type-page","status-publish","hentry"],"acf":[],"yoast_head":"<!-- This site is optimized with the Yoast SEO plugin v26.7 - https:\/\/yoast.com\/wordpress\/plugins\/seo\/ -->\n<title>Pfarrhaus der Pfarrei St. Andreas Untermarchtal - Gemeinde Untermarchtal<\/title>\n<meta name=\"robots\" content=\"index, follow, max-snippet:-1, max-image-preview:large, max-video-preview:-1\" \/>\n<link rel=\"canonical\" href=\"https:\/\/www.gemeinde-untermarchtal.de\/index.php\/pfarrhaus-der-pfarrei-st-andreas-untermarchtal\/\" \/>\n<meta property=\"og:locale\" content=\"de_DE\" \/>\n<meta property=\"og:type\" content=\"article\" \/>\n<meta property=\"og:title\" content=\"Pfarrhaus der Pfarrei St. Andreas Untermarchtal - Gemeinde Untermarchtal\" \/>\n<meta property=\"og:description\" content=\"90 Jahre Pfarrhaus der Pfarrei St. Andreas Untermarchtal Der damalige Pfarrhaus-Neubau in Untermarchtal im Jahre 1923 j\u00e4hrt sich heuer zum 90. mal. Pfarrer und Dekan Felix Stiegele verwirklichte den Plan f\u00fcr ein neues Pfarrhaus mit der Kirchengemeinde St. Andreas in einer schwierigen Zeit der Geldinflation gegen alle Widrigkeiten und konnte die Bauausf\u00fchrung auch mit der [&hellip;]\" \/>\n<meta property=\"og:url\" content=\"https:\/\/www.gemeinde-untermarchtal.de\/index.php\/pfarrhaus-der-pfarrei-st-andreas-untermarchtal\/\" \/>\n<meta property=\"og:site_name\" content=\"Gemeinde Untermarchtal\" \/>\n<meta property=\"article:modified_time\" content=\"2018-07-21T18:39:15+00:00\" \/>\n<meta property=\"og:image\" content=\"https:\/\/www.gemeinde-untermarchtal.de\/bilder\/90_Jahre_Pfarrhaus_alte_Kplanei.jpg\" \/>\n<meta name=\"twitter:card\" content=\"summary_large_image\" \/>\n<meta name=\"twitter:label1\" content=\"Gesch\u00e4tzte Lesezeit\" \/>\n\t<meta name=\"twitter:data1\" content=\"4\u00a0Minuten\" \/>\n<script type=\"application\/ld+json\" class=\"yoast-schema-graph\">{\"@context\":\"https:\/\/schema.org\",\"@graph\":[{\"@type\":\"WebPage\",\"@id\":\"https:\/\/www.gemeinde-untermarchtal.de\/index.php\/pfarrhaus-der-pfarrei-st-andreas-untermarchtal\/\",\"url\":\"https:\/\/www.gemeinde-untermarchtal.de\/index.php\/pfarrhaus-der-pfarrei-st-andreas-untermarchtal\/\",\"name\":\"Pfarrhaus der Pfarrei St. Andreas Untermarchtal - Gemeinde Untermarchtal\",\"isPartOf\":{\"@id\":\"https:\/\/www.gemeinde-untermarchtal.de\/#website\"},\"primaryImageOfPage\":{\"@id\":\"https:\/\/www.gemeinde-untermarchtal.de\/index.php\/pfarrhaus-der-pfarrei-st-andreas-untermarchtal\/#primaryimage\"},\"image\":{\"@id\":\"https:\/\/www.gemeinde-untermarchtal.de\/index.php\/pfarrhaus-der-pfarrei-st-andreas-untermarchtal\/#primaryimage\"},\"thumbnailUrl\":\"https:\/\/www.gemeinde-untermarchtal.de\/bilder\/90_Jahre_Pfarrhaus_alte_Kplanei.jpg\",\"datePublished\":\"2016-09-15T09:25:18+00:00\",\"dateModified\":\"2018-07-21T18:39:15+00:00\",\"breadcrumb\":{\"@id\":\"https:\/\/www.gemeinde-untermarchtal.de\/index.php\/pfarrhaus-der-pfarrei-st-andreas-untermarchtal\/#breadcrumb\"},\"inLanguage\":\"de\",\"potentialAction\":[{\"@type\":\"ReadAction\",\"target\":[\"https:\/\/www.gemeinde-untermarchtal.de\/index.php\/pfarrhaus-der-pfarrei-st-andreas-untermarchtal\/\"]}]},{\"@type\":\"ImageObject\",\"inLanguage\":\"de\",\"@id\":\"https:\/\/www.gemeinde-untermarchtal.de\/index.php\/pfarrhaus-der-pfarrei-st-andreas-untermarchtal\/#primaryimage\",\"url\":\"https:\/\/www.gemeinde-untermarchtal.de\/bilder\/90_Jahre_Pfarrhaus_alte_Kplanei.jpg\",\"contentUrl\":\"https:\/\/www.gemeinde-untermarchtal.de\/bilder\/90_Jahre_Pfarrhaus_alte_Kplanei.jpg\",\"width\":627,\"height\":470},{\"@type\":\"BreadcrumbList\",\"@id\":\"https:\/\/www.gemeinde-untermarchtal.de\/index.php\/pfarrhaus-der-pfarrei-st-andreas-untermarchtal\/#breadcrumb\",\"itemListElement\":[{\"@type\":\"ListItem\",\"position\":1,\"name\":\"Startseite\",\"item\":\"https:\/\/www.gemeinde-untermarchtal.de\/\"},{\"@type\":\"ListItem\",\"position\":2,\"name\":\"Pfarrhaus der Pfarrei St. Andreas Untermarchtal\"}]},{\"@type\":\"WebSite\",\"@id\":\"https:\/\/www.gemeinde-untermarchtal.de\/#website\",\"url\":\"https:\/\/www.gemeinde-untermarchtal.de\/\",\"name\":\"Gemeinde Untermarchtal\",\"description\":\"Gemeinde Untermarchtal\",\"potentialAction\":[{\"@type\":\"SearchAction\",\"target\":{\"@type\":\"EntryPoint\",\"urlTemplate\":\"https:\/\/www.gemeinde-untermarchtal.de\/?s={search_term_string}\"},\"query-input\":{\"@type\":\"PropertyValueSpecification\",\"valueRequired\":true,\"valueName\":\"search_term_string\"}}],\"inLanguage\":\"de\"}]}<\/script>\n<!-- \/ Yoast SEO plugin. -->","yoast_head_json":{"title":"Pfarrhaus der Pfarrei St. Andreas Untermarchtal - Gemeinde Untermarchtal","robots":{"index":"index","follow":"follow","max-snippet":"max-snippet:-1","max-image-preview":"max-image-preview:large","max-video-preview":"max-video-preview:-1"},"canonical":"https:\/\/www.gemeinde-untermarchtal.de\/index.php\/pfarrhaus-der-pfarrei-st-andreas-untermarchtal\/","og_locale":"de_DE","og_type":"article","og_title":"Pfarrhaus der Pfarrei St. Andreas Untermarchtal - Gemeinde Untermarchtal","og_description":"90 Jahre Pfarrhaus der Pfarrei St. Andreas Untermarchtal Der damalige Pfarrhaus-Neubau in Untermarchtal im Jahre 1923 j\u00e4hrt sich heuer zum 90. mal. Pfarrer und Dekan Felix Stiegele verwirklichte den Plan f\u00fcr ein neues Pfarrhaus mit der Kirchengemeinde St. Andreas in einer schwierigen Zeit der Geldinflation gegen alle Widrigkeiten und konnte die Bauausf\u00fchrung auch mit der [&hellip;]","og_url":"https:\/\/www.gemeinde-untermarchtal.de\/index.php\/pfarrhaus-der-pfarrei-st-andreas-untermarchtal\/","og_site_name":"Gemeinde Untermarchtal","article_modified_time":"2018-07-21T18:39:15+00:00","og_image":[{"url":"https:\/\/www.gemeinde-untermarchtal.de\/bilder\/90_Jahre_Pfarrhaus_alte_Kplanei.jpg","type":"","width":"","height":""}],"twitter_card":"summary_large_image","twitter_misc":{"Gesch\u00e4tzte Lesezeit":"4\u00a0Minuten"},"schema":{"@context":"https:\/\/schema.org","@graph":[{"@type":"WebPage","@id":"https:\/\/www.gemeinde-untermarchtal.de\/index.php\/pfarrhaus-der-pfarrei-st-andreas-untermarchtal\/","url":"https:\/\/www.gemeinde-untermarchtal.de\/index.php\/pfarrhaus-der-pfarrei-st-andreas-untermarchtal\/","name":"Pfarrhaus der Pfarrei St. Andreas Untermarchtal - Gemeinde Untermarchtal","isPartOf":{"@id":"https:\/\/www.gemeinde-untermarchtal.de\/#website"},"primaryImageOfPage":{"@id":"https:\/\/www.gemeinde-untermarchtal.de\/index.php\/pfarrhaus-der-pfarrei-st-andreas-untermarchtal\/#primaryimage"},"image":{"@id":"https:\/\/www.gemeinde-untermarchtal.de\/index.php\/pfarrhaus-der-pfarrei-st-andreas-untermarchtal\/#primaryimage"},"thumbnailUrl":"https:\/\/www.gemeinde-untermarchtal.de\/bilder\/90_Jahre_Pfarrhaus_alte_Kplanei.jpg","datePublished":"2016-09-15T09:25:18+00:00","dateModified":"2018-07-21T18:39:15+00:00","breadcrumb":{"@id":"https:\/\/www.gemeinde-untermarchtal.de\/index.php\/pfarrhaus-der-pfarrei-st-andreas-untermarchtal\/#breadcrumb"},"inLanguage":"de","potentialAction":[{"@type":"ReadAction","target":["https:\/\/www.gemeinde-untermarchtal.de\/index.php\/pfarrhaus-der-pfarrei-st-andreas-untermarchtal\/"]}]},{"@type":"ImageObject","inLanguage":"de","@id":"https:\/\/www.gemeinde-untermarchtal.de\/index.php\/pfarrhaus-der-pfarrei-st-andreas-untermarchtal\/#primaryimage","url":"https:\/\/www.gemeinde-untermarchtal.de\/bilder\/90_Jahre_Pfarrhaus_alte_Kplanei.jpg","contentUrl":"https:\/\/www.gemeinde-untermarchtal.de\/bilder\/90_Jahre_Pfarrhaus_alte_Kplanei.jpg","width":627,"height":470},{"@type":"BreadcrumbList","@id":"https:\/\/www.gemeinde-untermarchtal.de\/index.php\/pfarrhaus-der-pfarrei-st-andreas-untermarchtal\/#breadcrumb","itemListElement":[{"@type":"ListItem","position":1,"name":"Startseite","item":"https:\/\/www.gemeinde-untermarchtal.de\/"},{"@type":"ListItem","position":2,"name":"Pfarrhaus der Pfarrei St. Andreas Untermarchtal"}]},{"@type":"WebSite","@id":"https:\/\/www.gemeinde-untermarchtal.de\/#website","url":"https:\/\/www.gemeinde-untermarchtal.de\/","name":"Gemeinde Untermarchtal","description":"Gemeinde Untermarchtal","potentialAction":[{"@type":"SearchAction","target":{"@type":"EntryPoint","urlTemplate":"https:\/\/www.gemeinde-untermarchtal.de\/?s={search_term_string}"},"query-input":{"@type":"PropertyValueSpecification","valueRequired":true,"valueName":"search_term_string"}}],"inLanguage":"de"}]}},"_links":{"self":[{"href":"https:\/\/www.gemeinde-untermarchtal.de\/index.php\/wp-json\/wp\/v2\/pages\/632","targetHints":{"allow":["GET"]}}],"collection":[{"href":"https:\/\/www.gemeinde-untermarchtal.de\/index.php\/wp-json\/wp\/v2\/pages"}],"about":[{"href":"https:\/\/www.gemeinde-untermarchtal.de\/index.php\/wp-json\/wp\/v2\/types\/page"}],"author":[{"embeddable":true,"href":"https:\/\/www.gemeinde-untermarchtal.de\/index.php\/wp-json\/wp\/v2\/users\/1"}],"replies":[{"embeddable":true,"href":"https:\/\/www.gemeinde-untermarchtal.de\/index.php\/wp-json\/wp\/v2\/comments?post=632"}],"version-history":[{"count":10,"href":"https:\/\/www.gemeinde-untermarchtal.de\/index.php\/wp-json\/wp\/v2\/pages\/632\/revisions"}],"predecessor-version":[{"id":2778,"href":"https:\/\/www.gemeinde-untermarchtal.de\/index.php\/wp-json\/wp\/v2\/pages\/632\/revisions\/2778"}],"wp:attachment":[{"href":"https:\/\/www.gemeinde-untermarchtal.de\/index.php\/wp-json\/wp\/v2\/media?parent=632"}],"curies":[{"name":"wp","href":"https:\/\/api.w.org\/{rel}","templated":true}]}}