{"id":728,"date":"2016-09-17T07:00:43","date_gmt":"2016-09-17T05:00:43","guid":{"rendered":"http:\/\/www.gemeinde-untermarchtal.de\/?page_id=728"},"modified":"2016-09-23T19:47:36","modified_gmt":"2016-09-23T17:47:36","slug":"generationen-aktiv-park","status":"publish","type":"page","link":"https:\/\/www.gemeinde-untermarchtal.de\/index.php\/generationen-aktiv-park\/","title":{"rendered":"Generationen Aktiv Park"},"content":{"rendered":"<h2>Lebensfreude entdecken im Einklang mit der Natur<\/h2>\r\n\r\n<p>Mit dem Generationen Aktiv Park &#8222;Garten Eden&#8220; wurde in Zusammenarbeit des Klosters Untermarchtal und der Gemeinde Untermarchtal ein Angebot geschaffen, das sich an Jung und Alt richtet mit dem Ziel, das Miteinander der Generationen zu f\u00f6rdern und zu st\u00e4rken. Eingebunden in die faszinierende Landschaft zwischen Donau- und Lautertal, befinden sich  auf dem  ca. 30.000 m&sup2; gro\u00dfen Gel\u00e4nde ein Tierpark, ein Sinnes- und Therapiegarten, ein Bewegungsgarten, ein Walderlebnisbereich und eine Kinderaktivinsel.<\/p>\r\n\r\n<p>In Verbindung mit Spiel, Spa\u00df und Bewegung bieten sich hier f\u00fcr junge und \u00e4ltere, gesunde und kranke Menschen viele M\u00f6glichkeiten Begegnung und Sinneserfahrungen neu zu entdecken.<\/p>\r\n<p>Wir w\u00fcnschen Ihnen einen sch\u00f6nen Aufenthalt!<\/p>\r\n","protected":false},"excerpt":{"rendered":"<p>Lebensfreude entdecken im Einklang mit der Natur Mit dem Generationen Aktiv Park &#8222;Garten Eden&#8220; wurde in Zusammenarbeit des Klosters Untermarchtal und der Gemeinde Untermarchtal ein Angebot geschaffen, das sich an Jung und Alt richtet mit dem Ziel, das Miteinander der Generationen zu f\u00f6rdern und zu st\u00e4rken. Eingebunden in die faszinierende Landschaft zwischen Donau- und Lautertal, [&hellip;]<\/p>\n","protected":false},"author":1,"featured_media":0,"parent":0,"menu_order":0,"comment_status":"closed","ping_status":"closed","template":"page-templates\/template_unterseite_sidebar.php","meta":{"_acf_changed":false,"footnotes":""},"class_list":["post-728","page","type-page","status-publish","hentry"],"acf":[],"yoast_head":"<!-- This site is optimized with the Yoast SEO plugin v26.7 - https:\/\/yoast.com\/wordpress\/plugins\/seo\/ -->\n<title>Generationen Aktiv Park - Gemeinde Untermarchtal<\/title>\n<meta name=\"robots\" content=\"index, follow, max-snippet:-1, max-image-preview:large, max-video-preview:-1\" \/>\n<link rel=\"canonical\" href=\"https:\/\/www.gemeinde-untermarchtal.de\/index.php\/generationen-aktiv-park\/\" \/>\n<meta property=\"og:locale\" content=\"de_DE\" \/>\n<meta property=\"og:type\" content=\"article\" \/>\n<meta property=\"og:title\" content=\"Generationen Aktiv Park - Gemeinde Untermarchtal\" \/>\n<meta property=\"og:description\" content=\"Lebensfreude entdecken im Einklang mit der Natur Mit dem Generationen Aktiv Park &#8222;Garten Eden&#8220; wurde in Zusammenarbeit des Klosters Untermarchtal und der Gemeinde Untermarchtal ein Angebot geschaffen, das sich an Jung und Alt richtet mit dem Ziel, das Miteinander der Generationen zu f\u00f6rdern und zu st\u00e4rken. Eingebunden in die faszinierende Landschaft zwischen Donau- und Lautertal, [&hellip;]\" \/>\n<meta property=\"og:url\" content=\"https:\/\/www.gemeinde-untermarchtal.de\/index.php\/generationen-aktiv-park\/\" \/>\n<meta property=\"og:site_name\" content=\"Gemeinde Untermarchtal\" \/>\n<meta property=\"article:modified_time\" content=\"2016-09-23T17:47:36+00:00\" \/>\n<meta name=\"twitter:card\" content=\"summary_large_image\" \/>\n<meta name=\"twitter:label1\" content=\"Gesch\u00e4tzte Lesezeit\" \/>\n\t<meta name=\"twitter:data1\" content=\"1\u00a0Minute\" \/>\n<script type=\"application\/ld+json\" class=\"yoast-schema-graph\">{\"@context\":\"https:\/\/schema.org\",\"@graph\":[{\"@type\":\"WebPage\",\"@id\":\"https:\/\/www.gemeinde-untermarchtal.de\/index.php\/generationen-aktiv-park\/\",\"url\":\"https:\/\/www.gemeinde-untermarchtal.de\/index.php\/generationen-aktiv-park\/\",\"name\":\"Generationen Aktiv Park - Gemeinde Untermarchtal\",\"isPartOf\":{\"@id\":\"https:\/\/www.gemeinde-untermarchtal.de\/#website\"},\"datePublished\":\"2016-09-17T05:00:43+00:00\",\"dateModified\":\"2016-09-23T17:47:36+00:00\",\"breadcrumb\":{\"@id\":\"https:\/\/www.gemeinde-untermarchtal.de\/index.php\/generationen-aktiv-park\/#breadcrumb\"},\"inLanguage\":\"de\",\"potentialAction\":[{\"@type\":\"ReadAction\",\"target\":[\"https:\/\/www.gemeinde-untermarchtal.de\/index.php\/generationen-aktiv-park\/\"]}]},{\"@type\":\"BreadcrumbList\",\"@id\":\"https:\/\/www.gemeinde-untermarchtal.de\/index.php\/generationen-aktiv-park\/#breadcrumb\",\"itemListElement\":[{\"@type\":\"ListItem\",\"position\":1,\"name\":\"Startseite\",\"item\":\"https:\/\/www.gemeinde-untermarchtal.de\/\"},{\"@type\":\"ListItem\",\"position\":2,\"name\":\"Generationen Aktiv Park\"}]},{\"@type\":\"WebSite\",\"@id\":\"https:\/\/www.gemeinde-untermarchtal.de\/#website\",\"url\":\"https:\/\/www.gemeinde-untermarchtal.de\/\",\"name\":\"Gemeinde Untermarchtal\",\"description\":\"Gemeinde Untermarchtal\",\"potentialAction\":[{\"@type\":\"SearchAction\",\"target\":{\"@type\":\"EntryPoint\",\"urlTemplate\":\"https:\/\/www.gemeinde-untermarchtal.de\/?s={search_term_string}\"},\"query-input\":{\"@type\":\"PropertyValueSpecification\",\"valueRequired\":true,\"valueName\":\"search_term_string\"}}],\"inLanguage\":\"de\"}]}<\/script>\n<!-- \/ Yoast SEO plugin. -->","yoast_head_json":{"title":"Generationen Aktiv Park - Gemeinde Untermarchtal","robots":{"index":"index","follow":"follow","max-snippet":"max-snippet:-1","max-image-preview":"max-image-preview:large","max-video-preview":"max-video-preview:-1"},"canonical":"https:\/\/www.gemeinde-untermarchtal.de\/index.php\/generationen-aktiv-park\/","og_locale":"de_DE","og_type":"article","og_title":"Generationen Aktiv Park - Gemeinde Untermarchtal","og_description":"Lebensfreude entdecken im Einklang mit der Natur Mit dem Generationen Aktiv Park &#8222;Garten Eden&#8220; wurde in Zusammenarbeit des Klosters Untermarchtal und der Gemeinde Untermarchtal ein Angebot geschaffen, das sich an Jung und Alt richtet mit dem Ziel, das Miteinander der Generationen zu f\u00f6rdern und zu st\u00e4rken. Eingebunden in die faszinierende Landschaft zwischen Donau- und Lautertal, [&hellip;]","og_url":"https:\/\/www.gemeinde-untermarchtal.de\/index.php\/generationen-aktiv-park\/","og_site_name":"Gemeinde Untermarchtal","article_modified_time":"2016-09-23T17:47:36+00:00","twitter_card":"summary_large_image","twitter_misc":{"Gesch\u00e4tzte Lesezeit":"1\u00a0Minute"},"schema":{"@context":"https:\/\/schema.org","@graph":[{"@type":"WebPage","@id":"https:\/\/www.gemeinde-untermarchtal.de\/index.php\/generationen-aktiv-park\/","url":"https:\/\/www.gemeinde-untermarchtal.de\/index.php\/generationen-aktiv-park\/","name":"Generationen Aktiv Park - Gemeinde Untermarchtal","isPartOf":{"@id":"https:\/\/www.gemeinde-untermarchtal.de\/#website"},"datePublished":"2016-09-17T05:00:43+00:00","dateModified":"2016-09-23T17:47:36+00:00","breadcrumb":{"@id":"https:\/\/www.gemeinde-untermarchtal.de\/index.php\/generationen-aktiv-park\/#breadcrumb"},"inLanguage":"de","potentialAction":[{"@type":"ReadAction","target":["https:\/\/www.gemeinde-untermarchtal.de\/index.php\/generationen-aktiv-park\/"]}]},{"@type":"BreadcrumbList","@id":"https:\/\/www.gemeinde-untermarchtal.de\/index.php\/generationen-aktiv-park\/#breadcrumb","itemListElement":[{"@type":"ListItem","position":1,"name":"Startseite","item":"https:\/\/www.gemeinde-untermarchtal.de\/"},{"@type":"ListItem","position":2,"name":"Generationen Aktiv Park"}]},{"@type":"WebSite","@id":"https:\/\/www.gemeinde-untermarchtal.de\/#website","url":"https:\/\/www.gemeinde-untermarchtal.de\/","name":"Gemeinde Untermarchtal","description":"Gemeinde Untermarchtal","potentialAction":[{"@type":"SearchAction","target":{"@type":"EntryPoint","urlTemplate":"https:\/\/www.gemeinde-untermarchtal.de\/?s={search_term_string}"},"query-input":{"@type":"PropertyValueSpecification","valueRequired":true,"valueName":"search_term_string"}}],"inLanguage":"de"}]}},"_links":{"self":[{"href":"https:\/\/www.gemeinde-untermarchtal.de\/index.php\/wp-json\/wp\/v2\/pages\/728","targetHints":{"allow":["GET"]}}],"collection":[{"href":"https:\/\/www.gemeinde-untermarchtal.de\/index.php\/wp-json\/wp\/v2\/pages"}],"about":[{"href":"https:\/\/www.gemeinde-untermarchtal.de\/index.php\/wp-json\/wp\/v2\/types\/page"}],"author":[{"embeddable":true,"href":"https:\/\/www.gemeinde-untermarchtal.de\/index.php\/wp-json\/wp\/v2\/users\/1"}],"replies":[{"embeddable":true,"href":"https:\/\/www.gemeinde-untermarchtal.de\/index.php\/wp-json\/wp\/v2\/comments?post=728"}],"version-history":[{"count":23,"href":"https:\/\/www.gemeinde-untermarchtal.de\/index.php\/wp-json\/wp\/v2\/pages\/728\/revisions"}],"predecessor-version":[{"id":964,"href":"https:\/\/www.gemeinde-untermarchtal.de\/index.php\/wp-json\/wp\/v2\/pages\/728\/revisions\/964"}],"wp:attachment":[{"href":"https:\/\/www.gemeinde-untermarchtal.de\/index.php\/wp-json\/wp\/v2\/media?parent=728"}],"curies":[{"name":"wp","href":"https:\/\/api.w.org\/{rel}","templated":true}]}}