{"id":79,"date":"2016-08-31T13:40:31","date_gmt":"2016-08-31T11:40:31","guid":{"rendered":"http:\/\/dev.gemeinde-untermarchtal.de\/?page_id=79"},"modified":"2016-09-17T15:00:01","modified_gmt":"2016-09-17T13:00:01","slug":"schwaebischer-heimatbund","status":"publish","type":"page","link":"https:\/\/www.gemeinde-untermarchtal.de\/index.php\/schwaebischer-heimatbund\/","title":{"rendered":"Schw\u00e4bischer Heimatbund"},"content":{"rendered":"Die Ortsgruppe des Schw\u00e4bischen Heimatbundes e.V. umfasst rund 40 Mitglieder. Ihre Hauptaufgabe besteht in der Betreuung, Pflege und Unterhaltung des SHB-eigenen technischen Museums, das im Rahmen einer Dauerausstellung, sowie bei regelm\u00e4\u00dfigen F\u00fchrungen von April bis Oktober der \u00d6ffentlichkeit zug\u00e4nglich ist. Regelm\u00e4\u00dfige Veranstaltungen wie &#8222;Tag der offenen T\u00fcr\u201c locken viele G\u00e4ste aus Nah und Fern in das Museum. Hierbei gewinnen Sie sowohl einen Einblick in die vergangene Industriegeschichte, als auch in die damalige Handwerkskunst.","protected":false},"excerpt":{"rendered":"<p>Die Ortsgruppe des Schw\u00e4bischen Heimatbundes e.V. umfasst rund 40 Mitglieder. Ihre Hauptaufgabe besteht in der Betreuung, Pflege und Unterhaltung des SHB-eigenen technischen Museums, das im Rahmen einer Dauerausstellung, sowie bei regelm\u00e4\u00dfigen F\u00fchrungen von April bis Oktober der \u00d6ffentlichkeit zug\u00e4nglich ist. Regelm\u00e4\u00dfige Veranstaltungen wie &#8222;Tag der offenen T\u00fcr\u201c locken viele G\u00e4ste aus Nah und Fern in [&hellip;]<\/p>\n","protected":false},"author":1,"featured_media":0,"parent":0,"menu_order":0,"comment_status":"closed","ping_status":"closed","template":"page-templates\/template_unterseite_sidebar.php","meta":{"_acf_changed":false,"footnotes":""},"class_list":["post-79","page","type-page","status-publish","hentry"],"acf":[],"yoast_head":"<!-- This site is optimized with the Yoast SEO plugin v26.7 - https:\/\/yoast.com\/wordpress\/plugins\/seo\/ -->\n<title>Schw\u00e4bischer Heimatbund - Gemeinde Untermarchtal<\/title>\n<meta name=\"robots\" content=\"index, follow, max-snippet:-1, max-image-preview:large, max-video-preview:-1\" \/>\n<link rel=\"canonical\" href=\"https:\/\/www.gemeinde-untermarchtal.de\/index.php\/schwaebischer-heimatbund\/\" \/>\n<meta property=\"og:locale\" content=\"de_DE\" \/>\n<meta property=\"og:type\" content=\"article\" \/>\n<meta property=\"og:title\" content=\"Schw\u00e4bischer Heimatbund - Gemeinde Untermarchtal\" \/>\n<meta property=\"og:description\" content=\"Die Ortsgruppe des Schw\u00e4bischen Heimatbundes e.V. umfasst rund 40 Mitglieder. Ihre Hauptaufgabe besteht in der Betreuung, Pflege und Unterhaltung des SHB-eigenen technischen Museums, das im Rahmen einer Dauerausstellung, sowie bei regelm\u00e4\u00dfigen F\u00fchrungen von April bis Oktober der \u00d6ffentlichkeit zug\u00e4nglich ist. Regelm\u00e4\u00dfige Veranstaltungen wie &#8222;Tag der offenen T\u00fcr\u201c locken viele G\u00e4ste aus Nah und Fern in [&hellip;]\" \/>\n<meta property=\"og:url\" content=\"https:\/\/www.gemeinde-untermarchtal.de\/index.php\/schwaebischer-heimatbund\/\" \/>\n<meta property=\"og:site_name\" content=\"Gemeinde Untermarchtal\" \/>\n<meta property=\"article:modified_time\" content=\"2016-09-17T13:00:01+00:00\" \/>\n<meta name=\"twitter:card\" content=\"summary_large_image\" \/>\n<script type=\"application\/ld+json\" class=\"yoast-schema-graph\">{\"@context\":\"https:\/\/schema.org\",\"@graph\":[{\"@type\":\"WebPage\",\"@id\":\"https:\/\/www.gemeinde-untermarchtal.de\/index.php\/schwaebischer-heimatbund\/\",\"url\":\"https:\/\/www.gemeinde-untermarchtal.de\/index.php\/schwaebischer-heimatbund\/\",\"name\":\"Schw\u00e4bischer Heimatbund - Gemeinde Untermarchtal\",\"isPartOf\":{\"@id\":\"https:\/\/www.gemeinde-untermarchtal.de\/#website\"},\"datePublished\":\"2016-08-31T11:40:31+00:00\",\"dateModified\":\"2016-09-17T13:00:01+00:00\",\"breadcrumb\":{\"@id\":\"https:\/\/www.gemeinde-untermarchtal.de\/index.php\/schwaebischer-heimatbund\/#breadcrumb\"},\"inLanguage\":\"de\",\"potentialAction\":[{\"@type\":\"ReadAction\",\"target\":[\"https:\/\/www.gemeinde-untermarchtal.de\/index.php\/schwaebischer-heimatbund\/\"]}]},{\"@type\":\"BreadcrumbList\",\"@id\":\"https:\/\/www.gemeinde-untermarchtal.de\/index.php\/schwaebischer-heimatbund\/#breadcrumb\",\"itemListElement\":[{\"@type\":\"ListItem\",\"position\":1,\"name\":\"Startseite\",\"item\":\"https:\/\/www.gemeinde-untermarchtal.de\/\"},{\"@type\":\"ListItem\",\"position\":2,\"name\":\"Schw\u00e4bischer Heimatbund\"}]},{\"@type\":\"WebSite\",\"@id\":\"https:\/\/www.gemeinde-untermarchtal.de\/#website\",\"url\":\"https:\/\/www.gemeinde-untermarchtal.de\/\",\"name\":\"Gemeinde Untermarchtal\",\"description\":\"Gemeinde Untermarchtal\",\"potentialAction\":[{\"@type\":\"SearchAction\",\"target\":{\"@type\":\"EntryPoint\",\"urlTemplate\":\"https:\/\/www.gemeinde-untermarchtal.de\/?s={search_term_string}\"},\"query-input\":{\"@type\":\"PropertyValueSpecification\",\"valueRequired\":true,\"valueName\":\"search_term_string\"}}],\"inLanguage\":\"de\"}]}<\/script>\n<!-- \/ Yoast SEO plugin. -->","yoast_head_json":{"title":"Schw\u00e4bischer Heimatbund - Gemeinde Untermarchtal","robots":{"index":"index","follow":"follow","max-snippet":"max-snippet:-1","max-image-preview":"max-image-preview:large","max-video-preview":"max-video-preview:-1"},"canonical":"https:\/\/www.gemeinde-untermarchtal.de\/index.php\/schwaebischer-heimatbund\/","og_locale":"de_DE","og_type":"article","og_title":"Schw\u00e4bischer Heimatbund - Gemeinde Untermarchtal","og_description":"Die Ortsgruppe des Schw\u00e4bischen Heimatbundes e.V. umfasst rund 40 Mitglieder. Ihre Hauptaufgabe besteht in der Betreuung, Pflege und Unterhaltung des SHB-eigenen technischen Museums, das im Rahmen einer Dauerausstellung, sowie bei regelm\u00e4\u00dfigen F\u00fchrungen von April bis Oktober der \u00d6ffentlichkeit zug\u00e4nglich ist. Regelm\u00e4\u00dfige Veranstaltungen wie &#8222;Tag der offenen T\u00fcr\u201c locken viele G\u00e4ste aus Nah und Fern in [&hellip;]","og_url":"https:\/\/www.gemeinde-untermarchtal.de\/index.php\/schwaebischer-heimatbund\/","og_site_name":"Gemeinde Untermarchtal","article_modified_time":"2016-09-17T13:00:01+00:00","twitter_card":"summary_large_image","schema":{"@context":"https:\/\/schema.org","@graph":[{"@type":"WebPage","@id":"https:\/\/www.gemeinde-untermarchtal.de\/index.php\/schwaebischer-heimatbund\/","url":"https:\/\/www.gemeinde-untermarchtal.de\/index.php\/schwaebischer-heimatbund\/","name":"Schw\u00e4bischer Heimatbund - Gemeinde Untermarchtal","isPartOf":{"@id":"https:\/\/www.gemeinde-untermarchtal.de\/#website"},"datePublished":"2016-08-31T11:40:31+00:00","dateModified":"2016-09-17T13:00:01+00:00","breadcrumb":{"@id":"https:\/\/www.gemeinde-untermarchtal.de\/index.php\/schwaebischer-heimatbund\/#breadcrumb"},"inLanguage":"de","potentialAction":[{"@type":"ReadAction","target":["https:\/\/www.gemeinde-untermarchtal.de\/index.php\/schwaebischer-heimatbund\/"]}]},{"@type":"BreadcrumbList","@id":"https:\/\/www.gemeinde-untermarchtal.de\/index.php\/schwaebischer-heimatbund\/#breadcrumb","itemListElement":[{"@type":"ListItem","position":1,"name":"Startseite","item":"https:\/\/www.gemeinde-untermarchtal.de\/"},{"@type":"ListItem","position":2,"name":"Schw\u00e4bischer Heimatbund"}]},{"@type":"WebSite","@id":"https:\/\/www.gemeinde-untermarchtal.de\/#website","url":"https:\/\/www.gemeinde-untermarchtal.de\/","name":"Gemeinde Untermarchtal","description":"Gemeinde Untermarchtal","potentialAction":[{"@type":"SearchAction","target":{"@type":"EntryPoint","urlTemplate":"https:\/\/www.gemeinde-untermarchtal.de\/?s={search_term_string}"},"query-input":{"@type":"PropertyValueSpecification","valueRequired":true,"valueName":"search_term_string"}}],"inLanguage":"de"}]}},"_links":{"self":[{"href":"https:\/\/www.gemeinde-untermarchtal.de\/index.php\/wp-json\/wp\/v2\/pages\/79","targetHints":{"allow":["GET"]}}],"collection":[{"href":"https:\/\/www.gemeinde-untermarchtal.de\/index.php\/wp-json\/wp\/v2\/pages"}],"about":[{"href":"https:\/\/www.gemeinde-untermarchtal.de\/index.php\/wp-json\/wp\/v2\/types\/page"}],"author":[{"embeddable":true,"href":"https:\/\/www.gemeinde-untermarchtal.de\/index.php\/wp-json\/wp\/v2\/users\/1"}],"replies":[{"embeddable":true,"href":"https:\/\/www.gemeinde-untermarchtal.de\/index.php\/wp-json\/wp\/v2\/comments?post=79"}],"version-history":[{"count":5,"href":"https:\/\/www.gemeinde-untermarchtal.de\/index.php\/wp-json\/wp\/v2\/pages\/79\/revisions"}],"predecessor-version":[{"id":812,"href":"https:\/\/www.gemeinde-untermarchtal.de\/index.php\/wp-json\/wp\/v2\/pages\/79\/revisions\/812"}],"wp:attachment":[{"href":"https:\/\/www.gemeinde-untermarchtal.de\/index.php\/wp-json\/wp\/v2\/media?parent=79"}],"curies":[{"name":"wp","href":"https:\/\/api.w.org\/{rel}","templated":true}]}}