{"id":90,"date":"2016-08-31T13:52:10","date_gmt":"2016-08-31T11:52:10","guid":{"rendered":"http:\/\/dev.gemeinde-untermarchtal.de\/?page_id=90"},"modified":"2023-03-28T18:15:29","modified_gmt":"2023-03-28T16:15:29","slug":"fc-marchtal","status":"publish","type":"page","link":"https:\/\/www.gemeinde-untermarchtal.de\/index.php\/fc-marchtal\/","title":{"rendered":"FC Marchtal"},"content":{"rendered":"Der FC Marchtal ist ein eigenst\u00e4ndiger Verein, der die beiden ausgelagerten Fu\u00dfballabteilungen des SV Untermarchtal und der SpVgg Obermarchtal beherbergt. Hier haben die Bambinis, die Kinder bis Jugendlichen, die Aktiven so wie auch die Senioren-Fu\u00dfballer die Gelegenheit, sich beim regelm\u00e4\u00dfigen Fu\u00dfballspiel und Training zu messen.","protected":false},"excerpt":{"rendered":"<p>Der FC Marchtal ist ein eigenst\u00e4ndiger Verein, der die beiden ausgelagerten Fu\u00dfballabteilungen des SV Untermarchtal und der SpVgg Obermarchtal beherbergt. Hier haben die Bambinis, die Kinder bis Jugendlichen, die Aktiven so wie auch die Senioren-Fu\u00dfballer die Gelegenheit, sich beim regelm\u00e4\u00dfigen Fu\u00dfballspiel und Training zu messen.<\/p>\n","protected":false},"author":1,"featured_media":0,"parent":0,"menu_order":0,"comment_status":"closed","ping_status":"closed","template":"page-templates\/template_unterseite_sidebar.php","meta":{"_acf_changed":false,"footnotes":""},"class_list":["post-90","page","type-page","status-publish","hentry"],"acf":[],"yoast_head":"<!-- This site is optimized with the Yoast SEO plugin v26.7 - https:\/\/yoast.com\/wordpress\/plugins\/seo\/ -->\n<title>FC Marchtal - Gemeinde Untermarchtal<\/title>\n<meta name=\"robots\" content=\"index, follow, max-snippet:-1, max-image-preview:large, max-video-preview:-1\" \/>\n<link rel=\"canonical\" href=\"https:\/\/www.gemeinde-untermarchtal.de\/index.php\/fc-marchtal\/\" \/>\n<meta property=\"og:locale\" content=\"de_DE\" \/>\n<meta property=\"og:type\" content=\"article\" \/>\n<meta property=\"og:title\" content=\"FC Marchtal - Gemeinde Untermarchtal\" \/>\n<meta property=\"og:description\" content=\"Der FC Marchtal ist ein eigenst\u00e4ndiger Verein, der die beiden ausgelagerten Fu\u00dfballabteilungen des SV Untermarchtal und der SpVgg Obermarchtal beherbergt. Hier haben die Bambinis, die Kinder bis Jugendlichen, die Aktiven so wie auch die Senioren-Fu\u00dfballer die Gelegenheit, sich beim regelm\u00e4\u00dfigen Fu\u00dfballspiel und Training zu messen.\" \/>\n<meta property=\"og:url\" content=\"https:\/\/www.gemeinde-untermarchtal.de\/index.php\/fc-marchtal\/\" \/>\n<meta property=\"og:site_name\" content=\"Gemeinde Untermarchtal\" \/>\n<meta property=\"article:modified_time\" content=\"2023-03-28T16:15:29+00:00\" \/>\n<meta name=\"twitter:card\" content=\"summary_large_image\" \/>\n<meta name=\"twitter:label1\" content=\"Gesch\u00e4tzte Lesezeit\" \/>\n\t<meta name=\"twitter:data1\" content=\"1\u00a0Minute\" \/>\n<script type=\"application\/ld+json\" class=\"yoast-schema-graph\">{\"@context\":\"https:\/\/schema.org\",\"@graph\":[{\"@type\":\"WebPage\",\"@id\":\"https:\/\/www.gemeinde-untermarchtal.de\/index.php\/fc-marchtal\/\",\"url\":\"https:\/\/www.gemeinde-untermarchtal.de\/index.php\/fc-marchtal\/\",\"name\":\"FC Marchtal - Gemeinde Untermarchtal\",\"isPartOf\":{\"@id\":\"https:\/\/www.gemeinde-untermarchtal.de\/#website\"},\"datePublished\":\"2016-08-31T11:52:10+00:00\",\"dateModified\":\"2023-03-28T16:15:29+00:00\",\"breadcrumb\":{\"@id\":\"https:\/\/www.gemeinde-untermarchtal.de\/index.php\/fc-marchtal\/#breadcrumb\"},\"inLanguage\":\"de\",\"potentialAction\":[{\"@type\":\"ReadAction\",\"target\":[\"https:\/\/www.gemeinde-untermarchtal.de\/index.php\/fc-marchtal\/\"]}]},{\"@type\":\"BreadcrumbList\",\"@id\":\"https:\/\/www.gemeinde-untermarchtal.de\/index.php\/fc-marchtal\/#breadcrumb\",\"itemListElement\":[{\"@type\":\"ListItem\",\"position\":1,\"name\":\"Startseite\",\"item\":\"https:\/\/www.gemeinde-untermarchtal.de\/\"},{\"@type\":\"ListItem\",\"position\":2,\"name\":\"FC Marchtal\"}]},{\"@type\":\"WebSite\",\"@id\":\"https:\/\/www.gemeinde-untermarchtal.de\/#website\",\"url\":\"https:\/\/www.gemeinde-untermarchtal.de\/\",\"name\":\"Gemeinde Untermarchtal\",\"description\":\"Gemeinde Untermarchtal\",\"potentialAction\":[{\"@type\":\"SearchAction\",\"target\":{\"@type\":\"EntryPoint\",\"urlTemplate\":\"https:\/\/www.gemeinde-untermarchtal.de\/?s={search_term_string}\"},\"query-input\":{\"@type\":\"PropertyValueSpecification\",\"valueRequired\":true,\"valueName\":\"search_term_string\"}}],\"inLanguage\":\"de\"}]}<\/script>\n<!-- \/ Yoast SEO plugin. -->","yoast_head_json":{"title":"FC Marchtal - Gemeinde Untermarchtal","robots":{"index":"index","follow":"follow","max-snippet":"max-snippet:-1","max-image-preview":"max-image-preview:large","max-video-preview":"max-video-preview:-1"},"canonical":"https:\/\/www.gemeinde-untermarchtal.de\/index.php\/fc-marchtal\/","og_locale":"de_DE","og_type":"article","og_title":"FC Marchtal - Gemeinde Untermarchtal","og_description":"Der FC Marchtal ist ein eigenst\u00e4ndiger Verein, der die beiden ausgelagerten Fu\u00dfballabteilungen des SV Untermarchtal und der SpVgg Obermarchtal beherbergt. Hier haben die Bambinis, die Kinder bis Jugendlichen, die Aktiven so wie auch die Senioren-Fu\u00dfballer die Gelegenheit, sich beim regelm\u00e4\u00dfigen Fu\u00dfballspiel und Training zu messen.","og_url":"https:\/\/www.gemeinde-untermarchtal.de\/index.php\/fc-marchtal\/","og_site_name":"Gemeinde Untermarchtal","article_modified_time":"2023-03-28T16:15:29+00:00","twitter_card":"summary_large_image","twitter_misc":{"Gesch\u00e4tzte Lesezeit":"1\u00a0Minute"},"schema":{"@context":"https:\/\/schema.org","@graph":[{"@type":"WebPage","@id":"https:\/\/www.gemeinde-untermarchtal.de\/index.php\/fc-marchtal\/","url":"https:\/\/www.gemeinde-untermarchtal.de\/index.php\/fc-marchtal\/","name":"FC Marchtal - Gemeinde Untermarchtal","isPartOf":{"@id":"https:\/\/www.gemeinde-untermarchtal.de\/#website"},"datePublished":"2016-08-31T11:52:10+00:00","dateModified":"2023-03-28T16:15:29+00:00","breadcrumb":{"@id":"https:\/\/www.gemeinde-untermarchtal.de\/index.php\/fc-marchtal\/#breadcrumb"},"inLanguage":"de","potentialAction":[{"@type":"ReadAction","target":["https:\/\/www.gemeinde-untermarchtal.de\/index.php\/fc-marchtal\/"]}]},{"@type":"BreadcrumbList","@id":"https:\/\/www.gemeinde-untermarchtal.de\/index.php\/fc-marchtal\/#breadcrumb","itemListElement":[{"@type":"ListItem","position":1,"name":"Startseite","item":"https:\/\/www.gemeinde-untermarchtal.de\/"},{"@type":"ListItem","position":2,"name":"FC Marchtal"}]},{"@type":"WebSite","@id":"https:\/\/www.gemeinde-untermarchtal.de\/#website","url":"https:\/\/www.gemeinde-untermarchtal.de\/","name":"Gemeinde Untermarchtal","description":"Gemeinde Untermarchtal","potentialAction":[{"@type":"SearchAction","target":{"@type":"EntryPoint","urlTemplate":"https:\/\/www.gemeinde-untermarchtal.de\/?s={search_term_string}"},"query-input":{"@type":"PropertyValueSpecification","valueRequired":true,"valueName":"search_term_string"}}],"inLanguage":"de"}]}},"_links":{"self":[{"href":"https:\/\/www.gemeinde-untermarchtal.de\/index.php\/wp-json\/wp\/v2\/pages\/90","targetHints":{"allow":["GET"]}}],"collection":[{"href":"https:\/\/www.gemeinde-untermarchtal.de\/index.php\/wp-json\/wp\/v2\/pages"}],"about":[{"href":"https:\/\/www.gemeinde-untermarchtal.de\/index.php\/wp-json\/wp\/v2\/types\/page"}],"author":[{"embeddable":true,"href":"https:\/\/www.gemeinde-untermarchtal.de\/index.php\/wp-json\/wp\/v2\/users\/1"}],"replies":[{"embeddable":true,"href":"https:\/\/www.gemeinde-untermarchtal.de\/index.php\/wp-json\/wp\/v2\/comments?post=90"}],"version-history":[{"count":22,"href":"https:\/\/www.gemeinde-untermarchtal.de\/index.php\/wp-json\/wp\/v2\/pages\/90\/revisions"}],"predecessor-version":[{"id":4451,"href":"https:\/\/www.gemeinde-untermarchtal.de\/index.php\/wp-json\/wp\/v2\/pages\/90\/revisions\/4451"}],"wp:attachment":[{"href":"https:\/\/www.gemeinde-untermarchtal.de\/index.php\/wp-json\/wp\/v2\/media?parent=90"}],"curies":[{"name":"wp","href":"https:\/\/api.w.org\/{rel}","templated":true}]}}