{"id":93,"date":"2016-08-31T13:54:18","date_gmt":"2016-08-31T11:54:18","guid":{"rendered":"http:\/\/dev.gemeinde-untermarchtal.de\/?page_id=93"},"modified":"2026-01-22T14:56:29","modified_gmt":"2026-01-22T13:56:29","slug":"kindergarten-st-peter","status":"publish","type":"page","link":"https:\/\/www.gemeinde-untermarchtal.de\/index.php\/kindergarten-st-peter\/","title":{"rendered":"Kindergarten St. Peter"},"content":{"rendered":"Die aktuelle gesellschafts- und sozialpolitische Entwicklung zeigt deutlich, dass Kindertageseinrichtungen in zunehmendem Ma\u00dfe eine wichtige Rolle f\u00fcr Erziehung, Bildung und Betreuung spielen. Als familienunterst\u00fctzende Einrichtungen bieten die Kindertagespflege Sonnenschein und der Kindergarten St. Peter in Untermarchtal eine zielgerichtete, professionelle P\u00e4dagogik f\u00fcr die individuelle Pers\u00f6nlichkeitsentwicklung der Kinder an und f\u00f6rdert diese mit vielf\u00e4ltigen Angeboten.\n\nIm Jahr 2021 haben die Gemeinschaft der Barmherzigen Schwestern vom hl. Vinzenz von Paul und die b\u00fcrgerlichen Gemeinden aus Lauterach und Untermarchtal das Betreuungsangebot f\u00fcr Kinder \u2028um eine Kindertagespflege erweitert und damit ein vernetztes Betreuungsangebot vom Kleinkindalter bis zum Ende der Grundschulzeit geschaffen.\n\nDie Kindertagespflege Sonnenschein hat 8 Betreuungspl\u00e4tze f\u00fcr Kinder ab 1 Jahr. Durch den Standort im Wohnpark Maria Hilf sind t\u00e4gliche Begegnungen der verschiedenen Generationen m\u00f6glich.\n\nDer Kindergarten St. Peter arbeitet halboffen und hei\u00dft Kinder und Familien aller Kulturen und Religionen willkommen. Die Kinder im Alter von 3 Jahren bis zur Einschulung sind einer Stammgruppe zugeordnet, das bietet Sicherheit und Orientierung. In der Freispielzeit k\u00f6nnen sie die verschiedenen R\u00e4ume und Spielbereiche des Kindergartens nutzen.","protected":false},"excerpt":{"rendered":"<p>Die aktuelle gesellschafts- und sozialpolitische Entwicklung zeigt deutlich, dass Kindertageseinrichtungen in zunehmendem Ma\u00dfe eine wichtige Rolle f\u00fcr Erziehung, Bildung und Betreuung spielen. Als familienunterst\u00fctzende Einrichtungen bieten die Kindertagespflege Sonnenschein und der Kindergarten St. Peter in Untermarchtal eine zielgerichtete, professionelle P\u00e4dagogik f\u00fcr die individuelle Pers\u00f6nlichkeitsentwicklung der Kinder an und f\u00f6rdert diese mit vielf\u00e4ltigen Angeboten. Im Jahr [&hellip;]<\/p>\n","protected":false},"author":1,"featured_media":0,"parent":0,"menu_order":0,"comment_status":"closed","ping_status":"closed","template":"page-templates\/template_unterseite_sidebar.php","meta":{"_acf_changed":false,"footnotes":""},"class_list":["post-93","page","type-page","status-publish","hentry"],"acf":[],"yoast_head":"<!-- This site is optimized with the Yoast SEO plugin v26.7 - https:\/\/yoast.com\/wordpress\/plugins\/seo\/ -->\n<title>Kindergarten St. Peter in Untermarchtal<\/title>\n<meta name=\"description\" content=\"Kindertageseinrichtungen in zunehmendem Ma\u00dfe eine wichtige Rolle f\u00fcr Erziehung, Bildung und Betreuung spielen. Als familienunterst\u00fctzende Einrichtung\" \/>\n<meta name=\"robots\" content=\"index, follow, max-snippet:-1, max-image-preview:large, max-video-preview:-1\" \/>\n<link rel=\"canonical\" href=\"https:\/\/www.gemeinde-untermarchtal.de\/index.php\/kindergarten-st-peter\/\" \/>\n<meta property=\"og:locale\" content=\"de_DE\" \/>\n<meta property=\"og:type\" content=\"article\" \/>\n<meta property=\"og:title\" content=\"Kindergarten St. Peter in Untermarchtal\" \/>\n<meta property=\"og:description\" content=\"Kindertageseinrichtungen in zunehmendem Ma\u00dfe eine wichtige Rolle f\u00fcr Erziehung, Bildung und Betreuung spielen. Als familienunterst\u00fctzende Einrichtung\" \/>\n<meta property=\"og:url\" content=\"https:\/\/www.gemeinde-untermarchtal.de\/index.php\/kindergarten-st-peter\/\" \/>\n<meta property=\"og:site_name\" content=\"Gemeinde Untermarchtal\" \/>\n<meta property=\"article:modified_time\" content=\"2026-01-22T13:56:29+00:00\" \/>\n<meta name=\"twitter:card\" content=\"summary_large_image\" \/>\n<meta name=\"twitter:label1\" content=\"Gesch\u00e4tzte Lesezeit\" \/>\n\t<meta name=\"twitter:data1\" content=\"1\u00a0Minute\" \/>\n<script type=\"application\/ld+json\" class=\"yoast-schema-graph\">{\"@context\":\"https:\/\/schema.org\",\"@graph\":[{\"@type\":\"WebPage\",\"@id\":\"https:\/\/www.gemeinde-untermarchtal.de\/index.php\/kindergarten-st-peter\/\",\"url\":\"https:\/\/www.gemeinde-untermarchtal.de\/index.php\/kindergarten-st-peter\/\",\"name\":\"Kindergarten St. Peter in Untermarchtal\",\"isPartOf\":{\"@id\":\"https:\/\/www.gemeinde-untermarchtal.de\/#website\"},\"datePublished\":\"2016-08-31T11:54:18+00:00\",\"dateModified\":\"2026-01-22T13:56:29+00:00\",\"description\":\"Kindertageseinrichtungen in zunehmendem Ma\u00dfe eine wichtige Rolle f\u00fcr Erziehung, Bildung und Betreuung spielen. Als familienunterst\u00fctzende Einrichtung\",\"breadcrumb\":{\"@id\":\"https:\/\/www.gemeinde-untermarchtal.de\/index.php\/kindergarten-st-peter\/#breadcrumb\"},\"inLanguage\":\"de\",\"potentialAction\":[{\"@type\":\"ReadAction\",\"target\":[\"https:\/\/www.gemeinde-untermarchtal.de\/index.php\/kindergarten-st-peter\/\"]}]},{\"@type\":\"BreadcrumbList\",\"@id\":\"https:\/\/www.gemeinde-untermarchtal.de\/index.php\/kindergarten-st-peter\/#breadcrumb\",\"itemListElement\":[{\"@type\":\"ListItem\",\"position\":1,\"name\":\"Startseite\",\"item\":\"https:\/\/www.gemeinde-untermarchtal.de\/\"},{\"@type\":\"ListItem\",\"position\":2,\"name\":\"Kindergarten St. Peter\"}]},{\"@type\":\"WebSite\",\"@id\":\"https:\/\/www.gemeinde-untermarchtal.de\/#website\",\"url\":\"https:\/\/www.gemeinde-untermarchtal.de\/\",\"name\":\"Gemeinde Untermarchtal\",\"description\":\"Gemeinde Untermarchtal\",\"potentialAction\":[{\"@type\":\"SearchAction\",\"target\":{\"@type\":\"EntryPoint\",\"urlTemplate\":\"https:\/\/www.gemeinde-untermarchtal.de\/?s={search_term_string}\"},\"query-input\":{\"@type\":\"PropertyValueSpecification\",\"valueRequired\":true,\"valueName\":\"search_term_string\"}}],\"inLanguage\":\"de\"}]}<\/script>\n<!-- \/ Yoast SEO plugin. -->","yoast_head_json":{"title":"Kindergarten St. Peter in Untermarchtal","description":"Kindertageseinrichtungen in zunehmendem Ma\u00dfe eine wichtige Rolle f\u00fcr Erziehung, Bildung und Betreuung spielen. Als familienunterst\u00fctzende Einrichtung","robots":{"index":"index","follow":"follow","max-snippet":"max-snippet:-1","max-image-preview":"max-image-preview:large","max-video-preview":"max-video-preview:-1"},"canonical":"https:\/\/www.gemeinde-untermarchtal.de\/index.php\/kindergarten-st-peter\/","og_locale":"de_DE","og_type":"article","og_title":"Kindergarten St. Peter in Untermarchtal","og_description":"Kindertageseinrichtungen in zunehmendem Ma\u00dfe eine wichtige Rolle f\u00fcr Erziehung, Bildung und Betreuung spielen. Als familienunterst\u00fctzende Einrichtung","og_url":"https:\/\/www.gemeinde-untermarchtal.de\/index.php\/kindergarten-st-peter\/","og_site_name":"Gemeinde Untermarchtal","article_modified_time":"2026-01-22T13:56:29+00:00","twitter_card":"summary_large_image","twitter_misc":{"Gesch\u00e4tzte Lesezeit":"1\u00a0Minute"},"schema":{"@context":"https:\/\/schema.org","@graph":[{"@type":"WebPage","@id":"https:\/\/www.gemeinde-untermarchtal.de\/index.php\/kindergarten-st-peter\/","url":"https:\/\/www.gemeinde-untermarchtal.de\/index.php\/kindergarten-st-peter\/","name":"Kindergarten St. Peter in Untermarchtal","isPartOf":{"@id":"https:\/\/www.gemeinde-untermarchtal.de\/#website"},"datePublished":"2016-08-31T11:54:18+00:00","dateModified":"2026-01-22T13:56:29+00:00","description":"Kindertageseinrichtungen in zunehmendem Ma\u00dfe eine wichtige Rolle f\u00fcr Erziehung, Bildung und Betreuung spielen. Als familienunterst\u00fctzende Einrichtung","breadcrumb":{"@id":"https:\/\/www.gemeinde-untermarchtal.de\/index.php\/kindergarten-st-peter\/#breadcrumb"},"inLanguage":"de","potentialAction":[{"@type":"ReadAction","target":["https:\/\/www.gemeinde-untermarchtal.de\/index.php\/kindergarten-st-peter\/"]}]},{"@type":"BreadcrumbList","@id":"https:\/\/www.gemeinde-untermarchtal.de\/index.php\/kindergarten-st-peter\/#breadcrumb","itemListElement":[{"@type":"ListItem","position":1,"name":"Startseite","item":"https:\/\/www.gemeinde-untermarchtal.de\/"},{"@type":"ListItem","position":2,"name":"Kindergarten St. Peter"}]},{"@type":"WebSite","@id":"https:\/\/www.gemeinde-untermarchtal.de\/#website","url":"https:\/\/www.gemeinde-untermarchtal.de\/","name":"Gemeinde Untermarchtal","description":"Gemeinde Untermarchtal","potentialAction":[{"@type":"SearchAction","target":{"@type":"EntryPoint","urlTemplate":"https:\/\/www.gemeinde-untermarchtal.de\/?s={search_term_string}"},"query-input":{"@type":"PropertyValueSpecification","valueRequired":true,"valueName":"search_term_string"}}],"inLanguage":"de"}]}},"_links":{"self":[{"href":"https:\/\/www.gemeinde-untermarchtal.de\/index.php\/wp-json\/wp\/v2\/pages\/93","targetHints":{"allow":["GET"]}}],"collection":[{"href":"https:\/\/www.gemeinde-untermarchtal.de\/index.php\/wp-json\/wp\/v2\/pages"}],"about":[{"href":"https:\/\/www.gemeinde-untermarchtal.de\/index.php\/wp-json\/wp\/v2\/types\/page"}],"author":[{"embeddable":true,"href":"https:\/\/www.gemeinde-untermarchtal.de\/index.php\/wp-json\/wp\/v2\/users\/1"}],"replies":[{"embeddable":true,"href":"https:\/\/www.gemeinde-untermarchtal.de\/index.php\/wp-json\/wp\/v2\/comments?post=93"}],"version-history":[{"count":30,"href":"https:\/\/www.gemeinde-untermarchtal.de\/index.php\/wp-json\/wp\/v2\/pages\/93\/revisions"}],"predecessor-version":[{"id":5399,"href":"https:\/\/www.gemeinde-untermarchtal.de\/index.php\/wp-json\/wp\/v2\/pages\/93\/revisions\/5399"}],"wp:attachment":[{"href":"https:\/\/www.gemeinde-untermarchtal.de\/index.php\/wp-json\/wp\/v2\/media?parent=93"}],"curies":[{"name":"wp","href":"https:\/\/api.w.org\/{rel}","templated":true}]}}